{"id":2,"date":"2020-04-25T23:36:06","date_gmt":"2020-04-25T23:36:06","guid":{"rendered":"https:\/\/artletshop.com\/?page_id=2"},"modified":"2026-02-17T17:40:42","modified_gmt":"2026-02-17T17:40:42","slug":"faqs-page","status":"publish","type":"page","link":"https:\/\/artletshop.com\/hr\/faqs-page\/","title":{"rendered":"\u010cesto Postavljana Pitanja"},"content":{"rendered":"<h1 class=\"wp-block-heading\">\u010cesto postavljana pitanja (FAQ)<\/h1>\n\n\n\n<h3 class=\"wp-block-heading\">P:  \u0160alje li Artletshop umjetnine u inozemstvo?<\/h3>\n\n\n\n<p>Da, na\u0161e umjetni\u010dke radove \u0161aljemo \u0161irom svijeta, uz iznimke zemalja koje su obuhva\u0107ene me\u0111unarodnim sankcijama ili ograni\u010denjima u po\u0161tanskoj dostavi. To uklju\u010duje, ali nije ograni\u010deno samo na:<\/p>\n\n\n\n<ul class=\"wp-block-list\">\n<li>Afganistan<\/li>\n\n\n\n<li>Bjelorusiju<\/li>\n\n\n\n<li>Burma (Mjanmar)<\/li>\n\n\n\n<li>Sredi\u0161njeafri\u010dku Republiku<\/li>\n\n\n\n<li>Kubu<\/li>\n\n\n\n<li>Iran<\/li>\n\n\n\n<li>Libiju<\/li>\n\n\n\n<li>Sjevernu Koreju<\/li>\n\n\n\n<li>Somaliju<\/li>\n\n\n\n<li>Ju\u017eni Sudan<\/li>\n\n\n\n<li>Sudan<\/li>\n\n\n\n<li>Siriju<\/li>\n\n\n\n<li>Venezuelu<\/li>\n\n\n\n<li>Jemen<\/li>\n<\/ul>\n\n\n\n<p>Ako va\u0161e dr\u017eave nema u opcijama dostave pri pla\u0107anju, molimo vas<strong> <a href=\"https:\/\/artletshop.com\/hr\/\" data-type=\"page\" data-id=\"46\" target=\"_blank\" rel=\"noreferrer noopener\">kontaktirajte nas<\/a><\/strong> kako bismo potvrdili mogu\u0107nost dostave.<\/p>\n\n\n\n<h3 class=\"wp-block-heading\">P: Koliko traje dostava umjetni\u010dkih radova?<\/h3>\n\n\n\n<p>Nakon kupnje, radovi se <strong>pa\u017eljivo pakiraju i pripremaju za slanje u na\u0161em ateljeu u Zagrebu<\/strong>. To obi\u010dno traje <strong>od 1\u20133 radna dana<\/strong>.<\/p>\n\n\n\n<p>Nakon slanja, vrijeme dostave ovisi o udaljenosti i po\u0161tanskoj slu\u017ebi. Uobi\u010dajeno trajanje dostave je:<\/p>\n\n\n\n<ul class=\"wp-block-list\">\n<li><strong>Unutar Hrvatske:<\/strong> 5\u20137 radnih dana<\/li>\n\n\n\n<li><strong>Me\u0111unarodna dostava:<\/strong> pribli\u017eno 10\u201314 radnih dana, ali mo\u017ee potrajati dulje zbog carinskog postupka.<\/li>\n<\/ul>\n\n\n\n<p>Po\u0161iljku \u0107ete mo\u0107i pratiti <strong>putem broja za pra\u0107enje<\/strong> koji \u0107e vam biti poslan e\u2011mailom kada paket napusti na\u0161 studio.<\/p>\n\n\n\n<h3 class=\"wp-block-heading\">P: Kako su umjetnine zapakirane za transport?<\/h3>\n\n\n\n<p>Sve se umjetnine <strong>\u0161alju dobro za\u0161ti\u0107ene u \u010dvrstoj kartonskoj kutiji<\/strong>, u skladu s <strong>me\u0111unarodnim standardima za transport umjetnina, <\/strong>kako bi se osiguralo da stignu neo\u0161te\u0107ene.<\/p>\n\n\n\n<h3 class=\"wp-block-heading\">P: O umjetninama: uokvirivanje i monta\u017ea<\/h3>\n\n\n\n<p>Sve slike <strong>na platnu i \u010dvrstim podlogama<\/strong> dolaze s <strong>instaliranim \u201ckrokodil\u201d nosa\u010dem<\/strong> na stra\u017enjoj strani, \u0161to omogu\u0107uje jednostavno i sigurno postavljanje na zid.<br>Rubovi platna su tako\u0111er oslikani, \u0161to omogu\u0107uje da se postave na zid <strong>bez okvira<\/strong> ili se mogu uokviriti u npr. \u201cplutaju\u0107i\u201d okvir ili bilo koji drugi tip okvira.<\/p>\n\n\n\n<p>Ukoliko je neka od umjetnina ve\u0107 uokvirena i \u0161alje se takva, to \u0107e biti jasno nazna\u010deno na stranici sa detaljima te vidljivo na fotografijama tog rada.<\/p>\n\n\n\n<h3 class=\"wp-block-heading\">P: Autorstvo i Potvrda Autenti\u010dnosti<\/h3>\n\n\n\n<p>Sve na\u0161e umjetnine (slike, skulpture, crte\u017ei i umjetni\u010dke instalacije) su <strong>originalna, unikatna djela<\/strong> i dolaze s <strong>autorskim certifikatom autenti\u010dnosti<\/strong>. Svaki rad na Artletshop.com je<strong> originalna<\/strong>, <strong>kreacija<\/strong> autora,<strong> <a href=\"https:\/\/artletshop.com\/hr\/branka-radonic-bio\/\" data-type=\"page\" data-id=\"459\" target=\"_blank\" rel=\"noreferrer noopener\">Branka Radoni\u0107<\/a><\/strong> ili <strong><a href=\"https:\/\/artletshop.com\/hr\/vjeran-cengic-bio\/\" data-type=\"page\" data-id=\"455\" target=\"_blank\" rel=\"noreferrer noopener\">Vjerana \u010cengi\u0107a.<\/a><\/strong><\/p>\n\n\n\n<h3 class=\"wp-block-heading\">P: Kako je najbolje razumjeti dimenzije umjetnine?<\/h3>\n\n\n\n<p>To\u010dne dimenzije svakog rada navedene su na stranici s detaljima umjetnine u <strong>centimetrima i in\u010dima<\/strong>.<br>Male sli\u010dice u galerijskom prikazu <strong>ne prikazuju stvarnu veli\u010dinu<\/strong> u odnosu na druge radove, stoga provjerite detalje na pojedinoj stranici proizvoda i preporu\u010dujemo da koristite ravnalo ili metar radi lak\u0161eg predo\u010davanja stvarnih dimenzija u prostoru i mjesta gdje planirate postaviti rad.<\/p>\n\n\n\n<h3 class=\"wp-block-heading\">P: Na\u010dini pla\u0107anja<\/h3>\n\n\n\n<p>Prihva\u0107amo vi\u0161e opcija pla\u0107anja:<\/p>\n\n\n\n<ul class=\"wp-block-list\">\n<li><strong>PayPal<\/strong><\/li>\n\n\n\n<li><strong>Kreditne \/ Debitne kartice:<\/strong> Mastercard, Visa, Discover, American Express<\/li>\n\n\n\n<li><strong>Stripe<\/strong><\/li>\n\n\n\n<li><strong>Google Pay<\/strong><\/li>\n\n\n\n<li><strong>Apple Pay<\/strong><\/li>\n\n\n\n<li><strong>izravni bankovni transfer (internet bankarstvo).<\/strong><\/li>\n<\/ul>\n\n\n\n<h3 class=\"wp-block-heading\">P: Fakturiranje<\/h3>\n\n\n\n<p>Za <strong>svaku se kupnju automatski<\/strong> generira ra\u010dun koji vam se \u0161alje e\u2011mailom.<\/p>\n\n\n\n<h3 class=\"wp-block-heading\">P: Povrati (Refunds)<\/h3>\n\n\n\n<p>Povrati se obra\u0111uju na <strong>originalnu metodu pla\u0107anja<\/strong> (PayPal, Stripe, kartica ili bankovni transfer) u roku <strong>od 30 dana nakon primitka<\/strong> vra\u0107ene umjetnine.<\/p>\n\n\n\n<h3 class=\"wp-block-heading\">P: Uvjeti i Odredbe<\/h3>\n\n\n\n<p>Kupnjom putem Artletshop.com prihva\u0107ate i sla\u017eete se s na\u0161im Uvjetima i Odredbama. <a href=\"https:\/\/artletshop.com\/hr\/terms-conditions-page\" data-type=\"link\" data-id=\"https:\/\/artletshop.com\/hr\/terms-conditions-page\" target=\"_blank\" rel=\"noreferrer noopener\"><strong>Uvjeti i Odredbe<\/strong><\/a>.<\/p>\n\n\n\n<h3 class=\"wp-block-heading\">P: Carina i vlasni\u0161tvo<\/h3>\n\n\n\n<p>Sve umjetnine uklju\u010duju <strong>registrirani certifikat vlasni\u0161tva izdan od Ministarstva kulture Republike Hrvatske<\/strong>, \u0161to olak\u0161ava carinski postupak i sprje\u010dava odgode u isporuci.<\/p>\n\n\n\n<p><\/p>\n\n\n\n<h3 class=\"wp-block-heading\">Ukoliko imate dodatnih pitanja, slobodno nam se obratite putem <a href=\"https:\/\/artletshop.com\/hr\/\" data-type=\"page\" data-id=\"46\" target=\"_blank\" rel=\"noreferrer noopener\">kontakt obrasca<\/a> na dnu na\u0161e <a href=\"https:\/\/artletshop.com\/hr\/\" data-type=\"page\" data-id=\"46\" target=\"_blank\" rel=\"noreferrer noopener\">po\u010detnoj stranici<\/a>.<\/h3>\n\n\n\n<hr class=\"wp-block-separator aligncenter has-alpha-channel-opacity\"\/>\n\n\n\n<p><\/p>","protected":false},"excerpt":{"rendered":"<p>Frequently Asked Questions (FAQ) Q: Does Artletshop ship internationally? Yes, our artworks ship worldwide, with the exception of certain countries due to international sanctions or postal restrictions. This includes, but is not limited to: If your country is not listed in our checkout shipping options, please contact us and we will confirm whether delivery is [&hellip;]<\/p>\n","protected":false},"author":1,"featured_media":0,"parent":0,"menu_order":0,"comment_status":"closed","ping_status":"closed","template":"","meta":{"_acf_changed":false,"qubely_global_settings":"true","qubely_interactions":"","ocean_post_layout":"","ocean_both_sidebars_style":"","ocean_both_sidebars_content_width":0,"ocean_both_sidebars_sidebars_width":0,"ocean_sidebar":"0","ocean_second_sidebar":"0","ocean_disable_margins":"enable","ocean_add_body_class":"","ocean_shortcode_before_top_bar":"","ocean_shortcode_after_top_bar":"","ocean_shortcode_before_header":"","ocean_shortcode_after_header":"","ocean_has_shortcode":"","ocean_shortcode_after_title":"","ocean_shortcode_before_footer_widgets":"","ocean_shortcode_after_footer_widgets":"","ocean_shortcode_before_footer_bottom":"","ocean_shortcode_after_footer_bottom":"","ocean_display_top_bar":"default","ocean_display_header":"default","ocean_header_style":"","ocean_center_header_left_menu":"0","ocean_custom_header_template":"0","ocean_custom_logo":0,"ocean_custom_retina_logo":0,"ocean_custom_logo_max_width":0,"ocean_custom_logo_tablet_max_width":0,"ocean_custom_logo_mobile_max_width":0,"ocean_custom_logo_max_height":0,"ocean_custom_logo_tablet_max_height":0,"ocean_custom_logo_mobile_max_height":0,"ocean_header_custom_menu":"0","ocean_menu_typo_font_family":"0","ocean_menu_typo_font_subset":"","ocean_menu_typo_font_size":0,"ocean_menu_typo_font_size_tablet":0,"ocean_menu_typo_font_size_mobile":0,"ocean_menu_typo_font_size_unit":"px","ocean_menu_typo_font_weight":"","ocean_menu_typo_font_weight_tablet":"","ocean_menu_typo_font_weight_mobile":"","ocean_menu_typo_transform":"","ocean_menu_typo_transform_tablet":"","ocean_menu_typo_transform_mobile":"","ocean_menu_typo_line_height":0,"ocean_menu_typo_line_height_tablet":0,"ocean_menu_typo_line_height_mobile":0,"ocean_menu_typo_line_height_unit":"","ocean_menu_typo_spacing":0,"ocean_menu_typo_spacing_tablet":0,"ocean_menu_typo_spacing_mobile":0,"ocean_menu_typo_spacing_unit":"","ocean_menu_link_color":"","ocean_menu_link_color_hover":"","ocean_menu_link_color_active":"","ocean_menu_link_background":"","ocean_menu_link_hover_background":"","ocean_menu_link_active_background":"","ocean_menu_social_links_bg":"","ocean_menu_social_hover_links_bg":"","ocean_menu_social_links_color":"","ocean_menu_social_hover_links_color":"","ocean_disable_title":"default","ocean_disable_heading":"default","ocean_post_title":"","ocean_post_subheading":"","ocean_post_title_style":"","ocean_post_title_background_color":"","ocean_post_title_background":0,"ocean_post_title_bg_image_position":"","ocean_post_title_bg_image_attachment":"","ocean_post_title_bg_image_repeat":"","ocean_post_title_bg_image_size":"","ocean_post_title_height":0,"ocean_post_title_bg_overlay":0.5,"ocean_post_title_bg_overlay_color":"","ocean_disable_breadcrumbs":"default","ocean_breadcrumbs_color":"","ocean_breadcrumbs_separator_color":"","ocean_breadcrumbs_links_color":"","ocean_breadcrumbs_links_hover_color":"","ocean_display_footer_widgets":"default","ocean_display_footer_bottom":"default","ocean_custom_footer_template":"0","footnotes":""},"class_list":["post-2","page","type-page","status-publish","hentry","entry","owp-thumbs-layout-horizontal","owp-btn-normal","owp-tabs-layout-horizontal","has-no-thumbnails","has-product-nav"],"acf":[],"_links":{"self":[{"href":"https:\/\/artletshop.com\/hr\/wp-json\/wp\/v2\/pages\/2","targetHints":{"allow":["GET"]}}],"collection":[{"href":"https:\/\/artletshop.com\/hr\/wp-json\/wp\/v2\/pages"}],"about":[{"href":"https:\/\/artletshop.com\/hr\/wp-json\/wp\/v2\/types\/page"}],"author":[{"embeddable":true,"href":"https:\/\/artletshop.com\/hr\/wp-json\/wp\/v2\/users\/1"}],"replies":[{"embeddable":true,"href":"https:\/\/artletshop.com\/hr\/wp-json\/wp\/v2\/comments?post=2"}],"version-history":[{"count":27,"href":"https:\/\/artletshop.com\/hr\/wp-json\/wp\/v2\/pages\/2\/revisions"}],"predecessor-version":[{"id":2063,"href":"https:\/\/artletshop.com\/hr\/wp-json\/wp\/v2\/pages\/2\/revisions\/2063"}],"wp:attachment":[{"href":"https:\/\/artletshop.com\/hr\/wp-json\/wp\/v2\/media?parent=2"}],"curies":[{"name":"wp","href":"https:\/\/api.w.org\/{rel}","templated":true}]}}