{"id":455,"date":"2025-09-11T22:20:26","date_gmt":"2025-09-11T22:20:26","guid":{"rendered":"https:\/\/artletshop.com\/?page_id=455"},"modified":"2026-02-17T16:46:46","modified_gmt":"2026-02-17T16:46:46","slug":"vjeran-cengic-bio","status":"publish","type":"page","link":"https:\/\/artletshop.com\/hr\/vjeran-cengic-bio\/","title":{"rendered":"Vjeran \u010cengi\u0107 \u2013 Biografija"},"content":{"rendered":"<div class=\"wp-block-qubely-button qubely-block-0561a4\"><div class=\"qubely-block-btn-wrapper\"><div class=\"qubely-block-btn\"><a class=\"qubely-block-btn-anchor is-small\" href=\"https:\/\/artletshop.com\/wp-content\/uploads\/2025\/09\/Vjeran-Cengic-CV.pdf\" target=\"_blank\" rel=\"nofollow noopener noreferrer\">Preuzmi \u017eivotopis (PDF)<\/a><\/div><\/div><\/div>\n\n\n\n<div class=\"wp-block-qubely-button qubely-block-cc800d\"><div class=\"qubely-block-btn-wrapper\"><div class=\"qubely-block-btn\"><a class=\"qubely-block-btn-anchor is-small\" href=\"https:\/\/artletshop.com\/wp-content\/uploads\/2025\/10\/Artwork_Cengic_Catalogue_Artletshop.pdf\" target=\"_blank\" rel=\"nofollow noopener noreferrer\">Preuzmi Katalog Radova Cengic (PDF)<\/a><\/div><\/div><\/div>\n\n\n\n<div class=\"wp-block-group is-vertical is-content-justification-stretch is-layout-flex wp-container-core-group-is-layout-b16ad781 wp-block-group-is-layout-flex\">\n<p class=\"has-text-align-center\" style=\"font-size:18px\"><strong>VJERAN \u010cENGI\u0106<\/strong><\/p>\n\n\n\n<div class=\"wp-block-group\"><div class=\"wp-block-group__inner-container is-layout-constrained wp-block-group-is-layout-constrained\">\n<p class=\"has-text-align-center\" style=\"font-size:17px\">Mag. art, Painter<\/p>\n\n\n\n<p class=\"has-text-align-center\">Medvedgradska 38a, 10000 Zagreb, Hrvatska \/ EU<br>cengicv(at)gmail.com | +385 98 1870 364 | <a href=\"http:\/\/www.studio3divine.hr\" data-type=\"link\" data-id=\"www.studio3divine.hr\" target=\"_blank\" rel=\"noreferrer noopener\">www.studio3divine.hr<\/a> | <a href=\"https:\/\/artletshop.com\/hr\/\" data-type=\"page\" data-id=\"46\" target=\"_blank\" rel=\"noreferrer noopener\">www.artletshop.com<\/a><\/p>\n<\/div><\/div>\n<\/div>\n\n\n\n<hr class=\"wp-block-separator aligncenter has-alpha-channel-opacity\"\/>\n\n\n\n<p><strong>Vjeran \u010cengi\u0107<\/strong> (<em>ro\u0111en u Zagrebu 1979.<\/em>) hrvatski je likovni umjetnik (Mag. art.) \u010dija multidisciplinarna praksa obuhva\u0107a slikarstvo, crte\u017e, grafiku, kiparstvo i umjetni\u010dku instalaciju. Njegov rad u vizualnim umjetnostima prepoznat je kroz nekoliko nagrada i priznanja, koje isti\u010du njegov prepoznatljiv izri\u010daj. Suosniva\u010d je i direktor <strong>STUDIO 3DIVINE-a<\/strong>, kreativnog studia sa sjedi\u0161tem u Zagrebu.<\/p>\n\n\n\n<p>Vjeran je maturirao na <strong>\u0160koli primijenjenih umjetnosti i dizajna, u Zagrebu<\/strong> (Slikarski odjel), te je nastavio studij na <strong>Akademiji likovnih umjetnosti u Zagrebu<\/strong>, gdje je<strong> <\/strong>diplomirao<strong> slikarstvo<\/strong>. Nakon diplome nastavio je <strong>post-diplomski studij<\/strong> slikarstva na <strong>Accademia di Belle Arti u Firenci, Italija.<\/strong> Trenutno \u017eivi i radi u Zagrebu, Hrvatska (EU).<\/p>\n\n\n\n<p>Uz svoju likovnu praksu, Vjeran je izgradio zapa\u017eenu karijeru u filmu kao <strong>art director<\/strong> i <strong>concept artist<\/strong> u <strong>art department-u<\/strong>, doprinosiv\u0161i brojnim filmskim projektima. \u010clan je <strong>Hrvatskog dru\u0161tva filmskih djelatnika <\/strong>(<strong>HDFD-a<\/strong>), vode\u0107e organizacije za filmske djelatnike u zemlji.<\/p>\n\n\n\n<hr class=\"wp-block-separator aligncenter has-alpha-channel-opacity\"\/>\n\n\n\n<h3 class=\"wp-block-heading\">Profesionalno iskustvo<\/h3>\n\n\n\n<p style=\"font-size:15px\">2009 \u2013 danas \u2014 Suosniva\u010d i direktor u STUDIO 3DIVINE d.o.o.<br>2003 \u2013 danas \u2014 Art Direction na Filmu (<a href=\"https:\/\/www.imdb.com\/name\/nm3500315\/\" data-type=\"link\" data-id=\"https:\/\/www.imdb.com\/name\/nm3500315\/\">IMDB<\/a> navedeni projekti)<br>Trenutno \u017eivi i radi u Zagrebu, Hrvatska (EU).<\/p>\n\n\n\n<h3 class=\"wp-block-heading\"><br>Obrazovanje \/ Akademska pozadina<\/h3>\n\n\n\n<p style=\"font-size:15px\">2002\u20132003 \u2014 Postdiplomski studij, Akademija likovnih umjetnosti u Firenci, Italija (Odsjek za slikarstvo, prof. V.<br>M. Canale)<br>2002 \u2014 Diplomirao slikarstvo na Akademiji likovnih umjetnosti, Sveu\u010dili\u0161te u Zagrebu, Hrvatska<br>1998 \u2013 2002 \u2014 Studij slikarstva, Akademija likovnih umjetnosti, Sveu\u010dili\u0161te u Zagrebu<br>1998 \u2014 Maturirao na \u0160koli primijenjenih umjetnosti i dizajna u Zagrebu (odsjek za<br>slikarstvo)<\/p>\n\n\n\n<hr class=\"wp-block-separator aligncenter has-alpha-channel-opacity\"\/>\n\n\n\n<h3 class=\"wp-block-heading\"><br>Samostalne Izlo\u017ebe (selekcija)<\/h3>\n\n\n\n<p style=\"font-size:15px\"><strong>2025 \u2014 Cinematographic Series, Bar Botanicar, Zagreb<br>2018 \u2014 Notitia Intuitiva, Galerija Prica \/ Bunker \u2013 Youth Center, Samobor (Prize solo<br>exhibition, 4th International Triennial of Self-Portraits)<br>2010 \/ 2018 \u2014 Award-winning Street Art Project, International Festival &#8216;Cest is<br>d\u2019Best&#8217;, Park Zrinjevac, Zagreb<br>2006 \u2014 Zlati Ajngel Gallery, Varazdin (Paintings); Town Lodge of the National<br>Museum, Zadar (Spatial installations)<br>2005 \u2014 Cultural Center of Cakovec (Paintings); Croatian Institute of Engineering,<br>Zagreb (Structural paintings); Gallery of Club INA, Zagreb (Paintings)<br>2004\u20132001 \u2014 Numerous early exhibitions in Zagreb (Mocvara Gallery, Augusta<br>Cesarca Library, Novi Zagreb Book-Room, Travno Children\u2019s Nursery)<\/strong><\/p>\n\n\n\n<h3 class=\"wp-block-heading\"><br>Izabrane Grupne Izlo\u017ebe<\/h3>\n\n\n\n<p><br><strong>2018 \u2014 4th International Triennial of Self-Portraits &#8216;The Concept About Us&#8217;, Galerija<br>Prica, Samobor<br>2017 \u2014 Day of Botanical Art and Illustration, Botanical Garden, Faculty of Science,<br>University of Zagreb<br>2013\u20132016 \u2014 International Exhibition of Miniatures (Celje, Zapresic, Sarajevo,<br>Belgrade, Novi Sad)<br>2011\u20132010 \u2014 Annual exhibitions of ULS members (Zapresic, Kutina)<br>2008 \u2014 The Mimara Museum, Zagreb (4th Competition Exhibition of Passion<br>Heritage)<br>2006 \u2014 Gallery Koprivnica (Drava Art Annale); Carlsberg Croatia Contemporary Art<br>Collection, Koprivnica; Gallery of the City of Krapina (Zagorje Fine Art Salon)<br>2002 \u2014 HT Center, Zagreb<br>1998 \u2014 Izidor Krsnjavi Salon, Zagreb (School of Applied Arts and Design Graduation<br>Exhibition)<\/strong><\/p>\n\n\n\n<h3 class=\"wp-block-heading\"><br>Nagrade i Priznanja<\/h3>\n\n\n\n<p style=\"font-size:15px\"><br>2018 \u2014 First Prize, 4th International Triennial of Self-Portraits &#8216;The Concept About Us&#8217;<br>2007 \u2014 First Prize, INA Competition for Visual Arts Creation<br>2005\/2006 \u2014 Special Award for Most Creative Work, Dubrovnik (International Festival of<br>Nativity and Christmas Customs)<br>2005 \u2014 Second Prize, Tuborg Award, Koprivnica (3rd Drava Art Annale)<br>2002 \u2014 Commendation, Council of the Academy of Fine Arts, Zagreb (4th year)<br>1998\u20132002 \u2014 National Scholarship for First Place at the Academy of Fine Arts Entrance<br>Exam, Zagreb<br>1998 \u2014 Commendation, Council of the Academy of Fine Arts, Zagreb (1st year)<\/p>\n\n\n\n<h3 class=\"wp-block-heading\"><br>\u010clanstva u Organizacijama<\/h3>\n\n\n\n<p style=\"font-size:15px\"><br>\u010clan HDFD-a (Hrvatsko dru\u0161tvo filmskih djelatnika)<\/p>\n\n\n\n<h3 class=\"wp-block-heading\"><br>Kontakt<\/h3>\n\n\n\n<div class=\"wp-block-group is-vertical is-content-justification-left is-layout-flex wp-container-core-group-is-layout-c0ca7d81 wp-block-group-is-layout-flex\">\n<p style=\"font-size:15px\">E-mail: cengicv(at)gmail.com<\/p>\n\n\n\n<p style=\"font-size:15px\">Mobitel: +385 98 1870 364<\/p>\n\n\n\n<p style=\"font-size:15px\">Adresa: Medvedgradska 38A, 10000 Zagreb, Hrvatska. (EU)<\/p>\n\n\n\n<p style=\"font-size:15px\"><br>Internetske stranice: <a href=\"http:\/\/www.studio3divine.hr\" data-type=\"link\" data-id=\"www.studio3divine.hr\" target=\"_blank\" rel=\"noreferrer noopener\">www.studio3divine.hr<\/a> | <a href=\"https:\/\/artletshop.com\/hr\/\" data-type=\"page\" data-id=\"46\" target=\"_blank\" rel=\"noreferrer noopener\">www.artletshop.com<\/a><\/p>\n<\/div>\n\n\n\n<p><\/p>\n\n\n\n<h3 class=\"wp-block-heading\">Dru\u0161tvene Mre\u017ee<\/h3>\n\n\n\n<ul class=\"wp-block-social-links alignleft has-small-icon-size has-visible-labels has-icon-color is-style-pill-shape is-horizontal is-layout-flex wp-block-social-links-is-layout-flex\"><li style=\"color:#ffffff;\" class=\"wp-social-link wp-social-link-facebook has-white-color wp-block-social-link\"><a rel=\"noopener nofollow\" target=\"_blank\" href=\"https:\/\/www.facebook.com\/vjeran.cengic\" class=\"wp-block-social-link-anchor\"><svg width=\"24\" height=\"24\" viewbox=\"0 0 24 24\" version=\"1.1\" xmlns=\"http:\/\/www.w3.org\/2000\/svg\" aria-hidden=\"true\" focusable=\"false\"><path d=\"M12 2C6.5 2 2 6.5 2 12c0 5 3.7 9.1 8.4 9.9v-7H7.9V12h2.5V9.8c0-2.5 1.5-3.9 3.8-3.9 1.1 0 2.2.2 2.2.2v2.5h-1.3c-1.2 0-1.6.8-1.6 1.6V12h2.8l-.4 2.9h-2.3v7C18.3 21.1 22 17 22 12c0-5.5-4.5-10-10-10z\"><\/path><\/svg><span class=\"wp-block-social-link-label\">Facebook<\/span><\/a><\/li>\n\n<li style=\"color:#ffffff;\" class=\"wp-social-link wp-social-link-instagram has-white-color wp-block-social-link\"><a rel=\"noopener nofollow\" target=\"_blank\" href=\"https:\/\/www.instagram.com\/mitzek\/\" class=\"wp-block-social-link-anchor\"><svg width=\"24\" height=\"24\" viewbox=\"0 0 24 24\" version=\"1.1\" xmlns=\"http:\/\/www.w3.org\/2000\/svg\" aria-hidden=\"true\" focusable=\"false\"><path d=\"M12,4.622c2.403,0,2.688,0.009,3.637,0.052c0.877,0.04,1.354,0.187,1.671,0.31c0.42,0.163,0.72,0.358,1.035,0.673 c0.315,0.315,0.51,0.615,0.673,1.035c0.123,0.317,0.27,0.794,0.31,1.671c0.043,0.949,0.052,1.234,0.052,3.637 s-0.009,2.688-0.052,3.637c-0.04,0.877-0.187,1.354-0.31,1.671c-0.163,0.42-0.358,0.72-0.673,1.035 c-0.315,0.315-0.615,0.51-1.035,0.673c-0.317,0.123-0.794,0.27-1.671,0.31c-0.949,0.043-1.233,0.052-3.637,0.052 s-2.688-0.009-3.637-0.052c-0.877-0.04-1.354-0.187-1.671-0.31c-0.42-0.163-0.72-0.358-1.035-0.673 c-0.315-0.315-0.51-0.615-0.673-1.035c-0.123-0.317-0.27-0.794-0.31-1.671C4.631,14.688,4.622,14.403,4.622,12 s0.009-2.688,0.052-3.637c0.04-0.877,0.187-1.354,0.31-1.671c0.163-0.42,0.358-0.72,0.673-1.035 c0.315-0.315,0.615-0.51,1.035-0.673c0.317-0.123,0.794-0.27,1.671-0.31C9.312,4.631,9.597,4.622,12,4.622 M12,3 C9.556,3,9.249,3.01,8.289,3.054C7.331,3.098,6.677,3.25,6.105,3.472C5.513,3.702,5.011,4.01,4.511,4.511 c-0.5,0.5-0.808,1.002-1.038,1.594C3.25,6.677,3.098,7.331,3.054,8.289C3.01,9.249,3,9.556,3,12c0,2.444,0.01,2.751,0.054,3.711 c0.044,0.958,0.196,1.612,0.418,2.185c0.23,0.592,0.538,1.094,1.038,1.594c0.5,0.5,1.002,0.808,1.594,1.038 c0.572,0.222,1.227,0.375,2.185,0.418C9.249,20.99,9.556,21,12,21s2.751-0.01,3.711-0.054c0.958-0.044,1.612-0.196,2.185-0.418 c0.592-0.23,1.094-0.538,1.594-1.038c0.5-0.5,0.808-1.002,1.038-1.594c0.222-0.572,0.375-1.227,0.418-2.185 C20.99,14.751,21,14.444,21,12s-0.01-2.751-0.054-3.711c-0.044-0.958-0.196-1.612-0.418-2.185c-0.23-0.592-0.538-1.094-1.038-1.594 c-0.5-0.5-1.002-0.808-1.594-1.038c-0.572-0.222-1.227-0.375-2.185-0.418C14.751,3.01,14.444,3,12,3L12,3z M12,7.378 c-2.552,0-4.622,2.069-4.622,4.622S9.448,16.622,12,16.622s4.622-2.069,4.622-4.622S14.552,7.378,12,7.378z M12,15 c-1.657,0-3-1.343-3-3s1.343-3,3-3s3,1.343,3,3S13.657,15,12,15z M16.804,6.116c-0.596,0-1.08,0.484-1.08,1.08 s0.484,1.08,1.08,1.08c0.596,0,1.08-0.484,1.08-1.08S17.401,6.116,16.804,6.116z\"><\/path><\/svg><span class=\"wp-block-social-link-label\">Instagram<\/span><\/a><\/li>\n\n<li style=\"color:#ffffff;\" class=\"wp-social-link wp-social-link-behance has-white-color wp-block-social-link\"><a rel=\"noopener nofollow\" target=\"_blank\" href=\"https:\/\/www.behance.net\/cengic_vjeran\" class=\"wp-block-social-link-anchor\"><svg width=\"24\" height=\"24\" viewbox=\"0 0 24 24\" version=\"1.1\" xmlns=\"http:\/\/www.w3.org\/2000\/svg\" aria-hidden=\"true\" focusable=\"false\"><path d=\"M7.799,5.698c0.589,0,1.12,0.051,1.606,0.156c0.482,0.102,0.894,0.273,1.241,0.507c0.344,0.235,0.612,0.546,0.804,0.938 c0.188,0.387,0.281,0.871,0.281,1.443c0,0.619-0.141,1.137-0.421,1.551c-0.284,0.413-0.7,0.751-1.255,1.014 c0.756,0.218,1.317,0.601,1.689,1.146c0.374,0.549,0.557,1.205,0.557,1.975c0,0.623-0.12,1.161-0.359,1.612 c-0.241,0.457-0.569,0.828-0.973,1.114c-0.408,0.288-0.876,0.5-1.399,0.637C9.052,17.931,8.514,18,7.963,18H2V5.698H7.799 M7.449,10.668c0.481,0,0.878-0.114,1.192-0.345c0.311-0.228,0.463-0.603,0.463-1.119c0-0.286-0.051-0.523-0.152-0.707 C8.848,8.315,8.711,8.171,8.536,8.07C8.362,7.966,8.166,7.894,7.94,7.854c-0.224-0.044-0.457-0.06-0.697-0.06H4.709v2.874H7.449z M7.6,15.905c0.267,0,0.521-0.024,0.759-0.077c0.243-0.053,0.457-0.137,0.637-0.261c0.182-0.12,0.332-0.283,0.441-0.491 C9.547,14.87,9.6,14.602,9.6,14.278c0-0.633-0.18-1.084-0.533-1.357c-0.356-0.27-0.83-0.404-1.413-0.404H4.709v3.388L7.6,15.905z M16.162,15.864c0.367,0.358,0.897,0.538,1.583,0.538c0.493,0,0.92-0.125,1.277-0.374c0.354-0.248,0.571-0.514,0.654-0.79h2.155 c-0.347,1.072-0.872,1.838-1.589,2.299C19.534,18,18.67,18.23,17.662,18.23c-0.701,0-1.332-0.113-1.899-0.337 c-0.567-0.227-1.041-0.544-1.439-0.958c-0.389-0.415-0.689-0.907-0.904-1.484c-0.213-0.574-0.32-1.21-0.32-1.899 c0-0.666,0.11-1.288,0.329-1.863c0.222-0.577,0.529-1.075,0.933-1.492c0.406-0.42,0.885-0.751,1.444-0.994 c0.558-0.241,1.175-0.363,1.857-0.363c0.754,0,1.414,0.145,1.98,0.44c0.563,0.291,1.026,0.686,1.389,1.181 c0.363,0.493,0.622,1.057,0.783,1.69c0.16,0.632,0.217,1.292,0.171,1.983h-6.428C15.557,14.84,15.795,15.506,16.162,15.864 M18.973,11.184c-0.291-0.321-0.783-0.496-1.384-0.496c-0.39,0-0.714,0.066-0.973,0.2c-0.254,0.132-0.461,0.297-0.621,0.491 c-0.157,0.197-0.265,0.405-0.328,0.628c-0.063,0.217-0.101,0.413-0.111,0.587h3.98C19.478,11.969,19.265,11.509,18.973,11.184z M15.057,7.738h4.985V6.524h-4.985L15.057,7.738z\"><\/path><\/svg><span class=\"wp-block-social-link-label\">Behance<\/span><\/a><\/li>\n\n<li style=\"color:#ffffff;\" class=\"wp-social-link wp-social-link-threads has-white-color wp-block-social-link\"><a rel=\"noopener nofollow\" target=\"_blank\" href=\"https:\/\/www.threads.com\/@mitzek\" class=\"wp-block-social-link-anchor\"><svg width=\"24\" height=\"24\" viewbox=\"0 0 24 24\" version=\"1.1\" xmlns=\"http:\/\/www.w3.org\/2000\/svg\" aria-hidden=\"true\" focusable=\"false\"><path d=\"M16.3 11.3c-.1 0-.2-.1-.2-.1-.1-2.6-1.5-4-3.9-4-1.4 0-2.6.6-3.3 1.7l1.3.9c.5-.8 1.4-1 2-1 .8 0 1.4.2 1.7.7.3.3.5.8.5 1.3-.7-.1-1.4-.2-2.2-.1-2.2.1-3.7 1.4-3.6 3.2 0 .9.5 1.7 1.3 2.2.7.4 1.5.6 2.4.6 1.2-.1 2.1-.5 2.7-1.3.5-.6.8-1.4.9-2.4.6.3 1 .8 1.2 1.3.4.9.4 2.4-.8 3.6-1.1 1.1-2.3 1.5-4.3 1.5-2.1 0-3.8-.7-4.8-2S5.7 14.3 5.7 12c0-2.3.5-4.1 1.5-5.4 1.1-1.3 2.7-2 4.8-2 2.2 0 3.8.7 4.9 2 .5.7.9 1.5 1.2 2.5l1.5-.4c-.3-1.2-.8-2.2-1.5-3.1-1.3-1.7-3.3-2.6-6-2.6-2.6 0-4.7.9-6 2.6C4.9 7.2 4.3 9.3 4.3 12s.6 4.8 1.9 6.4c1.4 1.7 3.4 2.6 6 2.6 2.3 0 4-.6 5.3-2 1.8-1.8 1.7-4 1.1-5.4-.4-.9-1.2-1.7-2.3-2.3zm-4 3.8c-1 .1-2-.4-2-1.3 0-.7.5-1.5 2.1-1.6h.5c.6 0 1.1.1 1.6.2-.2 2.3-1.3 2.7-2.2 2.7z\"\/><\/svg><span class=\"wp-block-social-link-label\">Threads<\/span><\/a><\/li>\n\n<li style=\"color:#ffffff;\" class=\"wp-social-link wp-social-link-tumblr has-white-color wp-block-social-link\"><a rel=\"noopener nofollow\" target=\"_blank\" href=\"https:\/\/mitzek.tumblr.com\/\" class=\"wp-block-social-link-anchor\"><svg width=\"24\" height=\"24\" viewbox=\"0 0 24 24\" version=\"1.1\" xmlns=\"http:\/\/www.w3.org\/2000\/svg\" aria-hidden=\"true\" focusable=\"false\"><path d=\"M17.04 21.28h-3.28c-2.84 0-4.94-1.37-4.94-5.02v-5.67H6.08V7.5c2.93-.73 4.11-3.3 4.3-5.48h3.01v4.93h3.47v3.65H13.4v4.93c0 1.47.73 2.01 1.92 2.01h1.73v3.75z\" \/><\/path><\/svg><span class=\"wp-block-social-link-label\">Tumblr<\/span><\/a><\/li><\/ul>\n\n\n\n<div class=\"wp-block-columns is-layout-flex wp-container-core-columns-is-layout-9d6595d7 wp-block-columns-is-layout-flex\">\n<div class=\"wp-block-column is-layout-flow wp-block-column-is-layout-flow\" style=\"flex-basis:100%\"><\/div>\n\n\n\n<div class=\"wp-block-column is-layout-flow wp-block-column-is-layout-flow\"><\/div>\n<\/div>\n\n\n\n<p><\/p>\n\n\n\n<hr class=\"wp-block-separator aligncenter has-alpha-channel-opacity\"\/>\n\n\n\n<h2 class=\"wp-block-heading\">Izjave Umjetnika :<\/h2>\n\n\n\n<h3 class=\"wp-block-heading\">Notitia Intuitiva \/ 2017 - danas<\/h3>\n\n\n\n<blockquote class=\"wp-block-quote is-layout-flow wp-block-quote-is-layout-flow\">\n<p style=\"font-size:15px\">Moje slikarstvo nastaje iz dubokih intimnih slojeva unutarnje stvarnosti. Ono je dnevnik osje\u0107anja i iskustava. Kroz naizgled razli\u010dite motive i medije osje\u0107am univerzalno, no duboko osobno: simbole i znakove izvora, intuicije i kreativnosti, introspektivnu povezanost izme\u0111u stvarnog i imaginarnog, budne svijesti i vividnih snova.<\/p>\n<\/blockquote>\n\n\n\n<blockquote class=\"wp-block-quote is-layout-flow wp-block-quote-is-layout-flow\">\n<p style=\"font-size:15px\">Vjerujem kako slikarstvo nije gotov odgovor ni zaklju\u010dak, ve\u0107 prostor mogu\u0107nosti i nadahnu\u0107a. Moj proces spontan i energi\u010dan, de\u0161ava se u trenutku bez skrivanja i uljep\u0161avanja. Vjerujem da se autenti\u010dnost krije u spontanom \u010dinu suo\u010davanja, i da sve nesavr\u0161enosti u tom aktu koncentriraju esenciju umjetnosti. \u010cine ju stvarnom, krhkom i bliskom. Donose iskreno iznena\u0111enje i velike trenutke otkrivenja. Boja i povr\u0161ina zvonki su izraz vjernosti unutarnjem svijetu. U \u010dinu slikanja postaju istinski va\u017eni i dragocijeni, kao svjetlucave zvijezde koje u tamnoj no\u0107i pokazuju put i vode nas doma. Svi potezi i slojevi, nanosi pigmenata, teksture, oblici utjelovljuju emocionalni krajolik slike.<\/p>\n<\/blockquote>\n\n\n\n<blockquote class=\"wp-block-quote is-layout-flow wp-block-quote-is-layout-flow\">\n<p style=\"font-size:15px\">Kroz svoj rad nastojim otkriti skriveno i neo\u010dekivano, kre\u010du\u0107i se rubom kontrole. \u017delim otvoriti prostor za introspekciju, promi\u0161ljanje i prepoznavanje unutarnjih slika. To su slike koje le\u017ee ispod povr\u0161ine sada\u0161njeg trenutka, odjekuju\u0107i u dubini unutarnjeg svijeta promatra\u010da.<\/p>\n<\/blockquote>\n\n\n\n<hr class=\"wp-block-separator aligncenter has-alpha-channel-opacity\"\/>\n\n\n\n<h3 class=\"wp-block-heading\">Kinematografska serija \/ 2021. \u2013 danas<\/h3>\n\n\n\n<blockquote class=\"wp-block-quote is-layout-flow wp-block-quote-is-layout-flow\">\n<p style=\"font-size:15px\">Kinematografska serija ozna\u010dava ciklus radova, zapo\u010det krajem 2021., te traje do danas. Kroz te akromatske i monokromatske slike gradim jedinstven slikarski sustav i istra\u017eujem nenametljive, gotovo minimalisti\u010dke pristupe slikanju na ne prepariranom sirovom lanenom platnu. Tehnika se raspli\u0107e spontano, prvenstveno je vo\u0111ena svojstvima materijala. Kombiniram razli\u010dite medije i tehnike: aerosol, ulje, akrilik, smole, veziva i druge materijale, koji pro\u0161iruju jezik povr\u0161ine i daju joj \u0161irok spektar razli\u010ditih vrijednosti.<\/p>\n<\/blockquote>\n\n\n\n<blockquote class=\"wp-block-quote is-layout-flow wp-block-quote-is-layout-flow\">\n<p>Serija istra\u017euje vizualno reducirane klasi\u010dne motive mrtve prirode i prirodne svjetlosne pojave u interijeru: presavijena draperija, platno sa bo\u010dnim osvjetljenjem ili udaljene siluete predmeta i biljaka s prozora precrtane na zid. No smanjuju\u0107i opisne elemente i koriste\u0107i negativni prostor, ovi se motivi kre\u0107u izme\u0111u apstraktnih minimalisti\u010dkih formi sugestija i prepoznatljive figurativne prisutnosti.<\/p>\n<\/blockquote>\n\n\n\n<blockquote class=\"wp-block-quote is-layout-flow wp-block-quote-is-layout-flow\">\n<p style=\"font-size:15px\">Svjetlo i sjena nisu samo opti\u010dki fenomeni, ve\u0107 konkretni tragovi materije. Taktilni impasto potezi, guste teksture i slojevite forme nano\u0161ene kistovima i slikarskim \u0161pahtlama bez ispravljanja. Draperija postaje likovni ritam nabora, sjene se prote\u017eu u duge siluete, a predmeti se rastapaju u pre-eksponiranim fragmentima poteza ruku. Svaka slika istra\u017euje finu granicu izme\u0111u figurativnog i apstraktnog, kao \u010din izveden u jednom poku\u0161aju, surov i neponovljiv, no jasno idejno definiran.<\/p>\n<\/blockquote>\n\n\n\n<hr class=\"wp-block-separator aligncenter has-alpha-channel-opacity\"\/>\n\n\n\n<p><\/p>","protected":false},"excerpt":{"rendered":"<p>VJERAN CENGIC Mag. art, Painter Medvedgradska 38A, 10000 Zagreb, Croatiacengicv(at)gmail.com | +385 98 1870 364 | www.studio3divine.hr | www.artletshop.com Vjeran \u010cengi\u0107 (b. Zagreb, 1979) is a Croatian visual artist (Mag. Art.) whose multidisciplinary practice spans painting, drawing, graphics, sculpture and art installation. His work in visual arts has been recognized with several awards and recognitions [&hellip;]<\/p>\n","protected":false},"author":1,"featured_media":0,"parent":0,"menu_order":0,"comment_status":"closed","ping_status":"closed","template":"","meta":{"_acf_changed":false,"qubely_global_settings":"","qubely_interactions":"","ocean_post_layout":"","ocean_both_sidebars_style":"","ocean_both_sidebars_content_width":0,"ocean_both_sidebars_sidebars_width":0,"ocean_sidebar":"","ocean_second_sidebar":"","ocean_disable_margins":"enable","ocean_add_body_class":"","ocean_shortcode_before_top_bar":"","ocean_shortcode_after_top_bar":"","ocean_shortcode_before_header":"","ocean_shortcode_after_header":"","ocean_has_shortcode":"","ocean_shortcode_after_title":"","ocean_shortcode_before_footer_widgets":"","ocean_shortcode_after_footer_widgets":"","ocean_shortcode_before_footer_bottom":"","ocean_shortcode_after_footer_bottom":"","ocean_display_top_bar":"default","ocean_display_header":"default","ocean_header_style":"","ocean_center_header_left_menu":"","ocean_custom_header_template":"","ocean_custom_logo":0,"ocean_custom_retina_logo":0,"ocean_custom_logo_max_width":0,"ocean_custom_logo_tablet_max_width":0,"ocean_custom_logo_mobile_max_width":0,"ocean_custom_logo_max_height":0,"ocean_custom_logo_tablet_max_height":0,"ocean_custom_logo_mobile_max_height":0,"ocean_header_custom_menu":"","ocean_menu_typo_font_family":"","ocean_menu_typo_font_subset":"","ocean_menu_typo_font_size":0,"ocean_menu_typo_font_size_tablet":0,"ocean_menu_typo_font_size_mobile":0,"ocean_menu_typo_font_size_unit":"px","ocean_menu_typo_font_weight":"","ocean_menu_typo_font_weight_tablet":"","ocean_menu_typo_font_weight_mobile":"","ocean_menu_typo_transform":"","ocean_menu_typo_transform_tablet":"","ocean_menu_typo_transform_mobile":"","ocean_menu_typo_line_height":0,"ocean_menu_typo_line_height_tablet":0,"ocean_menu_typo_line_height_mobile":0,"ocean_menu_typo_line_height_unit":"","ocean_menu_typo_spacing":0,"ocean_menu_typo_spacing_tablet":0,"ocean_menu_typo_spacing_mobile":0,"ocean_menu_typo_spacing_unit":"","ocean_menu_link_color":"","ocean_menu_link_color_hover":"","ocean_menu_link_color_active":"","ocean_menu_link_background":"","ocean_menu_link_hover_background":"","ocean_menu_link_active_background":"","ocean_menu_social_links_bg":"","ocean_menu_social_hover_links_bg":"","ocean_menu_social_links_color":"","ocean_menu_social_hover_links_color":"","ocean_disable_title":"default","ocean_disable_heading":"default","ocean_post_title":"","ocean_post_subheading":"","ocean_post_title_style":"","ocean_post_title_background_color":"","ocean_post_title_background":0,"ocean_post_title_bg_image_position":"","ocean_post_title_bg_image_attachment":"","ocean_post_title_bg_image_repeat":"","ocean_post_title_bg_image_size":"","ocean_post_title_height":0,"ocean_post_title_bg_overlay":0.5,"ocean_post_title_bg_overlay_color":"","ocean_disable_breadcrumbs":"default","ocean_breadcrumbs_color":"","ocean_breadcrumbs_separator_color":"","ocean_breadcrumbs_links_color":"","ocean_breadcrumbs_links_hover_color":"","ocean_display_footer_widgets":"default","ocean_display_footer_bottom":"default","ocean_custom_footer_template":"","footnotes":""},"class_list":["post-455","page","type-page","status-publish","hentry","entry","owp-thumbs-layout-horizontal","owp-btn-normal","owp-tabs-layout-horizontal","has-no-thumbnails","has-product-nav"],"acf":[],"_links":{"self":[{"href":"https:\/\/artletshop.com\/hr\/wp-json\/wp\/v2\/pages\/455","targetHints":{"allow":["GET"]}}],"collection":[{"href":"https:\/\/artletshop.com\/hr\/wp-json\/wp\/v2\/pages"}],"about":[{"href":"https:\/\/artletshop.com\/hr\/wp-json\/wp\/v2\/types\/page"}],"author":[{"embeddable":true,"href":"https:\/\/artletshop.com\/hr\/wp-json\/wp\/v2\/users\/1"}],"replies":[{"embeddable":true,"href":"https:\/\/artletshop.com\/hr\/wp-json\/wp\/v2\/comments?post=455"}],"version-history":[{"count":61,"href":"https:\/\/artletshop.com\/hr\/wp-json\/wp\/v2\/pages\/455\/revisions"}],"predecessor-version":[{"id":2061,"href":"https:\/\/artletshop.com\/hr\/wp-json\/wp\/v2\/pages\/455\/revisions\/2061"}],"wp:attachment":[{"href":"https:\/\/artletshop.com\/hr\/wp-json\/wp\/v2\/media?parent=455"}],"curies":[{"name":"wp","href":"https:\/\/api.w.org\/{rel}","templated":true}]}}