{"id":459,"date":"2025-09-11T22:29:48","date_gmt":"2025-09-11T22:29:48","guid":{"rendered":"https:\/\/artletshop.com\/?page_id=459"},"modified":"2026-02-17T14:27:23","modified_gmt":"2026-02-17T14:27:23","slug":"branka-radonic-bio","status":"publish","type":"page","link":"https:\/\/artletshop.com\/hr\/branka-radonic-bio\/","title":{"rendered":"Branka Radoni\u0107 \u2013 Biografija"},"content":{"rendered":"<div class=\"wp-block-qubely-button qubely-block-9393cd\"><div class=\"qubely-block-btn-wrapper\"><div class=\"qubely-block-btn\"><a class=\"qubely-block-btn-anchor is-small\" href=\"https:\/\/artletshop.com\/wp-content\/uploads\/2025\/09\/Branka-Radonic-CV.pdf\" target=\"_blank\" rel=\"nofollow noopener noreferrer\">Preuzmi \u017eivotopis (PDF)<\/a><\/div><\/div><\/div>\n\n\n\n<div class=\"wp-block-qubely-button qubely-block-ad86fc\"><div class=\"qubely-block-btn-wrapper\"><div class=\"qubely-block-btn\"><a class=\"qubely-block-btn-anchor is-small\" href=\"https:\/\/artletshop.com\/wp-content\/uploads\/2025\/10\/ARTWORK_B_Radonic_Catalogue_2025_26_ARTLETSHOP.pdf\" target=\"_blank\" rel=\"nofollow noopener noreferrer\">Preuzmi Katalog Radova Radoni\u0107 (PDF)<\/a><\/div><\/div><\/div>\n\n\n\n<h2 class=\"wp-block-heading has-text-align-center\">BRANKA RADONI\u0106<\/h2>\n\n\n\n<h4 class=\"wp-block-heading has-text-align-center\">Slikarica, Kiparica, Dizajnerica<\/h4>\n\n\n\n<p class=\"has-text-align-center\" style=\"font-size:15px\">Trnsko 18E, 10020 Novi Zagreb, Hrvatska<br>branka.radonic(at)gmail.com | +385 95 88 34 554 | <a href=\"https:\/\/www.studio3divine.hr\/\" data-type=\"link\" data-id=\"https:\/\/www.studio3divine.hr\/\" target=\"_blank\" rel=\"noreferrer noopener\">www.studio3divine.hr<\/a> | <a href=\"https:\/\/artletshop.com\/hr\/\" data-type=\"page\" data-id=\"46\" target=\"_blank\" rel=\"noreferrer noopener\">www.artletshop.com<\/a><\/p>\n\n\n\n<hr class=\"wp-block-separator aligncenter has-alpha-channel-opacity is-style-wide\"\/>\n\n\n\n<p><strong>Branka Radoni\u0107 <\/strong>(<em>ro\u0111ena u Zagrebu 1976.<\/em>) hrvatska je likovna umjetnica i dizajnerica \u010diji rad obuhva\u0107a slikarstvo, kiparstvo, crte\u017e, tekstilnu umjetnost i umjetni\u010dku instalaciju. Suosniva\u010dica je<strong> STUDIO 3DIVINE-a<\/strong>, kreativnog studia sa sjedi\u0161tem u Zagrebu. Tako\u0111er je izgradila uglednu karijeru u filmu rade\u0107i kao set dizajner i set dekorator \/ art department. (<a href=\"https:\/\/www.imdb.com\/name\/nm3500397\/\" data-type=\"link\" data-id=\"https:\/\/www.imdb.com\/name\/nm3500397\/\" target=\"_blank\" rel=\"noreferrer noopener nofollow\">IMDB<\/a> navedeno). \u017divi i radi u Zagrebu, Hrvatska (EU). Branka je maturirala na<strong> \u0160koli za modu i dizajn, Zagreb<\/strong>, <strong>Odsjek za tekstil i modni dizajn.<\/strong><\/p>\n\n\n\n<p>Tako\u0111er je poha\u0111ala <strong>Thurrock Technical College u Graysu, Ujedinjeno Kraljevstvo<\/strong>, i nastavila klasi\u010dno likovno obrazovanje na<strong> Accademia di Belle Arti u Firenci, Italija<\/strong> (Odsjek za slikarstvo, prof. G. Giulietti). \u010clanica je <strong>ULUPUH-a <\/strong>(Hrvatska udruga likovnih umjetnika primijenjenih umjetnosti) i <strong>HDFD-a<\/strong> (Hrvatsko dru\u0161tvo filmskih djelatnika).<\/p>\n\n\n\n<hr class=\"wp-block-separator aligncenter has-alpha-channel-opacity is-style-wide\"\/>\n\n\n\n<h2 class=\"wp-block-heading has-text-align-center\">Izjava umjetnika<\/h2>\n\n\n\n<blockquote class=\"wp-block-quote is-layout-flow wp-block-quote-is-layout-flow\">\n<p class=\"has-small-font-size\">Svojim radom istra\u017eujem granice izme\u0111u tekstila, crte\u017ea i kiparstva, koriste\u0107i kudelju, boju i razli\u010dita veziva kao primarne materijale. Nitima oblikujem forme koje zra\u010de prostornom dinamikom, slojevito\u0161\u0107u i taktilnom prisutno\u0161\u0107u.<\/p>\n<\/blockquote>\n\n\n\n<blockquote class=\"wp-block-quote is-layout-flow wp-block-quote-is-layout-flow\">\n<p class=\"has-small-font-size\">Fascinira me transformacija industrijskih materijala u apstraktne kompozicije, a boju koristim kako bih dodatno naglasila teksturalnu prirodu svojih lebde\u0107ih struktura. Moj rad povezuje suvremene pristupe i povijesni kontekst. \u0160paga, kao linija i \u010dvor, priziva andski khipu, drevne tekstilne sustave kori\u0161tene za zapisivanje i strukturiranje znanja. Kroz to tekstil postaje vi\u0161e od materijala: prenosi informacije dok oblikuje prostor, nastavljaju\u0107i tradiciju umjetni\u010dkog bilje\u017eenja kroz materijal.<\/p>\n<\/blockquote>\n\n\n\n<blockquote class=\"wp-block-quote is-layout-flow wp-block-quote-is-layout-flow\">\n<p class=\"has-small-font-size\">Moj rad odra\u017eava godine predanog istra\u017eivanja i razvoja vlastitih autenti\u010dnih tehnika, nude\u0107i nove perspektive suvremenoj tekstilnoj umjetnosti.<\/p>\n<\/blockquote>\n\n\n\n<hr class=\"wp-block-separator has-alpha-channel-opacity is-style-wide\"\/>\n\n\n\n<h3 class=\"wp-block-heading\"><br>Profesionalno iskustvo<\/h3>\n\n\n\n<p style=\"font-size:15px\">2009. \u2013 danas, suosniva\u010dica i umjetni\u010dka direktorica u Studio 3Divine d.o.o.<br>2003. \u2013 danas \u2014 Set Design na Filmu (<a href=\"https:\/\/www.imdb.com\/name\/nm3500397\/\" data-type=\"link\" data-id=\"https:\/\/www.imdb.com\/name\/nm3500397\/\" target=\"_blank\" rel=\"noreferrer noopener nofollow\">IMDB<\/a> navedeni projekti)<br>\u017divi i radi u Zagrebu<\/p>\n\n\n\n<h3 class=\"wp-block-heading\"><br>Obrazovanje \/ Akademska pozadina<\/h3>\n\n\n\n<p style=\"font-size:15px\">2002. \u2014 Studij, Akademija likovnih umjetnosti u Firenci (Italija), Odsjek za slikarstvo<br>(Prof. G. Giulietti)<br>1996 \u2013 1999 \u2014 Studij na \u0160umarskom fakultetu Sveu\u010dili\u0161ta u Zagrebu<br>1995 \u2014 Maturirala na \u0160koli za tekstil, ko\u017eu i dizajn u Zagrebu, Odsjek za tekstil i<br>modni dizajn.<br>1991 \u2013 1992 \u2014 Poha\u0111ala Thurrock Technical College u Graysu, Ujedinjeno Kraljevstvo<\/p>\n\n\n\n<h3 class=\"wp-block-heading\"><br>Samostalne Izlo\u017ebe (selekcija)<\/h3>\n\n\n\n<p style=\"font-size:15px\"><strong>2025 \u2014 Labirint Niti, Bar Botanicar, Zagreb <strong>(Music: DJ. Ludvig)<\/strong><br>2024 \u2014 Khipu, Galerija ArtSada, Opatija<br>2018 \u2014 &#8216;Following the Movement of Water&#8217;, Watercolor Exhibition, Vladimir Nazor<br>Library, Zagreb<br>2014\u20132012 \u2014 Award Winning Street Art Project, International Street Festival Cest is<br>d&#8217;Best, Park Zrinjevac, Zagreb<br>2011 \u2014 Street Art Project, International Street Festival Cest is d&#8217;Best, Park Zrinjevac,<br>Zagreb<br>2010 \u2014 Street Art Installation Competition Award, Cest is d&#8217;Best, Zagreb<br>2007 \u2014 4th Year of Ego Art Prize, Online Exhibition<br>2006 \u2014 Spatial Installations, Town Lodge of National Museum, Zadar; Zlati Ajngel<br>Gallery, Varazdin<br>2005 \u2014 Cultural Center of Cakovec (Music: B. Miljancic, M. Jagec, K. Lajtman \u2013 Jazbina,<br>Jazz Quartet Vulencek); Croatian Institute of Engineering, Zagreb; Gallery of Club INA,<br>Zagreb (Music: DJ. Ludvig); Early Works and Drawings, Augusta Cesarca Library,<br>Zagreb; Collages, Novi Zagreb Library, Zagreb<br>2004 \u2014 Collages, Travno Children&#8217;s Nursery, Zagreb<\/strong><\/p>\n\n\n\n<h3 class=\"wp-block-heading\"><br>Izabrane Grupne Izlo\u017ebe<\/h3>\n\n\n\n<p style=\"font-size:15px\"><strong>2016 \u2014 19th International Miniature Exhibition, Galerija Plevnik Kronkowska, Celje<br>\/ SLO; Vrsilnica novi dvori, Zapresic \/ HR<br>2015 \u2014 18th International Miniature Exhibition, Gallery of Academy of Fine Arts,<br>Sarajevo \/ BIH; Vrsilnica novi dvori, Zapresic \/ HR<br>2014 \u2014 17th International Miniature Exhibition, House of Djura Jaksic, Belgrade \/<br>SRB; Art Salon, Cultural Center, Novi Sad \/ SRB; Vrsilnica novi dvori, Zapresic \/ HR<br>2013 \u2014 16th International Miniature Exhibition, Vrsilnica novi dvori, Zapresic \/ HR<br>2011 \u2014 Annual Exhibition of ULS Members, Matija Skurjeni Museum<br>2009 \u2014 Valpovo, Museum of Valpovstina, Prandau-Normann Castle (Members of<br>KUD-INA)<br>2008 \u2014 The Mimara Museum, Zagreb, 4th Competition Exhibition of Passion Heritage<br>2007 \u2014 Group Exhibition, KUD INA, Djurdjevac; Kristofor Stankovic Gallery, Zagreb;<br>4th Year of Ego Art Prize, Online Exhibition, Inscriptions 2006 (B. Radonic \/ V. Cengic)<br>2006 \u2014 Carlsberg Croatia Administration Rooms, Koprivnica; Contemporary Art<br>Collection DAAK, Koprivnica; Fourth Drava Art Annale Koprivnica; 4th Zagorje Fine<br>Art Salon, Krapina<br>2005\/2006 \u2014 Dubrovnik, Festival &#8216;Scents, Gold and Incense&#8217;<br>2005 \u2014 Third Competition Exhibition of Passion Heritage, Mimara Museum, Zagreb;<br>Third Drava Art Annale Koprivnica<\/strong><\/p>\n\n\n\n<h3 class=\"wp-block-heading\"><br>Nagrade i Priznanja<\/h3>\n\n\n\n<div class=\"wp-block-group is-vertical is-layout-flex wp-container-core-group-is-layout-8cf370e7 wp-block-group-is-layout-flex\">\n<p style=\"font-size:15px\">2012. \u2014 First Award for Street Art Project, International Street Festival Cest is<br>d&#8217;Best<\/p>\n\n\n\n<p style=\"font-size:15px\">2005\/2006 \u2014 Special Award for Most Creative Work, Dubrovnik, &#8216;Scents, Gold and<br>Incense&#8217;, First International Festival of Nativity Customs in Croatia<br>2005 \u2014 Second Prize, Tuborg, Koprivnica, Third Drava Art Annale 2005<br><\/p>\n<\/div>\n\n\n\n<h3 class=\"wp-block-heading\"><br>\u010clanstva u Organizacijama<\/h3>\n\n\n\n<p style=\"font-size:15px\">\u010clanica ULUPUH-a (Hrvatska udruga likovnih umjetnika primijenjenih umjetnosti)<br>\u010clan HDFD-a (Hrvatsko dru\u0161tvo filmskih djelatnika)<\/p>\n\n\n\n<h3 class=\"wp-block-heading\"><br>Kontakt<\/h3>\n\n\n\n<p style=\"font-size:15px\">\ud83d\udce9 E-mail: branka.radonic(at)gmail.com<br>Internetske stranice: <a href=\"http:\/\/www.studio3divine.hr\" data-type=\"link\" data-id=\"www.studio3divine.hr\" target=\"_blank\" rel=\"noreferrer noopener\">www.studio3divine.hr<\/a> | <a href=\"https:\/\/artletshop.com\/hr\/\" data-type=\"page\" data-id=\"46\" target=\"_blank\" rel=\"noreferrer noopener\">www.artletshop.com<\/a><\/p>\n\n\n\n<h3 class=\"wp-block-heading\">Dru\u0161tvene Mre\u017ee<\/h3>\n\n\n\n<div class=\"wp-block-group is-vertical is-layout-flex wp-container-core-group-is-layout-8cf370e7 wp-block-group-is-layout-flex\">\n<p style=\"font-size:15px\">\ud83d\udcf7 Instagram: <a href=\"http:\/\/www.instagram.com\/brankaradonic\/\" data-type=\"link\" data-id=\"www.instagram.com\/brankaradonic\/\" target=\"_blank\" rel=\"noreferrer noopener nofollow\">@brankaradonic<\/a><\/p>\n\n\n\n<p style=\"font-size:15px\"><strong> f<\/strong> Facebook: <a href=\"https:\/\/www.facebook.com\/branka.radonic\" target=\"_blank\" rel=\"noreferrer noopener nofollow\">\/branka.radonic<\/a><\/p>\n<\/div>\n\n\n\n<p><\/p>","protected":false},"excerpt":{"rendered":"<p>BRANKA RADONIC Painter, Sculptor, Designer Trnsko 18E, 10020 Novi Zagreb, Croatiabranka.radonic(at)gmail.com | +385 95 88 34 554 | www.studio3divine.hr | www.artletshop.com Branka Radoni\u0107 (b. Zagreb, 1976) is a Croatian visual artist and designer whose work spans painting, sculpture, drawing, fiber art, and art installation. She is the co-founder of Studio 3Divine, a creative studio based [&hellip;]<\/p>\n","protected":false},"author":1,"featured_media":0,"parent":0,"menu_order":0,"comment_status":"closed","ping_status":"closed","template":"","meta":{"_acf_changed":false,"qubely_global_settings":"","qubely_interactions":"","ocean_post_layout":"","ocean_both_sidebars_style":"","ocean_both_sidebars_content_width":0,"ocean_both_sidebars_sidebars_width":0,"ocean_sidebar":"","ocean_second_sidebar":"","ocean_disable_margins":"enable","ocean_add_body_class":"","ocean_shortcode_before_top_bar":"","ocean_shortcode_after_top_bar":"","ocean_shortcode_before_header":"","ocean_shortcode_after_header":"","ocean_has_shortcode":"","ocean_shortcode_after_title":"","ocean_shortcode_before_footer_widgets":"","ocean_shortcode_after_footer_widgets":"","ocean_shortcode_before_footer_bottom":"","ocean_shortcode_after_footer_bottom":"","ocean_display_top_bar":"default","ocean_display_header":"default","ocean_header_style":"","ocean_center_header_left_menu":"","ocean_custom_header_template":"","ocean_custom_logo":0,"ocean_custom_retina_logo":0,"ocean_custom_logo_max_width":0,"ocean_custom_logo_tablet_max_width":0,"ocean_custom_logo_mobile_max_width":0,"ocean_custom_logo_max_height":0,"ocean_custom_logo_tablet_max_height":0,"ocean_custom_logo_mobile_max_height":0,"ocean_header_custom_menu":"","ocean_menu_typo_font_family":"","ocean_menu_typo_font_subset":"","ocean_menu_typo_font_size":0,"ocean_menu_typo_font_size_tablet":0,"ocean_menu_typo_font_size_mobile":0,"ocean_menu_typo_font_size_unit":"px","ocean_menu_typo_font_weight":"","ocean_menu_typo_font_weight_tablet":"","ocean_menu_typo_font_weight_mobile":"","ocean_menu_typo_transform":"","ocean_menu_typo_transform_tablet":"","ocean_menu_typo_transform_mobile":"","ocean_menu_typo_line_height":0,"ocean_menu_typo_line_height_tablet":0,"ocean_menu_typo_line_height_mobile":0,"ocean_menu_typo_line_height_unit":"","ocean_menu_typo_spacing":0,"ocean_menu_typo_spacing_tablet":0,"ocean_menu_typo_spacing_mobile":0,"ocean_menu_typo_spacing_unit":"","ocean_menu_link_color":"","ocean_menu_link_color_hover":"","ocean_menu_link_color_active":"","ocean_menu_link_background":"","ocean_menu_link_hover_background":"","ocean_menu_link_active_background":"","ocean_menu_social_links_bg":"","ocean_menu_social_hover_links_bg":"","ocean_menu_social_links_color":"","ocean_menu_social_hover_links_color":"","ocean_disable_title":"default","ocean_disable_heading":"default","ocean_post_title":"","ocean_post_subheading":"","ocean_post_title_style":"","ocean_post_title_background_color":"","ocean_post_title_background":0,"ocean_post_title_bg_image_position":"","ocean_post_title_bg_image_attachment":"","ocean_post_title_bg_image_repeat":"","ocean_post_title_bg_image_size":"","ocean_post_title_height":0,"ocean_post_title_bg_overlay":0.5,"ocean_post_title_bg_overlay_color":"","ocean_disable_breadcrumbs":"default","ocean_breadcrumbs_color":"","ocean_breadcrumbs_separator_color":"","ocean_breadcrumbs_links_color":"","ocean_breadcrumbs_links_hover_color":"","ocean_display_footer_widgets":"default","ocean_display_footer_bottom":"default","ocean_custom_footer_template":"","footnotes":""},"class_list":["post-459","page","type-page","status-publish","hentry","entry","owp-thumbs-layout-horizontal","owp-btn-normal","owp-tabs-layout-horizontal","has-no-thumbnails","has-product-nav"],"acf":[],"_links":{"self":[{"href":"https:\/\/artletshop.com\/hr\/wp-json\/wp\/v2\/pages\/459","targetHints":{"allow":["GET"]}}],"collection":[{"href":"https:\/\/artletshop.com\/hr\/wp-json\/wp\/v2\/pages"}],"about":[{"href":"https:\/\/artletshop.com\/hr\/wp-json\/wp\/v2\/types\/page"}],"author":[{"embeddable":true,"href":"https:\/\/artletshop.com\/hr\/wp-json\/wp\/v2\/users\/1"}],"replies":[{"embeddable":true,"href":"https:\/\/artletshop.com\/hr\/wp-json\/wp\/v2\/comments?post=459"}],"version-history":[{"count":44,"href":"https:\/\/artletshop.com\/hr\/wp-json\/wp\/v2\/pages\/459\/revisions"}],"predecessor-version":[{"id":2041,"href":"https:\/\/artletshop.com\/hr\/wp-json\/wp\/v2\/pages\/459\/revisions\/2041"}],"wp:attachment":[{"href":"https:\/\/artletshop.com\/hr\/wp-json\/wp\/v2\/media?parent=459"}],"curies":[{"name":"wp","href":"https:\/\/api.w.org\/{rel}","templated":true}]}}