{"id":1191,"date":"2025-10-07T16:19:37","date_gmt":"2025-10-07T16:19:37","guid":{"rendered":"https:\/\/artletshop.com\/?post_type=product&#038;p=1191"},"modified":"2026-03-04T20:44:14","modified_gmt":"2026-03-04T19:44:14","slug":"the-inner-mirror","status":"publish","type":"product","link":"https:\/\/artletshop.com\/hr\/proizvod\/the-inner-mirror\/","title":{"rendered":"The Inner Mirror"},"content":{"rendered":"<blockquote><p>This original one-of-a-kind acrylic on canvas painting is more than an aquarium scene, a single angelfish meets her reflection in flowing layers of luminous <span data-huuid=\"1167933289510032820\">turquoise<\/span> and blue.<br \/>\nBeyond the aquarium, this painting explores introspection, identity, and the meditative pulse of silence, inviting contemplation and wonder.<br \/>\nInspired by moments of introspection and the subtle rhythms of life, I chose luminous textures and flowing color to evoke curiosity, wonder, and the harmony we share with our inner selves.<\/p><\/blockquote>\n<ul>\n<li>Umjetnik: mag. art. Vjeran \u010cengi\u0107 (Hrvatska)<\/li>\n<li>Signature: signed \u201cV. Cengic\u201d lower left on the front and verso.<\/li>\n<li>Original Title: The Inner Mirror \/ Unutarnje Ogledalo<\/li>\n<li>Date: 2025.<\/li>\n<li>Theme: Animal, Underwater, Fish, Aquarium, Reflection, Movement<\/li>\n<li>Genre: Naturalism, Animalism, Figurative Art<\/li>\n<li>Media: Mixed media, acrylic, canvas<\/li>\n<li>Dimensions: 60 x 50 x 2 cm \/ <span class=\"sc-j0a86b-0 giaQUS\" data-type=\"dimensions\">23.6 W x 19.7 H x 0.8 D in<\/span><\/li>\n<li>Pakiranje: Djelo se \u0161alje u \u010dvrstoj kartonskoj kutiji, u skladu s me\u0111unarodnim standardima za transport umjetnina.<\/li>\n<li>Originalno, jedinstveno umjetni\u010dko djelo<\/li>\n<li>Autenti\u010dnost: Uklju\u010den autorski certifikat o autenti\u010dnosti<\/li>\n<li>Spremno za postavljanje na zid: Da<\/li>\n<li>Okvir: Nije uokvireno<\/li>\n<li>Styles: Contemporary, Expressionism, Figuration, Abstraction<\/li>\n<li>Tro\u0161ak dostave:\u00a0<strong>Tro\u0161kovi dostave nisu uklju\u010deni. Prikazane cijene su bez PDV-a; pripadaju\u0107i tro\u0161kovi dostave i PDV obra\u010dunavaju se pri naplati gdje je primjenjivo.<\/strong><\/li>\n<li>\u0160alje se iz: Izravno iz na\u0161eg atelijera u Zagrebu, Hrvatska (EU)<\/li>\n<li>Rok isporuke: U pravilu 5 do 7 radnih dana za po\u0161iljke unutar Hrvatske te 10 do 14 radnih dana za me\u0111unarodne po\u0161iljke.<\/li>\n<li>Carina: Djelo uklju\u010duje registrirani certifikat o vlasni\u0161tvu izdan u Ministarstvu kulture Republike Hrvatske, \u010dime se osigurava uredno carinjenje i izbjegavaju nepotrebna zadr\u017eavanja po\u0161iljke.<\/li>\n<\/ul>\n<p>&nbsp;<\/p>\n<p>This original acrylic on canvas is more than an aquarium scene, a single angelfish meets her reflection in flowing layers of luminous color.<br \/>\nBeyond the aquarium, this painting explores introspection, identity, and the meditative pulse of silence, inviting contemplation and wonder.<br \/>\nInspired by moments of introspection and the subtle rhythms of life, I chose luminous textures and flowing color to evoke curiosity, wonder, and the silent harmony we share with our inner selves.<\/p>\n<p>Painted on the cotton canvas, painting comes with the installed crocodile hanger on the back for easy and simple montage on the wall. The edges are fully painted, allowing the work to be displayed without a frame or placed into a floating frame.<\/p>\n<p>Djelo se \u0161alje pa\u017eljivo zapakirano u \u010dvrstoj kartonskoj kutiji, u skladu s <strong>me\u0111unarodnim standardima za transport umjetnina,<\/strong> kako bi se osigurala sigurna dostava.<\/p>\n<p>It comes with a <strong>certifikatom autenti\u010dnosti<\/strong>.<\/p>","protected":false},"excerpt":{"rendered":"<blockquote><p>This original one-of-a-kind acrylic on canvas painting is more than an aquarium scene, a single angelfish meets her reflection in flowing layers of luminous <span data-huuid=\"1167933289510032820\">turquoise<\/span> and blue.<br \/>\nBeyond the aquarium, this painting explores introspection, identity, and the meditative pulse of silence, inviting contemplation and wonder.<br \/>\nInspired by moments of introspection and the subtle rhythms of life, I chose luminous textures and flowing color to evoke curiosity, wonder, and the harmony we share with our inner selves.<\/p><\/blockquote>\n<ul>\n<li>Umjetnik: mag. art. Vjeran \u010cengi\u0107 (Hrvatska)<\/li>\n<li>Signature: signed \u201cV. Cengic\u201d lower left on the front and verso.<\/li>\n<li>Original Title: The Inner Mirror \/ Unutarnje Ogledalo<\/li>\n<li>Date: 2025.<\/li>\n<li>Media: Mixed media, acrylic, canvas<\/li>\n<li>Dimensions: 60 x 50 x 2 cm \/ <span class=\"sc-j0a86b-0 giaQUS\" data-type=\"dimensions\">23.6 W x 19.7 H x 0.8 D in<\/span><\/li>\n<li>Pakiranje: Djelo se \u0161alje u \u010dvrstoj kartonskoj kutiji, u skladu s me\u0111unarodnim standardima za transport umjetnina.<\/li>\n<li>Originalno, jedinstveno umjetni\u010dko djelo<\/li>\n<li>Autenti\u010dnost: Uklju\u010den autorski certifikat o autenti\u010dnosti<\/li>\n<li>Spremno za postavljanje na zid: Da<\/li>\n<li>Tro\u0161ak dostave:\u00a0<strong>Tro\u0161kovi dostave nisu uklju\u010deni. Prikazane cijene su bez PDV-a; pripadaju\u0107i tro\u0161kovi dostave i PDV obra\u010dunavaju se pri naplati gdje je primjenjivo.<\/strong><\/li>\n<li>\u0160alje se iz: Izravno iz na\u0161eg atelijera u Zagrebu, Hrvatska (EU)<\/li>\n<\/ul>\n<p>Painted on cotton canvas stretched on a blind stretcher frame, this work comes with a <strong>instaliranim \u201ckrokodil\u201d nosa\u010dem<\/strong> on the back for easy and secure wall mounting. The edges of the canvas are fully painted, allowing it to be displayed without a frame or placed into a floating frame.<\/p>\n<p>Djelo se \u0161alje pa\u017eljivo zapakirano u \u010dvrstoj kartonskoj kutiji, u skladu s <strong>me\u0111unarodnim standardima za transport umjetnina,<\/strong> kako bi se osigurala sigurna dostava.<\/p>\n<p>Ova umjetnina je <strong>originalno, jedinstveno<\/strong> <strong>djelo <\/strong>piece painted on canvas made by mag. art. Vjeran Cengic and it comes with an author<strong>s<\/strong>autorovim <strong>certifikatom autenti\u010dnosti<\/strong>.<\/p>","protected":false},"featured_media":707,"comment_status":"open","ping_status":"closed","template":"","meta":{"_acf_changed":false,"qubely_global_settings":"","qubely_interactions":"","ocean_post_layout":"","ocean_both_sidebars_style":"","ocean_both_sidebars_content_width":0,"ocean_both_sidebars_sidebars_width":0,"ocean_sidebar":"0","ocean_second_sidebar":"0","ocean_disable_margins":"enable","ocean_add_body_class":"","ocean_shortcode_before_top_bar":"","ocean_shortcode_after_top_bar":"","ocean_shortcode_before_header":"","ocean_shortcode_after_header":"","ocean_has_shortcode":"","ocean_shortcode_after_title":"","ocean_shortcode_before_footer_widgets":"","ocean_shortcode_after_footer_widgets":"","ocean_shortcode_before_footer_bottom":"","ocean_shortcode_after_footer_bottom":"","ocean_display_top_bar":"default","ocean_display_header":"default","ocean_header_style":"","ocean_center_header_left_menu":"0","ocean_custom_header_template":"0","ocean_custom_logo":0,"ocean_custom_retina_logo":0,"ocean_custom_logo_max_width":0,"ocean_custom_logo_tablet_max_width":0,"ocean_custom_logo_mobile_max_width":0,"ocean_custom_logo_max_height":0,"ocean_custom_logo_tablet_max_height":0,"ocean_custom_logo_mobile_max_height":0,"ocean_header_custom_menu":"0","ocean_menu_typo_font_family":"0","ocean_menu_typo_font_subset":"","ocean_menu_typo_font_size":0,"ocean_menu_typo_font_size_tablet":0,"ocean_menu_typo_font_size_mobile":0,"ocean_menu_typo_font_size_unit":"px","ocean_menu_typo_font_weight":"","ocean_menu_typo_font_weight_tablet":"","ocean_menu_typo_font_weight_mobile":"","ocean_menu_typo_transform":"","ocean_menu_typo_transform_tablet":"","ocean_menu_typo_transform_mobile":"","ocean_menu_typo_line_height":0,"ocean_menu_typo_line_height_tablet":0,"ocean_menu_typo_line_height_mobile":0,"ocean_menu_typo_line_height_unit":"","ocean_menu_typo_spacing":0,"ocean_menu_typo_spacing_tablet":0,"ocean_menu_typo_spacing_mobile":0,"ocean_menu_typo_spacing_unit":"","ocean_menu_link_color":"","ocean_menu_link_color_hover":"","ocean_menu_link_color_active":"","ocean_menu_link_background":"","ocean_menu_link_hover_background":"","ocean_menu_link_active_background":"","ocean_menu_social_links_bg":"","ocean_menu_social_hover_links_bg":"","ocean_menu_social_links_color":"","ocean_menu_social_hover_links_color":"","ocean_disable_title":"default","ocean_disable_heading":"default","ocean_post_title":"","ocean_post_subheading":"","ocean_post_title_style":"","ocean_post_title_background_color":"","ocean_post_title_background":0,"ocean_post_title_bg_image_position":"","ocean_post_title_bg_image_attachment":"","ocean_post_title_bg_image_repeat":"","ocean_post_title_bg_image_size":"","ocean_post_title_height":0,"ocean_post_title_bg_overlay":0.5,"ocean_post_title_bg_overlay_color":"","ocean_disable_breadcrumbs":"default","ocean_breadcrumbs_color":"","ocean_breadcrumbs_separator_color":"","ocean_breadcrumbs_links_color":"","ocean_breadcrumbs_links_hover_color":"","ocean_display_footer_widgets":"default","ocean_display_footer_bottom":"default","ocean_custom_footer_template":"0"},"product_brand":[145],"product_cat":[22,17,60,15],"product_tag":[80,81,77,76,86,69,51,73,71,84,85,82,70,83,74,68,79,78,44,75,72],"class_list":{"0":"post-1191","1":"product","2":"type-product","3":"status-publish","4":"has-post-thumbnail","6":"product_brand-vjeran-cengic","7":"product_cat-animals","8":"product_cat-figurative","9":"product_cat-nature-figurative","10":"product_cat-paintings","11":"product_tag-acrylics-on-canvas","12":"product_tag-akril-na-platnu","13":"product_tag-akvarij","14":"product_tag-aquarium","15":"product_tag-artletshop","16":"product_tag-blue","17":"product_tag-blue-canvas-painting","18":"product_tag-canvas","19":"product_tag-cengic","20":"product_tag-cro","21":"product_tag-cro-art","22":"product_tag-cro-artist","23":"product_tag-fish","24":"product_tag-hrvatski-slikar-cengic-vjeran","25":"product_tag-mirror","26":"product_tag-original-painting","27":"product_tag-platno","28":"product_tag-slika","29":"product_tag-turquoise","30":"product_tag-underwater","31":"product_tag-vjeran","32":"product_shipping_class-art-small","33":"pa_size-m","35":"entry","36":"has-media","38":"first","39":"instock","40":"sold-individually","41":"taxable","42":"shipping-taxable","43":"purchasable","44":"product-type-simple","45":"has-product-nav","46":"col","47":"span_1_of_4","48":"owp-content-center","49":"owp-thumbs-layout-horizontal","50":"owp-btn-normal","51":"owp-tabs-layout-horizontal"},"acf":[],"_links":{"self":[{"href":"https:\/\/artletshop.com\/hr\/wp-json\/wp\/v2\/product\/1191","targetHints":{"allow":["GET"]}}],"collection":[{"href":"https:\/\/artletshop.com\/hr\/wp-json\/wp\/v2\/product"}],"about":[{"href":"https:\/\/artletshop.com\/hr\/wp-json\/wp\/v2\/types\/product"}],"replies":[{"embeddable":true,"href":"https:\/\/artletshop.com\/hr\/wp-json\/wp\/v2\/comments?post=1191"}],"wp:featuredmedia":[{"embeddable":true,"href":"https:\/\/artletshop.com\/hr\/wp-json\/wp\/v2\/media\/707"}],"wp:attachment":[{"href":"https:\/\/artletshop.com\/hr\/wp-json\/wp\/v2\/media?parent=1191"}],"wp:term":[{"taxonomy":"product_brand","embeddable":true,"href":"https:\/\/artletshop.com\/hr\/wp-json\/wp\/v2\/product_brand?post=1191"},{"taxonomy":"product_cat","embeddable":true,"href":"https:\/\/artletshop.com\/hr\/wp-json\/wp\/v2\/product_cat?post=1191"},{"taxonomy":"product_tag","embeddable":true,"href":"https:\/\/artletshop.com\/hr\/wp-json\/wp\/v2\/product_tag?post=1191"}],"curies":[{"name":"wp","href":"https:\/\/api.w.org\/{rel}","templated":true}]}}