{"id":1223,"date":"2025-10-19T18:13:53","date_gmt":"2025-10-19T18:13:53","guid":{"rendered":"https:\/\/artletshop.com\/?post_type=product&#038;p=1223"},"modified":"2026-03-04T20:20:29","modified_gmt":"2026-03-04T19:20:29","slug":"rippled-spectrum","status":"publish","type":"product","link":"https:\/\/artletshop.com\/hr\/proizvod\/rippled-spectrum\/","title":{"rendered":"Rippled Spectrum"},"content":{"rendered":"<ul>\n<li>Umjetnik: mag. art. Vjeran \u010cengi\u0107 (Hrvatska)<\/li>\n<li>Signature: signed \u201cV. Cengic\u201d lower left on the front and verso.<\/li>\n<li>Original Title: Rippled Spectrum \/ Razlomljeni spektar<\/li>\n<li>Date: 2025.<\/li>\n<li>Theme: Animal, nature, underwater, fish, aquarium<\/li>\n<li>Genre: Naturalism, Animalism, Figuration<\/li>\n<li>Media: Oil, canvas<\/li>\n<li>Dimensions: 50 x 60 x 2 cm \/ <span class=\"sc-j0a86b-0 giaQUS\" data-type=\"dimensions\">19.7 H<\/span> x <span class=\"sc-j0a86b-0 giaQUS\" data-type=\"dimensions\">23.6 W x 0.8 D in<\/span><\/li>\n<li>Pakiranje: Djelo se \u0161alje u \u010dvrstoj kartonskoj kutiji, u skladu s me\u0111unarodnim standardima za transport umjetnina.<\/li>\n<li>Originalno, jedinstveno umjetni\u010dko djelo<\/li>\n<li>Autenti\u010dnost: Uklju\u010den autorski certifikat o autenti\u010dnosti<\/li>\n<li>Spremno za postavljanje na zid: Da<\/li>\n<li>Okvir: Nije uokvireno<\/li>\n<li>Styles: Contemporary, Expressionism, Figuration, Abstraction<\/li>\n<li>Tro\u0161ak dostave:\u00a0<strong>Tro\u0161kovi dostave nisu uklju\u010deni. Prikazane cijene su bez PDV-a; pripadaju\u0107i tro\u0161kovi dostave i PDV obra\u010dunavaju se pri naplati gdje je primjenjivo.<\/strong><\/li>\n<li>\u0160alje se iz: Izravno iz na\u0161eg atelijera u Zagrebu, Hrvatska (EU)<\/li>\n<li>Rok isporuke: U pravilu 5 do 7 radnih dana za po\u0161iljke unutar Hrvatske te 10 do 14 radnih dana za me\u0111unarodne po\u0161iljke.<\/li>\n<li>Carina: Djelo uklju\u010duje registrirani certifikat o vlasni\u0161tvu izdan u Ministarstvu kulture Republike Hrvatske, \u010dime se osigurava uredno carinjenje i izbjegavaju nepotrebna zadr\u017eavanja po\u0161iljke.<\/li>\n<\/ul>\n<blockquote><p>Bold strokes of cobalt, turquoise, and indigo set the stage for guppies flashing with vivid orange and greens.<br \/>\nTheir flowing tails dissolve into geometric pattern of triangular brush and spatula strokes that bridges abstraction and figurative expression.<br \/>\nLayers of textured brushwork create shimmering movement, echoing mosaic light beneath water.<br \/>\nThis original Cengic&#8217;s painting is both abstract and figurative, a symbolic celebration of the mystery of life.<\/p><\/blockquote>\n<p>Painting comes with installed hangers on the back for easy and simple montage on the wall.<\/p>\n<p>With the painted edges this one-of-a-kind painting looks great as it is and can be hanged on the wall even without the frame.<\/p>\n<p>Djelo se \u0161alje pa\u017eljivo zapakirano u \u010dvrstoj kartonskoj kutiji, u skladu s <strong>me\u0111unarodnim standardima za transport umjetnina,<\/strong> kako bi se osigurala sigurna dostava.<\/p>\n<p>This painting is an original one-of-a-kind Oil on Canvas signed by the artist. It comes with a <strong>certifikatom autenti\u010dnosti<\/strong>.<\/p>","protected":false},"excerpt":{"rendered":"<blockquote>\n<p data-start=\"147\" data-end=\"433\">Bold strokes of cobalt, turquoise, and indigo bring guppies to life in vivid oranges and greens. Their flowing tails melt into dynamic geometric patterns, blending abstraction and figurative expression. Textured layers shimmer with movement, echoing the mosaic of light beneath water.<\/p>\n<p data-start=\"147\" data-end=\"433\">This original painting by Vjeran \u010cengi\u0107 celebrates the mystery and beauty of life.<\/p>\n<\/blockquote>\n<p data-start=\"521\" data-end=\"646\">With its painted edges and stretched on a blind stretcher frame, this one-of-a-kind artwork looks stunning unframed and comes ready to hang with pre-installed hangers.<\/p>\n<p data-start=\"648\" data-end=\"785\">The painting will be shipped flat in a sturdy, well-protected cardboard box, fully compliant with <strong>me\u0111unarodnim standardima za transport umjetnina,<\/strong>.<\/p>\n<p data-start=\"787\" data-end=\"915\">This piece is an <strong>original, one-of-a-kind<\/strong> oil on canvas,<strong> signed<\/strong> by the artist and accompanied by a <strong>certificate of authenticity.<\/strong><\/p>\n<ul>\n<li>Umjetnik: mag. art. Vjeran \u010cengi\u0107 (Hrvatska)<\/li>\n<li>Signature: signed \u201cV. Cengic\u201d lower left on the front and verso.<\/li>\n<li>Original Title: Rippled Spectrum \/ Razlomljeni spektar<\/li>\n<li>Date: 2025.<\/li>\n<li>Media: Oil, canvas<\/li>\n<li>Dimensions: 50 x 60 x 2 cm \/ <span class=\"sc-j0a86b-0 giaQUS\" data-type=\"dimensions\">19.7 H<\/span> x <span class=\"sc-j0a86b-0 giaQUS\" data-type=\"dimensions\">23.6 W x 0.8 D in<\/span><\/li>\n<li>Pakiranje: Djelo se \u0161alje u \u010dvrstoj kartonskoj kutiji, u skladu s me\u0111unarodnim standardima za transport umjetnina.<\/li>\n<li>Originalno, jedinstveno umjetni\u010dko djelo<\/li>\n<li>Autenti\u010dnost: Uklju\u010den autorski certifikat o autenti\u010dnosti<\/li>\n<li>Spremno za postavljanje na zid: Da<\/li>\n<li>Tro\u0161ak dostave:\u00a0<strong>Tro\u0161kovi dostave nisu uklju\u010deni. Prikazane cijene su bez PDV-a; pripadaju\u0107i tro\u0161kovi dostave i PDV obra\u010dunavaju se pri naplati gdje je primjenjivo.<\/strong><\/li>\n<li>\u0160alje se iz: Izravno iz na\u0161eg atelijera u Zagrebu, Hrvatska (EU)<\/li>\n<\/ul>","protected":false},"featured_media":727,"comment_status":"open","ping_status":"closed","template":"","meta":{"_acf_changed":false,"qubely_global_settings":"","qubely_interactions":"","ocean_post_layout":"","ocean_both_sidebars_style":"","ocean_both_sidebars_content_width":0,"ocean_both_sidebars_sidebars_width":0,"ocean_sidebar":"0","ocean_second_sidebar":"0","ocean_disable_margins":"enable","ocean_add_body_class":"","ocean_shortcode_before_top_bar":"","ocean_shortcode_after_top_bar":"","ocean_shortcode_before_header":"","ocean_shortcode_after_header":"","ocean_has_shortcode":"","ocean_shortcode_after_title":"","ocean_shortcode_before_footer_widgets":"","ocean_shortcode_after_footer_widgets":"","ocean_shortcode_before_footer_bottom":"","ocean_shortcode_after_footer_bottom":"","ocean_display_top_bar":"default","ocean_display_header":"default","ocean_header_style":"","ocean_center_header_left_menu":"0","ocean_custom_header_template":"0","ocean_custom_logo":0,"ocean_custom_retina_logo":0,"ocean_custom_logo_max_width":0,"ocean_custom_logo_tablet_max_width":0,"ocean_custom_logo_mobile_max_width":0,"ocean_custom_logo_max_height":0,"ocean_custom_logo_tablet_max_height":0,"ocean_custom_logo_mobile_max_height":0,"ocean_header_custom_menu":"0","ocean_menu_typo_font_family":"0","ocean_menu_typo_font_subset":"","ocean_menu_typo_font_size":0,"ocean_menu_typo_font_size_tablet":0,"ocean_menu_typo_font_size_mobile":0,"ocean_menu_typo_font_size_unit":"px","ocean_menu_typo_font_weight":"","ocean_menu_typo_font_weight_tablet":"","ocean_menu_typo_font_weight_mobile":"","ocean_menu_typo_transform":"","ocean_menu_typo_transform_tablet":"","ocean_menu_typo_transform_mobile":"","ocean_menu_typo_line_height":0,"ocean_menu_typo_line_height_tablet":0,"ocean_menu_typo_line_height_mobile":0,"ocean_menu_typo_line_height_unit":"","ocean_menu_typo_spacing":0,"ocean_menu_typo_spacing_tablet":0,"ocean_menu_typo_spacing_mobile":0,"ocean_menu_typo_spacing_unit":"","ocean_menu_link_color":"","ocean_menu_link_color_hover":"","ocean_menu_link_color_active":"","ocean_menu_link_background":"","ocean_menu_link_hover_background":"","ocean_menu_link_active_background":"","ocean_menu_social_links_bg":"","ocean_menu_social_hover_links_bg":"","ocean_menu_social_links_color":"","ocean_menu_social_hover_links_color":"","ocean_disable_title":"default","ocean_disable_heading":"default","ocean_post_title":"","ocean_post_subheading":"","ocean_post_title_style":"","ocean_post_title_background_color":"","ocean_post_title_background":0,"ocean_post_title_bg_image_position":"","ocean_post_title_bg_image_attachment":"","ocean_post_title_bg_image_repeat":"","ocean_post_title_bg_image_size":"","ocean_post_title_height":0,"ocean_post_title_bg_overlay":0.5,"ocean_post_title_bg_overlay_color":"","ocean_disable_breadcrumbs":"default","ocean_breadcrumbs_color":"","ocean_breadcrumbs_separator_color":"","ocean_breadcrumbs_links_color":"","ocean_breadcrumbs_links_hover_color":"","ocean_display_footer_widgets":"default","ocean_display_footer_bottom":"default","ocean_custom_footer_template":"0"},"product_brand":[145],"product_cat":[18,22,17,60,15],"product_tag":[113,77,76,86,69,73,149,112,70,151,87,148,150,109,99,137,147,90,152,154,153,44,121,75,142,108],"class_list":{"0":"post-1223","1":"product","2":"type-product","3":"status-publish","4":"has-post-thumbnail","6":"product_brand-vjeran-cengic","7":"product_cat-abstract","8":"product_cat-animals","9":"product_cat-figurative","10":"product_cat-nature-figurative","11":"product_cat-paintings","12":"product_tag-abstract","13":"product_tag-akvarij","14":"product_tag-aquarium","15":"product_tag-artletshop","16":"product_tag-blue","17":"product_tag-canvas","18":"product_tag-cobalt","19":"product_tag-figurative","20":"product_tag-fish","21":"product_tag-geometric","22":"product_tag-green","23":"product_tag-guppies","24":"product_tag-indigo","25":"product_tag-mitzek","26":"product_tag-oil-on-canvas","27":"product_tag-orange","28":"product_tag-original","29":"product_tag-painting","30":"product_tag-patterns","31":"product_tag-ribe","32":"product_tag-studio-3divine","33":"product_tag-turquoise","34":"product_tag-umjetnicke-slike","35":"product_tag-underwater","36":"product_tag-vivid","37":"product_tag-vjeran-cengic","38":"product_shipping_class-art-small","39":"pa_size-m","41":"entry","42":"has-media","44":"first","45":"instock","46":"sold-individually","47":"taxable","48":"shipping-taxable","49":"purchasable","50":"product-type-simple","51":"has-product-nav","52":"col","53":"span_1_of_4","54":"owp-content-center","55":"owp-thumbs-layout-horizontal","56":"owp-btn-normal","57":"owp-tabs-layout-horizontal"},"acf":[],"_links":{"self":[{"href":"https:\/\/artletshop.com\/hr\/wp-json\/wp\/v2\/product\/1223","targetHints":{"allow":["GET"]}}],"collection":[{"href":"https:\/\/artletshop.com\/hr\/wp-json\/wp\/v2\/product"}],"about":[{"href":"https:\/\/artletshop.com\/hr\/wp-json\/wp\/v2\/types\/product"}],"replies":[{"embeddable":true,"href":"https:\/\/artletshop.com\/hr\/wp-json\/wp\/v2\/comments?post=1223"}],"wp:featuredmedia":[{"embeddable":true,"href":"https:\/\/artletshop.com\/hr\/wp-json\/wp\/v2\/media\/727"}],"wp:attachment":[{"href":"https:\/\/artletshop.com\/hr\/wp-json\/wp\/v2\/media?parent=1223"}],"wp:term":[{"taxonomy":"product_brand","embeddable":true,"href":"https:\/\/artletshop.com\/hr\/wp-json\/wp\/v2\/product_brand?post=1223"},{"taxonomy":"product_cat","embeddable":true,"href":"https:\/\/artletshop.com\/hr\/wp-json\/wp\/v2\/product_cat?post=1223"},{"taxonomy":"product_tag","embeddable":true,"href":"https:\/\/artletshop.com\/hr\/wp-json\/wp\/v2\/product_tag?post=1223"}],"curies":[{"name":"wp","href":"https:\/\/api.w.org\/{rel}","templated":true}]}}