{"id":1324,"date":"2025-10-22T17:33:54","date_gmt":"2025-10-22T17:33:54","guid":{"rendered":"https:\/\/artletshop.com\/?post_type=product&#038;p=1324"},"modified":"2026-03-04T12:13:41","modified_gmt":"2026-03-04T11:13:41","slug":"untitled-xviii","status":"publish","type":"product","link":"https:\/\/artletshop.com\/hr\/proizvod\/untitled-xviii\/","title":{"rendered":"Untitled XVIII"},"content":{"rendered":"<blockquote>\n<p data-start=\"126\" data-end=\"410\"><strong><em data-start=\"126\" data-end=\"142\">Untitled XVIII<\/em><\/strong> is a piece from Branka Radoni\u0107\u2019s collection of fiber artworks. A striking contemporary work that fuses structure and spontaneity, its dynamic circular form and vivid texture create a powerful visual rhythm in bold red colour, making it an arresting centerpiece in any modern interior.<\/p>\n<\/blockquote>\n<ul>\n<li>Artist: Branka Radoni\u0107 (Cro.) \/ inst: @brankaradonic<\/li>\n<li>Potpis: Potpisano<\/li>\n<li>Original Title: Untitled XVIII<\/li>\n<li>Date: 2025.<\/li>\n<li>Tema: Apstrakcija<\/li>\n<li>\u017danr: Suvremena tekstilna umjetnost<\/li>\n<li>Tehnika: Mje\u0161ovita tehnika, konoplja, boja<\/li>\n<li>Dimensions: 65 x 65 x 4 cm \/ <span class=\"sc-j0a86b-0 giaQUS\" data-type=\"dimensions\">25.6 H<\/span> x <span class=\"sc-j0a86b-0 giaQUS\" data-type=\"dimensions\">25.6 W x 1.5 in D<\/span><\/li>\n<li>Pakiranje: Djelo se \u0161alje u \u010dvrstoj kartonskoj kutiji, u skladu s me\u0111unarodnim standardima za transport umjetnina.<\/li>\n<li>Originalno, jedinstveno umjetni\u010dko djelo<\/li>\n<li>Autenti\u010dnost: Uklju\u010den autorski certifikat o autenti\u010dnosti<\/li>\n<li>Spremno za postavljanje na zid: Da<\/li>\n<li>Okvir: Nije uokvireno<\/li>\n<li>Styles: Contemporary, Abstraction, Fiber Art with a tactile emphasis<\/li>\n<li>Tro\u0161ak dostave:\u00a0<strong>Tro\u0161kovi dostave nisu uklju\u010deni. Prikazane cijene su bez PDV-a; pripadaju\u0107i tro\u0161kovi dostave i PDV obra\u010dunavaju se pri naplati gdje je primjenjivo.<\/strong><\/li>\n<li>\u0160alje se iz: Izravno iz na\u0161eg atelijera u Zagrebu, Hrvatska (EU)<\/li>\n<li>Rok isporuke: U pravilu 5 do 7 radnih dana za po\u0161iljke unutar Hrvatske te 10 do 14 radnih dana za me\u0111unarodne po\u0161iljke.<\/li>\n<li>Carina: Djelo uklju\u010duje registrirani certifikat o vlasni\u0161tvu izdan u Ministarstvu kulture Republike Hrvatske, \u010dime se osigurava uredno carinjenje i izbjegavaju nepotrebna zadr\u017eavanja po\u0161iljke.<\/li>\n<\/ul>\n<p>These beautiful art pieces do more than dazzle the eye, they <strong data-start=\"142\" data-end=\"178\">transform any space acoustically<\/strong>, functioning as elegant acoustic panels. Their intricate, layered surfaces scatter and soften sound, turning ordinary rooms into serene, resonant environments, while standing as breathtaking works of contemporary art.<\/p>\n<p>Djelo se \u0161alje pa\u017eljivo zapakirano u \u010dvrstoj kartonskoj kutiji, u skladu s <strong>me\u0111unarodnim standardima za transport umjetnina,<\/strong> kako bi se osigurala sigurna dostava.<\/p>\n<p>Ovo je originalni, jedinstveni tekstilni rad umjetnice<strong> Branka Radoni\u0107<\/strong> i dolazi s <strong>certifikatom autenti\u010dnosti<\/strong>.<\/p>\n<hr data-start=\"281\" data-end=\"284\" \/>\n<h2 class=\"wp-block-heading has-text-align-center\"><\/h2>\n<blockquote class=\"wp-block-quote is-layout-flow wp-block-quote-is-layout-flow\">\n<p class=\"has-small-font-size\">Svojim radom istra\u017eujem granice izme\u0111u tekstila, crte\u017ea i kiparstva, koriste\u0107i kudelju, boju i razli\u010dita veziva kao primarne materijale. Nitima oblikujem forme koje zra\u010de prostornom dinamikom, slojevito\u0161\u0107u i taktilnom prisutno\u0161\u0107u.<\/p>\n<\/blockquote>\n<blockquote class=\"wp-block-quote is-layout-flow wp-block-quote-is-layout-flow\">\n<p class=\"has-small-font-size\">Fascinira me transformacija industrijskih materijala u apstraktne kompozicije, a boju koristim kako bih dodatno naglasila teksturalnu prirodu svojih lebde\u0107ih struktura. Moj rad povezuje suvremene pristupe i povijesni kontekst. \u0160paga, kao linija i \u010dvor, priziva andski khipu, drevne tekstilne sustave kori\u0161tene za zapisivanje i strukturiranje znanja. Kroz to tekstil postaje vi\u0161e od materijala: prenosi informacije dok oblikuje prostor, nastavljaju\u0107i tradiciju umjetni\u010dkog bilje\u017eenja kroz materijal.<\/p>\n<\/blockquote>\n<blockquote class=\"wp-block-quote is-layout-flow wp-block-quote-is-layout-flow\">\n<p class=\"has-small-font-size\">Moj rad odra\u017eava godine predanog istra\u017eivanja i razvoja vlastitih autenti\u010dnih tehnika, nude\u0107i nove perspektive suvremenoj tekstilnoj umjetnosti.<\/p>\n<\/blockquote>","protected":false},"excerpt":{"rendered":"<blockquote><p><strong><em data-start=\"126\" data-end=\"142\">Untitled XVIII<\/em><\/strong> is a piece from Branka Radoni\u0107\u2019s collection of fiber artworks. A striking contemporary work that fuses structure and spontaneity, its dynamic circular form and vivid texture create a powerful visual rhythm in bold red colour, making it an arresting centerpiece in any modern interior.<\/p><\/blockquote>\n<ul>\n<li>Artist: Branka Radoni\u0107 (Cro.) \/ inst: @brankaradonic<\/li>\n<li>Potpis: Potpisano<\/li>\n<li>Original Title: Untitled XVIII<\/li>\n<li>Date: 2025.<\/li>\n<li>Tehnika: Mje\u0161ovita tehnika, konoplja, boja<\/li>\n<li>Dimensions: 65 x 65 x 4 cm \/ <span class=\"sc-j0a86b-0 giaQUS\" data-type=\"dimensions\">25.6 H<\/span> x <span class=\"sc-j0a86b-0 giaQUS\" data-type=\"dimensions\">25.6 W x 1.5 in D<\/span><\/li>\n<li>Pakiranje: Djelo se \u0161alje pa\u017eljivo zapakirano u \u010dvrstoj kartonskoj kutiji, u skladu s me\u0111unarodnim standardima za transport umjetnina, kako bi sigurno stiglo na va\u0161u adresu.<\/li>\n<li>Originalno, jedinstveno umjetni\u010dko djelo<\/li>\n<li>Autenti\u010dnost: Uklju\u010den autorski certifikat o autenti\u010dnosti<\/li>\n<li>Spremno za postavljanje na zid: Da<\/li>\n<li>Tro\u0161ak dostave:\u00a0<strong>Tro\u0161kovi dostave nisu uklju\u010deni. Prikazane cijene su bez PDV-a; pripadaju\u0107i tro\u0161kovi dostave i PDV obra\u010dunavaju se pri naplati gdje je primjenjivo.<\/strong><\/li>\n<li>\u0160alje se iz: Izravno iz na\u0161eg atelijera u Zagrebu, Hrvatska (EU)<\/li>\n<\/ul>\n<p>Djelo se \u0161alje pa\u017eljivo zapakirano u \u010dvrstoj kartonskoj kutiji, u skladu s <strong>me\u0111unarodnim standardima za transport umjetnina,<\/strong> kako bi se osigurala sigurna dostava.<\/p>\n<p>Ovo je originalni, jedinstveni tekstilni rad umjetnice<strong> Branka Radoni\u0107<\/strong> i dolazi s <strong>certifikatom autenti\u010dnosti<\/strong>.<\/p>","protected":false},"featured_media":1328,"comment_status":"open","ping_status":"closed","template":"","meta":{"_acf_changed":false,"qubely_global_settings":"","qubely_interactions":"","ocean_post_layout":"","ocean_both_sidebars_style":"","ocean_both_sidebars_content_width":0,"ocean_both_sidebars_sidebars_width":0,"ocean_sidebar":"0","ocean_second_sidebar":"0","ocean_disable_margins":"enable","ocean_add_body_class":"","ocean_shortcode_before_top_bar":"","ocean_shortcode_after_top_bar":"","ocean_shortcode_before_header":"","ocean_shortcode_after_header":"","ocean_has_shortcode":"","ocean_shortcode_after_title":"","ocean_shortcode_before_footer_widgets":"","ocean_shortcode_after_footer_widgets":"","ocean_shortcode_before_footer_bottom":"","ocean_shortcode_after_footer_bottom":"","ocean_display_top_bar":"default","ocean_display_header":"default","ocean_header_style":"","ocean_center_header_left_menu":"0","ocean_custom_header_template":"0","ocean_custom_logo":0,"ocean_custom_retina_logo":0,"ocean_custom_logo_max_width":0,"ocean_custom_logo_tablet_max_width":0,"ocean_custom_logo_mobile_max_width":0,"ocean_custom_logo_max_height":0,"ocean_custom_logo_tablet_max_height":0,"ocean_custom_logo_mobile_max_height":0,"ocean_header_custom_menu":"0","ocean_menu_typo_font_family":"0","ocean_menu_typo_font_subset":"","ocean_menu_typo_font_size":0,"ocean_menu_typo_font_size_tablet":0,"ocean_menu_typo_font_size_mobile":0,"ocean_menu_typo_font_size_unit":"px","ocean_menu_typo_font_weight":"","ocean_menu_typo_font_weight_tablet":"","ocean_menu_typo_font_weight_mobile":"","ocean_menu_typo_transform":"","ocean_menu_typo_transform_tablet":"","ocean_menu_typo_transform_mobile":"","ocean_menu_typo_line_height":0,"ocean_menu_typo_line_height_tablet":0,"ocean_menu_typo_line_height_mobile":0,"ocean_menu_typo_line_height_unit":"","ocean_menu_typo_spacing":0,"ocean_menu_typo_spacing_tablet":0,"ocean_menu_typo_spacing_mobile":0,"ocean_menu_typo_spacing_unit":"","ocean_menu_link_color":"","ocean_menu_link_color_hover":"","ocean_menu_link_color_active":"","ocean_menu_link_background":"","ocean_menu_link_hover_background":"","ocean_menu_link_active_background":"","ocean_menu_social_links_bg":"","ocean_menu_social_hover_links_bg":"","ocean_menu_social_links_color":"","ocean_menu_social_hover_links_color":"","ocean_disable_title":"default","ocean_disable_heading":"default","ocean_post_title":"","ocean_post_subheading":"","ocean_post_title_style":"","ocean_post_title_background_color":"","ocean_post_title_background":0,"ocean_post_title_bg_image_position":"","ocean_post_title_bg_image_attachment":"","ocean_post_title_bg_image_repeat":"","ocean_post_title_bg_image_size":"","ocean_post_title_height":0,"ocean_post_title_bg_overlay":0.5,"ocean_post_title_bg_overlay_color":"","ocean_disable_breadcrumbs":"default","ocean_breadcrumbs_color":"","ocean_breadcrumbs_separator_color":"","ocean_breadcrumbs_links_color":"","ocean_breadcrumbs_links_hover_color":"","ocean_display_footer_widgets":"default","ocean_display_footer_bottom":"default","ocean_custom_footer_template":"0"},"product_brand":[146],"product_cat":[18,170,15],"product_tag":[184,201,186,86,175,200,182,183,185,174,88,187],"class_list":{"0":"post-1324","1":"product","2":"type-product","3":"status-publish","4":"has-post-thumbnail","6":"product_brand-branka-radonic","7":"product_cat-abstract","8":"product_cat-fiber-art","9":"product_cat-paintings","10":"product_tag-2025-art","11":"product_tag-art-acustic-panel","12":"product_tag-art-od-spage","13":"product_tag-artletshop","14":"product_tag-branka-radonic","15":"product_tag-contemporary-art-acustic-panel","16":"product_tag-contemporary-fiber-art","17":"product_tag-fiber-artwork","18":"product_tag-hemp-twine-artwork","19":"product_tag-radonic","20":"product_tag-red","21":"product_tag-umjetnicki-radovi-prodaja","22":"product_shipping_class-art-small","23":"pa_size-m","25":"entry","26":"has-media","28":"first","29":"instock","30":"sold-individually","31":"taxable","32":"shipping-taxable","33":"purchasable","34":"product-type-simple","35":"has-product-nav","36":"col","37":"span_1_of_4","38":"owp-content-center","39":"owp-thumbs-layout-horizontal","40":"owp-btn-normal","41":"owp-tabs-layout-horizontal"},"acf":[],"_links":{"self":[{"href":"https:\/\/artletshop.com\/hr\/wp-json\/wp\/v2\/product\/1324","targetHints":{"allow":["GET"]}}],"collection":[{"href":"https:\/\/artletshop.com\/hr\/wp-json\/wp\/v2\/product"}],"about":[{"href":"https:\/\/artletshop.com\/hr\/wp-json\/wp\/v2\/types\/product"}],"replies":[{"embeddable":true,"href":"https:\/\/artletshop.com\/hr\/wp-json\/wp\/v2\/comments?post=1324"}],"wp:featuredmedia":[{"embeddable":true,"href":"https:\/\/artletshop.com\/hr\/wp-json\/wp\/v2\/media\/1328"}],"wp:attachment":[{"href":"https:\/\/artletshop.com\/hr\/wp-json\/wp\/v2\/media?parent=1324"}],"wp:term":[{"taxonomy":"product_brand","embeddable":true,"href":"https:\/\/artletshop.com\/hr\/wp-json\/wp\/v2\/product_brand?post=1324"},{"taxonomy":"product_cat","embeddable":true,"href":"https:\/\/artletshop.com\/hr\/wp-json\/wp\/v2\/product_cat?post=1324"},{"taxonomy":"product_tag","embeddable":true,"href":"https:\/\/artletshop.com\/hr\/wp-json\/wp\/v2\/product_tag?post=1324"}],"curies":[{"name":"wp","href":"https:\/\/api.w.org\/{rel}","templated":true}]}}