{"id":1333,"date":"2025-10-22T19:13:44","date_gmt":"2025-10-22T19:13:44","guid":{"rendered":"https:\/\/artletshop.com\/?post_type=product&#038;p=1333"},"modified":"2026-03-03T18:06:43","modified_gmt":"2026-03-03T17:06:43","slug":"untitled-v","status":"publish","type":"product","link":"https:\/\/artletshop.com\/hr\/proizvod\/untitled-v\/","title":{"rendered":"Untitled V"},"content":{"rendered":"<p data-start=\"126\" data-end=\"410\"><strong><em data-start=\"126\" data-end=\"142\">Untitled V<\/em><\/strong> is a monumental piece from Branka Radonic\u2019s fiber art collection. This contemporary work exudes minimal elegance, with radiant white threads spiraling from the center to create a hypnotic, repetitive texture. The installation captures and refracts light, emitting a soft, warm glow, while its expansive, airy structure transforms any space into a serene, contemplative environment.<\/p>\n<p data-start=\"126\" data-end=\"410\">These beautiful art pieces do more than dazzle the eye, they <strong data-start=\"142\" data-end=\"178\">transform any space acoustically<\/strong>, functioning as elegant acoustic panels. Their intricate, layered surfaces scatter and soften sound, turning ordinary rooms into serene, resonant environments, while standing as breathtaking works of contemporary art.<\/p>\n<ul>\n<li>Artist: Branka Radoni\u0107 (Cro.) \/ inst: @brankaradonic<\/li>\n<li>Signature: not signed<\/li>\n<li>Original Title: Untitled V<\/li>\n<li>Date: 2022.<\/li>\n<li>Tema: Apstrakcija<\/li>\n<li>\u017danr: Suvremena tekstilna umjetnost<\/li>\n<li>Tehnika: Mje\u0161ovita tehnika, konoplja, boja<\/li>\n<li>Dimensions: 201 x 201 x 5 cm \/ <span class=\"sc-j0a86b-0 giaQUS\" data-type=\"dimensions\">79 H<\/span> x <span class=\"sc-j0a86b-0 giaQUS\" data-type=\"dimensions\">79 W x 1.9 in D<\/span><\/li>\n<li>Packaging: Ships in a wooden crate<\/li>\n<li>Originalno, jedinstveno umjetni\u010dko djelo<\/li>\n<li>Autenti\u010dnost: Uklju\u010den autorski certifikat o autenti\u010dnosti<\/li>\n<li>Spremno za postavljanje na zid: Da<\/li>\n<li>Okvir: Nije uokvireno<\/li>\n<li>Styles: Contemporary, Abstraction, Fiber Art with a tactile emphasis<\/li>\n<li>Tro\u0161ak dostave:\u00a0<strong>Tro\u0161kovi dostave nisu uklju\u010deni. Prikazane cijene su bez PDV-a; pripadaju\u0107i tro\u0161kovi dostave i PDV obra\u010dunavaju se pri naplati gdje je primjenjivo.<\/strong><\/li>\n<li>\u0160alje se iz: Izravno iz na\u0161eg atelijera u Zagrebu, Hrvatska (EU)<\/li>\n<li>Rok isporuke: U pravilu 5 do 7 radnih dana za po\u0161iljke unutar Hrvatske te 10 do 14 radnih dana za me\u0111unarodne po\u0161iljke.<\/li>\n<li>Carina: Djelo uklju\u010duje registrirani certifikat o vlasni\u0161tvu izdan u Ministarstvu kulture Republike Hrvatske, \u010dime se osigurava uredno carinjenje i izbjegavaju nepotrebna zadr\u017eavanja po\u0161iljke.<\/li>\n<\/ul>\n<p>This piece will be shipped flat in a sturdy, well-protected wooden crate, fully compliant with <strong>me\u0111unarodnim standardima za transport umjetnina,<\/strong> kako bi se osigurala sigurna dostava.<\/p>\n<p>Ovo je originalni, jedinstveni tekstilni rad umjetnice<strong> Branka Radoni\u0107<\/strong> i dolazi s <strong>certifikatom autenti\u010dnosti<\/strong>.<\/p>","protected":false},"excerpt":{"rendered":"<p data-start=\"126\" data-end=\"410\"><strong><em data-start=\"126\" data-end=\"142\">Untitled V<\/em><\/strong> is a monumental piece from Branka Radonic\u2019s fiber art collection. This contemporary work exudes minimal elegance, with radiant white threads spiraling from the center to create a hypnotic, repetitive texture. The installation captures and refracts light, emitting a soft, warm glow, while its expansive, airy structure transforms any space into a serene, contemplative environment.<\/p>\n<p data-start=\"126\" data-end=\"410\">These beautiful art pieces do more than dazzle the eye, they <strong data-start=\"142\" data-end=\"178\">transform any space acoustically<\/strong>, functioning as elegant acoustic panels. Their intricate, layered surfaces scatter and soften sound, turning ordinary rooms into serene, resonant environments, while standing as breathtaking works of contemporary art.<\/p>\n<ul>\n<li>Artist: Branka Radoni\u0107 (Cro.) \/ inst: @brankaradonic<\/li>\n<li>Signature: not signed<\/li>\n<li>Original Title: Untitled V<\/li>\n<li>Date: 2022.<\/li>\n<li>Tema: Apstrakcija<\/li>\n<li>\u017danr: Suvremena tekstilna umjetnost<\/li>\n<li>Tehnika: Mje\u0161ovita tehnika, konoplja, boja<\/li>\n<li>Dimensions: 201 x 201 x 5 cm \/ <span class=\"sc-j0a86b-0 giaQUS\" data-type=\"dimensions\">79 H<\/span> x <span class=\"sc-j0a86b-0 giaQUS\" data-type=\"dimensions\">79 W x 1.9 in D<\/span><\/li>\n<li>Tro\u0161ak dostave:\u00a0<strong>Tro\u0161kovi dostave nisu uklju\u010deni. Prikazane cijene su bez PDV-a; pripadaju\u0107i tro\u0161kovi dostave i PDV obra\u010dunavaju se pri naplati gdje je primjenjivo.<\/strong><\/li>\n<li>\u0160alje se iz: Izravno iz na\u0161eg atelijera u Zagrebu, Hrvatska (EU)<\/li>\n<\/ul>\n<p>This piece will be shipped flat in a sturdy, well-protected wooden crate, fully compliant with <strong>me\u0111unarodnim standardima za transport umjetnina,<\/strong> kako bi se osigurala sigurna dostava.<\/p>\n<p>Ovo je originalni, jedinstveni tekstilni rad umjetnice<strong> Branka Radoni\u0107<\/strong> i dolazi s <strong>certifikatom autenti\u010dnosti<\/strong>.<\/p>","protected":false},"featured_media":1336,"comment_status":"open","ping_status":"closed","template":"","meta":{"_acf_changed":false,"qubely_global_settings":"","qubely_interactions":"","ocean_post_layout":"","ocean_both_sidebars_style":"","ocean_both_sidebars_content_width":0,"ocean_both_sidebars_sidebars_width":0,"ocean_sidebar":"0","ocean_second_sidebar":"0","ocean_disable_margins":"enable","ocean_add_body_class":"","ocean_shortcode_before_top_bar":"","ocean_shortcode_after_top_bar":"","ocean_shortcode_before_header":"","ocean_shortcode_after_header":"","ocean_has_shortcode":"","ocean_shortcode_after_title":"","ocean_shortcode_before_footer_widgets":"","ocean_shortcode_after_footer_widgets":"","ocean_shortcode_before_footer_bottom":"","ocean_shortcode_after_footer_bottom":"","ocean_display_top_bar":"default","ocean_display_header":"default","ocean_header_style":"","ocean_center_header_left_menu":"0","ocean_custom_header_template":"0","ocean_custom_logo":0,"ocean_custom_retina_logo":0,"ocean_custom_logo_max_width":0,"ocean_custom_logo_tablet_max_width":0,"ocean_custom_logo_mobile_max_width":0,"ocean_custom_logo_max_height":0,"ocean_custom_logo_tablet_max_height":0,"ocean_custom_logo_mobile_max_height":0,"ocean_header_custom_menu":"0","ocean_menu_typo_font_family":"0","ocean_menu_typo_font_subset":"","ocean_menu_typo_font_size":0,"ocean_menu_typo_font_size_tablet":0,"ocean_menu_typo_font_size_mobile":0,"ocean_menu_typo_font_size_unit":"px","ocean_menu_typo_font_weight":"","ocean_menu_typo_font_weight_tablet":"","ocean_menu_typo_font_weight_mobile":"","ocean_menu_typo_transform":"","ocean_menu_typo_transform_tablet":"","ocean_menu_typo_transform_mobile":"","ocean_menu_typo_line_height":0,"ocean_menu_typo_line_height_tablet":0,"ocean_menu_typo_line_height_mobile":0,"ocean_menu_typo_line_height_unit":"","ocean_menu_typo_spacing":0,"ocean_menu_typo_spacing_tablet":0,"ocean_menu_typo_spacing_mobile":0,"ocean_menu_typo_spacing_unit":"","ocean_menu_link_color":"","ocean_menu_link_color_hover":"","ocean_menu_link_color_active":"","ocean_menu_link_background":"","ocean_menu_link_hover_background":"","ocean_menu_link_active_background":"","ocean_menu_social_links_bg":"","ocean_menu_social_hover_links_bg":"","ocean_menu_social_links_color":"","ocean_menu_social_hover_links_color":"","ocean_disable_title":"default","ocean_disable_heading":"default","ocean_post_title":"","ocean_post_subheading":"","ocean_post_title_style":"","ocean_post_title_background_color":"","ocean_post_title_background":0,"ocean_post_title_bg_image_position":"","ocean_post_title_bg_image_attachment":"","ocean_post_title_bg_image_repeat":"","ocean_post_title_bg_image_size":"","ocean_post_title_height":0,"ocean_post_title_bg_overlay":0.5,"ocean_post_title_bg_overlay_color":"","ocean_disable_breadcrumbs":"default","ocean_breadcrumbs_color":"","ocean_breadcrumbs_separator_color":"","ocean_breadcrumbs_links_color":"","ocean_breadcrumbs_links_hover_color":"","ocean_display_footer_widgets":"default","ocean_display_footer_bottom":"default","ocean_custom_footer_template":"0"},"product_brand":[146],"product_cat":[18,170,15],"product_tag":[198,199,86,175,200,182,171,174,195,197,196,192,193,194],"class_list":{"0":"post-1333","1":"product","2":"type-product","3":"status-publish","4":"has-post-thumbnail","6":"product_brand-branka-radonic","7":"product_cat-abstract","8":"product_cat-fiber-art","9":"product_cat-paintings","10":"product_tag-acoustic-art-panel","11":"product_tag-akusticni-umjetnicki-panel","12":"product_tag-artletshop","13":"product_tag-branka-radonic","14":"product_tag-contemporary-art-acustic-panel","15":"product_tag-contemporary-fiber-art","16":"product_tag-fiber-art","17":"product_tag-radonic","18":"product_tag-spatial-artwork","19":"product_tag-tactile-art","20":"product_tag-textured-artwork","21":"product_tag-white-artwork","22":"product_tag-white-contemporary-artwork","23":"product_tag-white-minimalistic-installation-art","24":"product_shipping_class-art-huge-xl","25":"pa_size-xxl","27":"entry","28":"has-media","30":"first","31":"instock","32":"sold-individually","33":"taxable","34":"shipping-taxable","35":"product-type-simple","36":"has-product-nav","37":"col","38":"span_1_of_4","39":"owp-content-center","40":"owp-thumbs-layout-horizontal","41":"owp-btn-normal","42":"owp-tabs-layout-horizontal"},"acf":[],"_links":{"self":[{"href":"https:\/\/artletshop.com\/hr\/wp-json\/wp\/v2\/product\/1333","targetHints":{"allow":["GET"]}}],"collection":[{"href":"https:\/\/artletshop.com\/hr\/wp-json\/wp\/v2\/product"}],"about":[{"href":"https:\/\/artletshop.com\/hr\/wp-json\/wp\/v2\/types\/product"}],"replies":[{"embeddable":true,"href":"https:\/\/artletshop.com\/hr\/wp-json\/wp\/v2\/comments?post=1333"}],"wp:featuredmedia":[{"embeddable":true,"href":"https:\/\/artletshop.com\/hr\/wp-json\/wp\/v2\/media\/1336"}],"wp:attachment":[{"href":"https:\/\/artletshop.com\/hr\/wp-json\/wp\/v2\/media?parent=1333"}],"wp:term":[{"taxonomy":"product_brand","embeddable":true,"href":"https:\/\/artletshop.com\/hr\/wp-json\/wp\/v2\/product_brand?post=1333"},{"taxonomy":"product_cat","embeddable":true,"href":"https:\/\/artletshop.com\/hr\/wp-json\/wp\/v2\/product_cat?post=1333"},{"taxonomy":"product_tag","embeddable":true,"href":"https:\/\/artletshop.com\/hr\/wp-json\/wp\/v2\/product_tag?post=1333"}],"curies":[{"name":"wp","href":"https:\/\/api.w.org\/{rel}","templated":true}]}}