{"id":1350,"date":"2025-10-22T20:06:11","date_gmt":"2025-10-22T20:06:11","guid":{"rendered":"https:\/\/artletshop.com\/?post_type=product&#038;p=1350"},"modified":"2026-03-08T21:04:59","modified_gmt":"2026-03-08T20:04:59","slug":"untitled-vii","status":"publish","type":"product","link":"https:\/\/artletshop.com\/hr\/proizvod\/untitled-vii\/","title":{"rendered":"Untitled VII"},"content":{"rendered":"<p>Experience the commanding presence of <strong>Untitled VII<\/strong>, Branka Radoni\u0107\u2019s monumental red fiber artwork, a masterful fusion of contemporary fiber art abstraction, dynamic form, and vibrant chromatic energy, captivating the eye and transforming any interior into a bold, expressive statement.<\/p>\n<hr data-start=\"281\" data-end=\"284\" \/>\n<h2 class=\"wp-block-heading has-text-align-center\"><\/h2>\n<blockquote class=\"wp-block-quote is-layout-flow wp-block-quote-is-layout-flow\">\n<p class=\"has-small-font-size\">Svojim radom istra\u017eujem granice izme\u0111u tekstila, crte\u017ea i kiparstva, koriste\u0107i kudelju, boju i razli\u010dita veziva kao primarne materijale. Nitima oblikujem forme koje zra\u010de prostornom dinamikom, slojevito\u0161\u0107u i taktilnom prisutno\u0161\u0107u.<\/p>\n<\/blockquote>\n<blockquote class=\"wp-block-quote is-layout-flow wp-block-quote-is-layout-flow\">\n<p class=\"has-small-font-size\">Fascinira me transformacija industrijskih materijala u apstraktne kompozicije, a boju koristim kako bih dodatno naglasila teksturalnu prirodu svojih lebde\u0107ih struktura. Moj rad povezuje suvremene pristupe i povijesni kontekst. \u0160paga, kao linija i \u010dvor, priziva andski khipu, drevne tekstilne sustave kori\u0161tene za zapisivanje i strukturiranje znanja. Kroz to tekstil postaje vi\u0161e od materijala: prenosi informacije dok oblikuje prostor, nastavljaju\u0107i tradiciju umjetni\u010dkog bilje\u017eenja kroz materijal.<\/p>\n<\/blockquote>\n<blockquote class=\"wp-block-quote is-layout-flow wp-block-quote-is-layout-flow\">\n<p class=\"has-small-font-size\">Moj rad odra\u017eava godine predanog istra\u017eivanja i razvoja vlastitih autenti\u010dnih tehnika, nude\u0107i nove perspektive suvremenoj tekstilnoj umjetnosti.<\/p>\n<\/blockquote>\n<ul>\n<li>Artist: Branka Radoni\u0107 (Cro.) \/ inst: @brankaradonic<\/li>\n<li>Signature: not signed<\/li>\n<li>Original Title: Untitled VII<\/li>\n<li>Date: 2023. \/ 2024.<\/li>\n<li>Tema: Apstrakcija<\/li>\n<li>\u017danr: Suvremena tekstilna umjetnost<\/li>\n<li>Tehnika: Mje\u0161ovita tehnika, konoplja, boja<\/li>\n<li>Dimensions: 232 x 211 x 11 cm \/ <span class=\"sc-j0a86b-0 giaQUS\" data-type=\"dimensions\">91.3 H<\/span> x <span class=\"sc-j0a86b-0 giaQUS\" data-type=\"dimensions\">83 W x 4.3 in D<\/span><\/li>\n<li>Pakiranje: Djelo se \u0161alje u \u010dvrstoj kartonskoj kutiji, u skladu s me\u0111unarodnim standardima za transport umjetnina.<\/li>\n<li>Originalno, jedinstveno umjetni\u010dko djelo<\/li>\n<li>Autenti\u010dnost: Uklju\u010den autorski certifikat o autenti\u010dnosti<\/li>\n<li>Spremno za postavljanje na zid: Da<\/li>\n<li>Okvir: Nije uokvireno<\/li>\n<li>Styles: Contemporary, Abstraction, Fiber Art with a tactile emphasis<\/li>\n<li>Tro\u0161ak dostave:\u00a0<strong>Tro\u0161kovi dostave nisu uklju\u010deni. Prikazane cijene su bez PDV-a; pripadaju\u0107i tro\u0161kovi dostave i PDV obra\u010dunavaju se pri naplati gdje je primjenjivo.<\/strong><\/li>\n<li>\u0160alje se iz: Izravno iz na\u0161eg atelijera u Zagrebu, Hrvatska (EU)<\/li>\n<li>Rok isporuke: U pravilu 5 do 7 radnih dana za po\u0161iljke unutar Hrvatske te 10 do 14 radnih dana za me\u0111unarodne po\u0161iljke.<\/li>\n<li>Carina: Djelo uklju\u010duje registrirani certifikat o vlasni\u0161tvu izdan u Ministarstvu kulture Republike Hrvatske, \u010dime se osigurava uredno carinjenje i izbjegavaju nepotrebna zadr\u017eavanja po\u0161iljke.<\/li>\n<\/ul>\n<p>This beautiful art piece does more than dazzle the eye; it <strong>transforms any space acoustically<\/strong>, functioning as an elegant <strong>acoustic panel<\/strong>. Its intricate, layered surface scatters and softens sound, turning an ordinary room into a serene, resonant environment, while standing as a breathtaking work of contemporary art.<\/p>\n<p>Djelo se \u0161alje pa\u017eljivo zapakirano u \u010dvrstoj kartonskoj kutiji, u skladu s <strong>me\u0111unarodnim standardima za transport umjetnina,<\/strong> kako bi se osigurala sigurna dostava.<\/p>\n<p>Ovo je originalni, jedinstveni tekstilni rad umjetnice<strong> Branka Radoni\u0107<\/strong> i dolazi s <strong>certifikatom autenti\u010dnosti<\/strong>.<\/p>","protected":false},"excerpt":{"rendered":"<p>Experience the commanding presence of <strong>Untitled VII<\/strong>, Branka Radoni\u0107\u2019s monumental red fiber artwork, a masterful fusion of contemporary abstraction, dynamic form, and vibrant chromatic energy, captivating the eye and transforming any interior into a bold, expressive statement.<\/p>\n<p data-start=\"78\" data-end=\"399\">This beautiful art piece does more than dazzle the eye; it <strong>transforms any space acoustically<\/strong>, functioning as an elegant <strong>acoustic panel<\/strong>. Its intricate, layered surface scatters and softens sound, turning an ordinary room into a serene, resonant environment, while standing as a breathtaking work of contemporary art.<\/p>\n<ul>\n<li>Artist: Branka Radoni\u0107 (Cro.) \/ inst: @brankaradonic<\/li>\n<li>Potpis: Potpisano<\/li>\n<li>Original Title: Untitled VII<\/li>\n<li>Date: 2023. \/ 2024.<\/li>\n<li>Tema: Apstrakcija<\/li>\n<li>\u017danr: Suvremena tekstilna umjetnost<\/li>\n<li>Tehnika: Mje\u0161ovita tehnika, konoplja, boja<\/li>\n<li>Dimensions: 232 x 211 x 11 cm \/ <span class=\"sc-j0a86b-0 giaQUS\" data-type=\"dimensions\">91.3 H<\/span> x <span class=\"sc-j0a86b-0 giaQUS\" data-type=\"dimensions\">83 W x 4.3 in D<\/span><\/li>\n<li>Pakiranje: Djelo se \u0161alje u \u010dvrstoj kartonskoj kutiji, u skladu s me\u0111unarodnim standardima za transport umjetnina.<\/li>\n<li>Originalno, jedinstveno umjetni\u010dko djelo<\/li>\n<li>Autenti\u010dnost: Uklju\u010den autorski certifikat o autenti\u010dnosti<\/li>\n<li>Spremno za postavljanje na zid: Da<\/li>\n<li>Tro\u0161ak dostave:\u00a0<strong>Tro\u0161kovi dostave nisu uklju\u010deni. Prikazane cijene su bez PDV-a; pripadaju\u0107i tro\u0161kovi dostave i PDV obra\u010dunavaju se pri naplati gdje je primjenjivo.<\/strong><\/li>\n<li>\u0160alje se iz: Izravno iz na\u0161eg atelijera u Zagrebu, Hrvatska (EU)<\/li>\n<\/ul>\n<p>Djelo se \u0161alje pa\u017eljivo zapakirano u \u010dvrstoj kartonskoj kutiji, u skladu s <strong>me\u0111unarodnim standardima za transport umjetnina,<\/strong> kako bi se osigurala sigurna dostava.<\/p>\n<p>Ovo je originalni, jedinstveni tekstilni rad umjetnice<strong> Branka Radoni\u0107<\/strong> i dolazi s <strong>certifikatom autenti\u010dnosti<\/strong>.<\/p>\n<hr data-start=\"281\" data-end=\"284\" \/>\n<h2 class=\"wp-block-heading has-text-align-center\"><\/h2>\n<blockquote class=\"wp-block-quote is-layout-flow wp-block-quote-is-layout-flow\">\n<p class=\"has-small-font-size\">Svojim radom istra\u017eujem granice izme\u0111u tekstila, crte\u017ea i kiparstva, koriste\u0107i kudelju, boju i razli\u010dita veziva kao primarne materijale. Nitima oblikujem forme koje zra\u010de prostornom dinamikom, slojevito\u0161\u0107u i taktilnom prisutno\u0161\u0107u.<\/p>\n<\/blockquote>\n<blockquote class=\"wp-block-quote is-layout-flow wp-block-quote-is-layout-flow\">\n<p class=\"has-small-font-size\">Fascinira me transformacija industrijskih materijala u apstraktne kompozicije, a boju koristim kako bih dodatno naglasila teksturalnu prirodu svojih lebde\u0107ih struktura. Moj rad povezuje suvremene pristupe i povijesni kontekst. \u0160paga, kao linija i \u010dvor, priziva andski khipu, drevne tekstilne sustave kori\u0161tene za zapisivanje i strukturiranje znanja. Kroz to tekstil postaje vi\u0161e od materijala: prenosi informacije dok oblikuje prostor, nastavljaju\u0107i tradiciju umjetni\u010dkog bilje\u017eenja kroz materijal.<\/p>\n<\/blockquote>\n<blockquote class=\"wp-block-quote is-layout-flow wp-block-quote-is-layout-flow\">\n<p class=\"has-small-font-size\">Moj rad odra\u017eava godine predanog istra\u017eivanja i razvoja vlastitih autenti\u010dnih tehnika, nude\u0107i nove perspektive suvremenoj tekstilnoj umjetnosti.<\/p>\n<\/blockquote>","protected":false},"featured_media":1345,"comment_status":"open","ping_status":"closed","template":"","meta":{"_acf_changed":false,"qubely_global_settings":"","qubely_interactions":"","ocean_post_layout":"","ocean_both_sidebars_style":"","ocean_both_sidebars_content_width":0,"ocean_both_sidebars_sidebars_width":0,"ocean_sidebar":"0","ocean_second_sidebar":"0","ocean_disable_margins":"enable","ocean_add_body_class":"","ocean_shortcode_before_top_bar":"","ocean_shortcode_after_top_bar":"","ocean_shortcode_before_header":"","ocean_shortcode_after_header":"","ocean_has_shortcode":"","ocean_shortcode_after_title":"","ocean_shortcode_before_footer_widgets":"","ocean_shortcode_after_footer_widgets":"","ocean_shortcode_before_footer_bottom":"","ocean_shortcode_after_footer_bottom":"","ocean_display_top_bar":"default","ocean_display_header":"default","ocean_header_style":"","ocean_center_header_left_menu":"0","ocean_custom_header_template":"0","ocean_custom_logo":0,"ocean_custom_retina_logo":0,"ocean_custom_logo_max_width":0,"ocean_custom_logo_tablet_max_width":0,"ocean_custom_logo_mobile_max_width":0,"ocean_custom_logo_max_height":0,"ocean_custom_logo_tablet_max_height":0,"ocean_custom_logo_mobile_max_height":0,"ocean_header_custom_menu":"0","ocean_menu_typo_font_family":"0","ocean_menu_typo_font_subset":"","ocean_menu_typo_font_size":0,"ocean_menu_typo_font_size_tablet":0,"ocean_menu_typo_font_size_mobile":0,"ocean_menu_typo_font_size_unit":"px","ocean_menu_typo_font_weight":"","ocean_menu_typo_font_weight_tablet":"","ocean_menu_typo_font_weight_mobile":"","ocean_menu_typo_transform":"","ocean_menu_typo_transform_tablet":"","ocean_menu_typo_transform_mobile":"","ocean_menu_typo_line_height":0,"ocean_menu_typo_line_height_tablet":0,"ocean_menu_typo_line_height_mobile":0,"ocean_menu_typo_line_height_unit":"","ocean_menu_typo_spacing":0,"ocean_menu_typo_spacing_tablet":0,"ocean_menu_typo_spacing_mobile":0,"ocean_menu_typo_spacing_unit":"","ocean_menu_link_color":"","ocean_menu_link_color_hover":"","ocean_menu_link_color_active":"","ocean_menu_link_background":"","ocean_menu_link_hover_background":"","ocean_menu_link_active_background":"","ocean_menu_social_links_bg":"","ocean_menu_social_hover_links_bg":"","ocean_menu_social_links_color":"","ocean_menu_social_hover_links_color":"","ocean_disable_title":"default","ocean_disable_heading":"default","ocean_post_title":"","ocean_post_subheading":"","ocean_post_title_style":"","ocean_post_title_background_color":"","ocean_post_title_background":0,"ocean_post_title_bg_image_position":"","ocean_post_title_bg_image_attachment":"","ocean_post_title_bg_image_repeat":"","ocean_post_title_bg_image_size":"","ocean_post_title_height":0,"ocean_post_title_bg_overlay":0.5,"ocean_post_title_bg_overlay_color":"","ocean_disable_breadcrumbs":"default","ocean_breadcrumbs_color":"","ocean_breadcrumbs_separator_color":"","ocean_breadcrumbs_links_color":"","ocean_breadcrumbs_links_hover_color":"","ocean_display_footer_widgets":"default","ocean_display_footer_bottom":"default","ocean_custom_footer_template":"0"},"product_brand":[146],"product_cat":[18,170,15],"product_tag":[205,181,86,228,595,175,203,229,171,594,204,206,125,174,88,178,202,195,217,56],"class_list":{"0":"post-1350","1":"product","2":"type-product","3":"status-publish","4":"has-post-thumbnail","6":"product_brand-branka-radonic","7":"product_cat-abstract","8":"product_cat-fiber-art","9":"product_cat-paintings","10":"product_tag-acustic-panel-art","11":"product_tag-art-installation","12":"product_tag-artletshop","13":"product_tag-beautiful-art-piece","14":"product_tag-big-artwork","15":"product_tag-branka-radonic","16":"product_tag-contemporary-red-artwork","17":"product_tag-crvena","18":"product_tag-fiber-art","19":"product_tag-huge-artwork","20":"product_tag-monumental-artwork","21":"product_tag-one-of-a-kind","22":"product_tag-original-artwork","23":"product_tag-radonic","24":"product_tag-red","25":"product_tag-red-artwork","26":"product_tag-red-fiber-art","27":"product_tag-spatial-artwork","28":"product_tag-tactile-artwork","29":"product_tag-vibrant-red-artwork","30":"product_shipping_class-art-huge-xl","31":"pa_size-xxl","33":"entry","34":"has-media","36":"first","37":"instock","38":"sold-individually","39":"taxable","40":"shipping-taxable","41":"purchasable","42":"product-type-simple","43":"has-product-nav","44":"col","45":"span_1_of_4","46":"owp-content-center","47":"owp-thumbs-layout-horizontal","48":"owp-btn-normal","49":"owp-tabs-layout-horizontal"},"acf":[],"_links":{"self":[{"href":"https:\/\/artletshop.com\/hr\/wp-json\/wp\/v2\/product\/1350","targetHints":{"allow":["GET"]}}],"collection":[{"href":"https:\/\/artletshop.com\/hr\/wp-json\/wp\/v2\/product"}],"about":[{"href":"https:\/\/artletshop.com\/hr\/wp-json\/wp\/v2\/types\/product"}],"replies":[{"embeddable":true,"href":"https:\/\/artletshop.com\/hr\/wp-json\/wp\/v2\/comments?post=1350"}],"wp:featuredmedia":[{"embeddable":true,"href":"https:\/\/artletshop.com\/hr\/wp-json\/wp\/v2\/media\/1345"}],"wp:attachment":[{"href":"https:\/\/artletshop.com\/hr\/wp-json\/wp\/v2\/media?parent=1350"}],"wp:term":[{"taxonomy":"product_brand","embeddable":true,"href":"https:\/\/artletshop.com\/hr\/wp-json\/wp\/v2\/product_brand?post=1350"},{"taxonomy":"product_cat","embeddable":true,"href":"https:\/\/artletshop.com\/hr\/wp-json\/wp\/v2\/product_cat?post=1350"},{"taxonomy":"product_tag","embeddable":true,"href":"https:\/\/artletshop.com\/hr\/wp-json\/wp\/v2\/product_tag?post=1350"}],"curies":[{"name":"wp","href":"https:\/\/api.w.org\/{rel}","templated":true}]}}