{"id":1526,"date":"2025-10-26T18:18:09","date_gmt":"2025-10-26T18:18:09","guid":{"rendered":"https:\/\/artletshop.com\/?post_type=product&#038;p=1526"},"modified":"2026-03-08T22:27:18","modified_gmt":"2026-03-08T21:27:18","slug":"electric-neon-green","status":"publish","type":"product","link":"https:\/\/artletshop.com\/hr\/proizvod\/electric-neon-green\/","title":{"rendered":"Electric neon green"},"content":{"rendered":"<blockquote><p>Deep Calm Blue vs. Electric Neon Green is a dramatic, high-contrast painting by Vjeran Cengic that juxtaposes deep, serene blues with intensely bright, vivid green aquatic plants. At the center, a gently lit angel fish with stripes glides in soft light blue form, creating a calm focal point amidst the energetic, almost electric underwater environment. The composition is simple yet powerful, capturing the tension between tranquility and vibrancy, and transforming a familiar aquatic scene into a striking visual experience.<\/p><\/blockquote>\n<ul>\n<li>Umjetnik: mag. art. Vjeran \u010cengi\u0107 (Hrvatska)<\/li>\n<li>Signature: signed \u201cV. Cengic\u201d lower left on the front and verso.<\/li>\n<li>Original Title: Deep calm blue vs. the Electric neon green<\/li>\n<li>Date: 2025.<\/li>\n<li>Theme: Animal, aquarium, fish, underwater, nature<\/li>\n<li>\u017danr: Figuracija<\/li>\n<li>Media: Mixed media, oil, acrylics, canvas<\/li>\n<li>Dimensions: 60 x 50 x 2 cm \/ <span class=\"sc-j0a86b-0 giaQUS\" data-type=\"dimensions\">23.6<\/span><span class=\"sc-j0a86b-0 giaQUS\" data-type=\"dimensions\"> W x 19.7 H x 0.8 D in<\/span><\/li>\n<li>Pakiranje: Djelo se \u0161alje u \u010dvrstoj kartonskoj kutiji, u skladu s me\u0111unarodnim standardima za transport umjetnina.<\/li>\n<li>Originalno, jedinstveno umjetni\u010dko djelo<\/li>\n<li>Autenti\u010dnost: Uklju\u010den autorski certifikat o autenti\u010dnosti<\/li>\n<li>Spremno za postavljanje na zid: Da<\/li>\n<li>Okvir: Nije uokvireno<\/li>\n<li>Styles: Contemporary, Expressionism, Figuration, Colourism, Abstraction<\/li>\n<li>Tro\u0161ak dostave:\u00a0<strong>Tro\u0161kovi dostave nisu uklju\u010deni. Prikazane cijene su bez PDV-a; pripadaju\u0107i tro\u0161kovi dostave i PDV obra\u010dunavaju se pri naplati gdje je primjenjivo.<\/strong><\/li>\n<li>\u0160alje se iz: Izravno iz na\u0161eg atelijera u Zagrebu, Hrvatska (EU)<\/li>\n<li>Rok isporuke: U pravilu 5 do 7 radnih dana za po\u0161iljke unutar Hrvatske te 10 do 14 radnih dana za me\u0111unarodne po\u0161iljke.<\/li>\n<li>Carina: Djelo uklju\u010duje registrirani certifikat o vlasni\u0161tvu izdan u Ministarstvu kulture Republike Hrvatske, \u010dime se osigurava uredno carinjenje i izbjegavaju nepotrebna zadr\u017eavanja po\u0161iljke.<\/li>\n<\/ul>\n<p>&nbsp;<\/p>\n<p>Painted on cotton canvas stretched on a blind stretcher frame, this work comes with a <strong>instaliranim \u201ckrokodil\u201d nosa\u010dem<\/strong> na stra\u017enjoj strani, \u0161to omogu\u0107uje jednostavno i sigurno postavljanje na zid.<br \/>\nRubovi platna su potpuno oslikani, \u0161to omogu\u0107uje izlaganje bez okvira ili uokviravanje u tzv. \u201cfloating\u201d okvir.<\/p>\n<p>Djelo se \u0161alje pa\u017eljivo zapakirano u \u010dvrstoj kartonskoj kutiji, u skladu s <strong>me\u0111unarodnim standardima za transport umjetnina,<\/strong> kako bi se osigurala sigurna dostava.<\/p>\n<p>Ova umjetnina je <strong>originalno, jedinstveno<\/strong> <strong>djelo <\/strong>naslikano na platnu od strane mag. art. <strong>Vjeran \u010cengi\u0107<\/strong> i dolazi<strong>s<\/strong>autorovim <strong>certifikatom autenti\u010dnosti<\/strong>.<\/p>","protected":false},"excerpt":{"rendered":"<blockquote><p>Deep Calm Blue vs. Electric Neon Green is a dramatic, high-contrast painting by Vjeran Cengic that juxtaposes deep, serene blues with intensely bright, vivid green aquatic plants. At the center, a gently lit angel fish with stripes glides in soft light blue form, creating a calm focal point amidst the energetic, almost electric underwater environment. The composition is simple yet powerful, capturing the tension between tranquility and vibrancy, and transforming a familiar aquatic scene into a striking visual experience.<\/p><\/blockquote>\n<ul>\n<li>Umjetnik: mag. art. Vjeran \u010cengi\u0107 (Hrvatska)<\/li>\n<li>Signature: signed \u201cV. Cengic\u201d lower left on the front and verso.<\/li>\n<li>Original Title: Deep calm blue vs. the Electric neon green<\/li>\n<li>Date: 2025.<\/li>\n<li>Media: Mixed media, oil, acrylics, canvas<\/li>\n<li>Dimensions: 60 x 50 x 2 cm \/ <span class=\"sc-j0a86b-0 giaQUS\" data-type=\"dimensions\">23.6<\/span><span class=\"sc-j0a86b-0 giaQUS\" data-type=\"dimensions\"> W x 19.7 H x 0.8 D in<\/span><\/li>\n<li>Tro\u0161ak dostave:\u00a0<strong>Tro\u0161kovi dostave nisu uklju\u010deni. Prikazane cijene su bez PDV-a; pripadaju\u0107i tro\u0161kovi dostave i PDV obra\u010dunavaju se pri naplati gdje je primjenjivo.<\/strong><\/li>\n<li>\u0160alje se iz: Izravno iz na\u0161eg atelijera u Zagrebu, Hrvatska (EU)<\/li>\n<\/ul>\n<p>Painted on cotton canvas stretched on a blind stretcher frame, this work comes with a <strong>instaliranim \u201ckrokodil\u201d nosa\u010dem<\/strong> na stra\u017enjoj strani, \u0161to omogu\u0107uje jednostavno i sigurno postavljanje na zid.<br \/>\nRubovi platna su potpuno oslikani, \u0161to omogu\u0107uje izlaganje bez okvira ili uokviravanje u tzv. \u201cfloating\u201d okvir.<\/p>\n<p>Djelo se \u0161alje pa\u017eljivo zapakirano u \u010dvrstoj kartonskoj kutiji, u skladu s <strong>me\u0111unarodnim standardima za transport umjetnina,<\/strong> kako bi se osigurala sigurna dostava.<\/p>\n<p>Ova umjetnina je <strong>originalno, jedinstveno<\/strong> <strong>djelo <\/strong>naslikano na platnu od strane mag. art. <strong>Vjeran \u010cengi\u0107<\/strong> i dolazi<strong>s<\/strong>autorovim <strong>certifikatom autenti\u010dnosti<\/strong>.<\/p>","protected":false},"featured_media":683,"comment_status":"open","ping_status":"closed","template":"","meta":{"_acf_changed":false,"qubely_global_settings":"","qubely_interactions":"","ocean_post_layout":"","ocean_both_sidebars_style":"","ocean_both_sidebars_content_width":0,"ocean_both_sidebars_sidebars_width":0,"ocean_sidebar":"0","ocean_second_sidebar":"0","ocean_disable_margins":"enable","ocean_add_body_class":"","ocean_shortcode_before_top_bar":"","ocean_shortcode_after_top_bar":"","ocean_shortcode_before_header":"","ocean_shortcode_after_header":"","ocean_has_shortcode":"","ocean_shortcode_after_title":"","ocean_shortcode_before_footer_widgets":"","ocean_shortcode_after_footer_widgets":"","ocean_shortcode_before_footer_bottom":"","ocean_shortcode_after_footer_bottom":"","ocean_display_top_bar":"default","ocean_display_header":"default","ocean_header_style":"","ocean_center_header_left_menu":"0","ocean_custom_header_template":"0","ocean_custom_logo":0,"ocean_custom_retina_logo":0,"ocean_custom_logo_max_width":0,"ocean_custom_logo_tablet_max_width":0,"ocean_custom_logo_mobile_max_width":0,"ocean_custom_logo_max_height":0,"ocean_custom_logo_tablet_max_height":0,"ocean_custom_logo_mobile_max_height":0,"ocean_header_custom_menu":"0","ocean_menu_typo_font_family":"0","ocean_menu_typo_font_subset":"","ocean_menu_typo_font_size":0,"ocean_menu_typo_font_size_tablet":0,"ocean_menu_typo_font_size_mobile":0,"ocean_menu_typo_font_size_unit":"px","ocean_menu_typo_font_weight":"","ocean_menu_typo_font_weight_tablet":"","ocean_menu_typo_font_weight_mobile":"","ocean_menu_typo_transform":"","ocean_menu_typo_transform_tablet":"","ocean_menu_typo_transform_mobile":"","ocean_menu_typo_line_height":0,"ocean_menu_typo_line_height_tablet":0,"ocean_menu_typo_line_height_mobile":0,"ocean_menu_typo_line_height_unit":"","ocean_menu_typo_spacing":0,"ocean_menu_typo_spacing_tablet":0,"ocean_menu_typo_spacing_mobile":0,"ocean_menu_typo_spacing_unit":"","ocean_menu_link_color":"","ocean_menu_link_color_hover":"","ocean_menu_link_color_active":"","ocean_menu_link_background":"","ocean_menu_link_hover_background":"","ocean_menu_link_active_background":"","ocean_menu_social_links_bg":"","ocean_menu_social_hover_links_bg":"","ocean_menu_social_links_color":"","ocean_menu_social_hover_links_color":"","ocean_disable_title":"default","ocean_disable_heading":"default","ocean_post_title":"","ocean_post_subheading":"","ocean_post_title_style":"","ocean_post_title_background_color":"","ocean_post_title_background":0,"ocean_post_title_bg_image_position":"","ocean_post_title_bg_image_attachment":"","ocean_post_title_bg_image_repeat":"","ocean_post_title_bg_image_size":"","ocean_post_title_height":0,"ocean_post_title_bg_overlay":0.5,"ocean_post_title_bg_overlay_color":"","ocean_disable_breadcrumbs":"default","ocean_breadcrumbs_color":"","ocean_breadcrumbs_separator_color":"","ocean_breadcrumbs_links_color":"","ocean_breadcrumbs_links_hover_color":"","ocean_display_footer_widgets":"default","ocean_display_footer_bottom":"default","ocean_custom_footer_template":"0"},"product_brand":[145],"product_cat":[22,17,60,15],"product_tag":[393,390,395,397,394,392,335,362,334,391,396,299,375,398,108],"class_list":{"0":"post-1526","1":"product","2":"type-product","3":"status-publish","4":"has-post-thumbnail","6":"product_brand-vjeran-cengic","7":"product_cat-animals","8":"product_cat-figurative","9":"product_cat-nature-figurative","10":"product_cat-paintings","11":"product_tag-angel-fish","12":"product_tag-aquarium-scene","13":"product_tag-aquatic-life","14":"product_tag-bold-color-contrast","15":"product_tag-contemporary-painting","16":"product_tag-deep-blue","17":"product_tag-fine-art","18":"product_tag-high-contrast-art","19":"product_tag-modern-art","20":"product_tag-neon-green-plants","21":"product_tag-ocean-abstract","22":"product_tag-underwater-painting","23":"product_tag-vibrant-colors","24":"product_tag-vivid-underwater","25":"product_tag-vjeran-cengic","26":"product_shipping_class-art-small","27":"pa_size-m","29":"entry","30":"has-media","32":"first","33":"instock","34":"sold-individually","35":"taxable","36":"shipping-taxable","37":"purchasable","38":"product-type-simple","39":"has-product-nav","40":"col","41":"span_1_of_4","42":"owp-content-center","43":"owp-thumbs-layout-horizontal","44":"owp-btn-normal","45":"owp-tabs-layout-horizontal"},"acf":[],"_links":{"self":[{"href":"https:\/\/artletshop.com\/hr\/wp-json\/wp\/v2\/product\/1526","targetHints":{"allow":["GET"]}}],"collection":[{"href":"https:\/\/artletshop.com\/hr\/wp-json\/wp\/v2\/product"}],"about":[{"href":"https:\/\/artletshop.com\/hr\/wp-json\/wp\/v2\/types\/product"}],"replies":[{"embeddable":true,"href":"https:\/\/artletshop.com\/hr\/wp-json\/wp\/v2\/comments?post=1526"}],"wp:featuredmedia":[{"embeddable":true,"href":"https:\/\/artletshop.com\/hr\/wp-json\/wp\/v2\/media\/683"}],"wp:attachment":[{"href":"https:\/\/artletshop.com\/hr\/wp-json\/wp\/v2\/media?parent=1526"}],"wp:term":[{"taxonomy":"product_brand","embeddable":true,"href":"https:\/\/artletshop.com\/hr\/wp-json\/wp\/v2\/product_brand?post=1526"},{"taxonomy":"product_cat","embeddable":true,"href":"https:\/\/artletshop.com\/hr\/wp-json\/wp\/v2\/product_cat?post=1526"},{"taxonomy":"product_tag","embeddable":true,"href":"https:\/\/artletshop.com\/hr\/wp-json\/wp\/v2\/product_tag?post=1526"}],"curies":[{"name":"wp","href":"https:\/\/api.w.org\/{rel}","templated":true}]}}