{"id":1779,"date":"2026-02-07T20:33:17","date_gmt":"2026-02-07T20:33:17","guid":{"rendered":"https:\/\/artletshop.com\/?post_type=product&#038;p=1779"},"modified":"2026-03-08T22:25:29","modified_gmt":"2026-03-08T21:25:29","slug":"night-scene","status":"publish","type":"product","link":"https:\/\/artletshop.com\/hr\/proizvod\/night-scene\/","title":{"rendered":"Night Scene"},"content":{"rendered":"<p>This is a moment in which time stands still, random and unattainable, like a corner of the world we usually do not notice. It is beautiful, quiet, and strange, visible only to those who pay attention. It exists in the whisper of leaves and the flicker of light, in the breath of the night that carries the feeling that everything is possible, yet nothing lasts forever.<\/p>\n<p data-pm-slice=\"1 1 []\">To je trenutak u kojem vrijeme stane, slu\u010dajno i neuhvatljivo, poput kutka svijeta kojim ina\u010de prolazimo neopa\u017eeno. Lijep je, tih i stran, vidljiv samo onima koji paze. Postoji u \u0161aptu li\u0161\u0107a i titranju svjetla, u dahu no\u0107i koji nosi osje\u0107aj da je sve mogu\u0107e, a ni\u0161ta nije zauvijek.<\/p>\n<ul>\n<li>Umjetnik: mag. art. Vjeran \u010cengi\u0107 <a class=\"x1i10hfl xjbqb8w x1ejq31n x18oe1m7 x1sy0etr xstzfhl x972fbf x10w94by x1qhh985 x14e42zd x9f619 x1ypdohk xt0psk2 x3ct3a4 xdj266r x14z9mp xat24cr x1lziwak xexx8yu xyri2b x18d9i69 x1c1uobl x16tdsg8 x1hl2dhg xggy1nq x1a2a7pz notranslate _a6hd\" tabindex=\"0\" role=\"link\" href=\"https:\/\/www.instagram.com\/mitzek\/\">@mitzek<\/a>\u00a0\/ (Hrv.)<\/li>\n<li>Signature: signed \u201cV. Cengic\u201d lower left on the front<\/li>\n<li>Original Title: Night Scene<\/li>\n<li>Collection: \u201cNights\u201d<\/li>\n<li>Date: 2025.<\/li>\n<li>Theme: Nature, landscape, trees, night<\/li>\n<li>\u017danr: Figuracija<\/li>\n<li>Media: Acrylic and ink on paper<\/li>\n<li>Dimensions: 42 x 28 cm \/ 16.54 in<span class=\"sc-j0a86b-0 giaQUS\" data-type=\"dimensions\"> H x <\/span><span class=\"sc-j0a86b-0 giaQUS\" data-type=\"dimensions\">11.02 in W<\/span><\/li>\n<li>Packaging: Ships in a Cardboard Tube<\/li>\n<li>Originalno, jedinstveno umjetni\u010dko djelo<\/li>\n<li>Autenti\u010dnost: Uklju\u010den autorski certifikat o autenti\u010dnosti<\/li>\n<li>Okvir: Nije uokvireno<\/li>\n<li>Styles: Contemporary Figuration<\/li>\n<li>Tro\u0161ak dostave:\u00a0<strong data-start=\"385\" data-end=\"417\">Tro\u0161kovi dostave nisu uklju\u010deni. <\/strong><strong data-start=\"422\" data-end=\"493\">Cijene ne uklju\u010duju PDV; PDV \u0107e se obra\u010dunati pri naplati, gdje je primjenjivo.<\/strong><\/li>\n<li>Rok isporuke: U pravilu 5 do 7 radnih dana za po\u0161iljke unutar Hrvatske te 10 do 14 radnih dana za me\u0111unarodne po\u0161iljke.<\/li>\n<li>\u0160alje se iz: Izravno iz na\u0161eg atelijera u Zagrebu, Hrvatska (EU)<\/li>\n<\/ul>\n<p>Ova umjetnina je <strong>originalno, jedinstveno<\/strong> <strong>art piece<\/strong> drawing made by mag. art. <strong>Vjeran \u010cengi\u0107<\/strong> i dolazi<strong>s<\/strong>autorovim <strong>certifikatom autenti\u010dnosti<\/strong>.<\/p>\n<p>It will be shipped flat in a sturdy, well-protected cardboard tube,\u00a0to ensure its safe arrival.<\/p>\n<p><strong>The frame<\/strong> shown in the image is <strong>not included<\/strong> and is for<strong> illustrative purposes only.<\/strong><\/p>","protected":false},"excerpt":{"rendered":"<p>This is a moment in which time stands still, random and unattainable, like a corner of the world we usually do not notice. It is beautiful, quiet, and strange, visible only to those who pay attention. It exists in the whisper of leaves and the flicker of light, in the breath of the night that carries the feeling that everything is possible, yet nothing lasts forever.<\/p>\n<ul>\n<li>Umjetnik: mag. art. Vjeran \u010cengi\u0107 <a class=\"x1i10hfl xjbqb8w x1ejq31n x18oe1m7 x1sy0etr xstzfhl x972fbf x10w94by x1qhh985 x14e42zd x9f619 x1ypdohk xt0psk2 x3ct3a4 xdj266r x14z9mp xat24cr x1lziwak xexx8yu xyri2b x18d9i69 x1c1uobl x16tdsg8 x1hl2dhg xggy1nq x1a2a7pz notranslate _a6hd\" tabindex=\"0\" role=\"link\" href=\"https:\/\/www.instagram.com\/mitzek\/\">@mitzek<\/a>\u00a0\/ (Hrv.)<\/li>\n<li>Signature: signed \u201cV. Cengic\u201d lower left on the front<\/li>\n<li>Original Title: Night Scene<\/li>\n<li>Collection: \u201cNights\u201d<\/li>\n<li>Date: 2025.<\/li>\n<li>Theme: Nature, landscape, trees, night<\/li>\n<li>\u017danr: Figuracija<\/li>\n<li>Media: Acrylic and ink on paper<\/li>\n<li>Dimensions: 42 x 28 cm \/ 16.54 in<span class=\"sc-j0a86b-0 giaQUS\" data-type=\"dimensions\"> H x <\/span><span class=\"sc-j0a86b-0 giaQUS\" data-type=\"dimensions\">11.02 in W<\/span><\/li>\n<li>Packaging: Ships in a Cardboard Tube<\/li>\n<li>Originalno, jedinstveno umjetni\u010dko djelo<\/li>\n<li>Autenti\u010dnost: Uklju\u010den autorski certifikat o autenti\u010dnosti<\/li>\n<li>Tro\u0161ak dostave:\u00a0<strong data-start=\"385\" data-end=\"417\">Tro\u0161kovi dostave nisu uklju\u010deni. <\/strong><strong data-start=\"422\" data-end=\"493\">Cijene ne uklju\u010duju PDV; PDV \u0107e se obra\u010dunati pri naplati, gdje je primjenjivo.<\/strong><\/li>\n<li>\u0160alje se iz: Izravno iz na\u0161eg atelijera u Zagrebu, Hrvatska (EU)<\/li>\n<\/ul>\n<p>Ova umjetnina je <strong>originalno, jedinstveno<\/strong> <strong>art piece<\/strong> drawing made by mag. art. <strong>Vjeran \u010cengi\u0107<\/strong> i dolazi<strong>s<\/strong>autorovim <strong>certifikatom autenti\u010dnosti<\/strong>.<\/p>\n<p>It will be shipped flat in a sturdy, well-protected cardboard tube,\u00a0to ensure its safe arrival.<\/p>\n<p><strong>The frame<\/strong> shown in the image is <strong>not included<\/strong> and is for<strong> illustrative purposes only.<\/strong><\/p>","protected":false},"featured_media":1790,"comment_status":"open","ping_status":"closed","template":"","meta":{"_acf_changed":false,"qubely_global_settings":"","qubely_interactions":"","ocean_post_layout":"","ocean_both_sidebars_style":"","ocean_both_sidebars_content_width":0,"ocean_both_sidebars_sidebars_width":0,"ocean_sidebar":"0","ocean_second_sidebar":"0","ocean_disable_margins":"enable","ocean_add_body_class":"","ocean_shortcode_before_top_bar":"","ocean_shortcode_after_top_bar":"","ocean_shortcode_before_header":"","ocean_shortcode_after_header":"","ocean_has_shortcode":"","ocean_shortcode_after_title":"","ocean_shortcode_before_footer_widgets":"","ocean_shortcode_after_footer_widgets":"","ocean_shortcode_before_footer_bottom":"","ocean_shortcode_after_footer_bottom":"","ocean_display_top_bar":"default","ocean_display_header":"default","ocean_header_style":"","ocean_center_header_left_menu":"0","ocean_custom_header_template":"0","ocean_custom_logo":0,"ocean_custom_retina_logo":0,"ocean_custom_logo_max_width":0,"ocean_custom_logo_tablet_max_width":0,"ocean_custom_logo_mobile_max_width":0,"ocean_custom_logo_max_height":0,"ocean_custom_logo_tablet_max_height":0,"ocean_custom_logo_mobile_max_height":0,"ocean_header_custom_menu":"0","ocean_menu_typo_font_family":"0","ocean_menu_typo_font_subset":"","ocean_menu_typo_font_size":0,"ocean_menu_typo_font_size_tablet":0,"ocean_menu_typo_font_size_mobile":0,"ocean_menu_typo_font_size_unit":"px","ocean_menu_typo_font_weight":"","ocean_menu_typo_font_weight_tablet":"","ocean_menu_typo_font_weight_mobile":"","ocean_menu_typo_transform":"","ocean_menu_typo_transform_tablet":"","ocean_menu_typo_transform_mobile":"","ocean_menu_typo_line_height":0,"ocean_menu_typo_line_height_tablet":0,"ocean_menu_typo_line_height_mobile":0,"ocean_menu_typo_line_height_unit":"","ocean_menu_typo_spacing":0,"ocean_menu_typo_spacing_tablet":0,"ocean_menu_typo_spacing_mobile":0,"ocean_menu_typo_spacing_unit":"","ocean_menu_link_color":"","ocean_menu_link_color_hover":"","ocean_menu_link_color_active":"","ocean_menu_link_background":"","ocean_menu_link_hover_background":"","ocean_menu_link_active_background":"","ocean_menu_social_links_bg":"","ocean_menu_social_hover_links_bg":"","ocean_menu_social_links_color":"","ocean_menu_social_hover_links_color":"","ocean_disable_title":"default","ocean_disable_heading":"default","ocean_post_title":"","ocean_post_subheading":"","ocean_post_title_style":"","ocean_post_title_background_color":"","ocean_post_title_background":0,"ocean_post_title_bg_image_position":"","ocean_post_title_bg_image_attachment":"","ocean_post_title_bg_image_repeat":"","ocean_post_title_bg_image_size":"","ocean_post_title_height":0,"ocean_post_title_bg_overlay":0.5,"ocean_post_title_bg_overlay_color":"","ocean_disable_breadcrumbs":"default","ocean_breadcrumbs_color":"","ocean_breadcrumbs_separator_color":"","ocean_breadcrumbs_links_color":"","ocean_breadcrumbs_links_hover_color":"","ocean_display_footer_widgets":"default","ocean_display_footer_bottom":"default","ocean_custom_footer_template":"0"},"product_brand":[145],"product_cat":[30,32,33,36],"product_tag":[511,502,71,510,505,494,508,140,501,507,509,503,504,506],"class_list":{"0":"post-1779","1":"product","2":"type-product","3":"status-publish","4":"has-post-thumbnail","6":"product_brand-vjeran-cengic","7":"product_cat-drawings","8":"product_cat-figurative-drawings","9":"product_cat-landscape-figurative-drawings","10":"product_cat-nature","11":"product_tag-acrylic-on-paper","12":"product_tag-autumn","13":"product_tag-cengic","14":"product_tag-colour-drawing","15":"product_tag-dark-black","16":"product_tag-drawing","17":"product_tag-drawing-on-paper","18":"product_tag-night","19":"product_tag-night-landscape","20":"product_tag-night-light","21":"product_tag-night-scene","22":"product_tag-street-sign","23":"product_tag-tree","24":"product_tag-warm-yellow","25":"product_shipping_class-art-small","26":"pa_size-s","28":"entry","29":"has-media","31":"first","32":"instock","33":"sold-individually","34":"taxable","35":"shipping-taxable","36":"purchasable","37":"product-type-simple","38":"has-product-nav","39":"col","40":"span_1_of_4","41":"owp-content-center","42":"owp-thumbs-layout-horizontal","43":"owp-btn-normal","44":"owp-tabs-layout-horizontal"},"acf":[],"_links":{"self":[{"href":"https:\/\/artletshop.com\/hr\/wp-json\/wp\/v2\/product\/1779","targetHints":{"allow":["GET"]}}],"collection":[{"href":"https:\/\/artletshop.com\/hr\/wp-json\/wp\/v2\/product"}],"about":[{"href":"https:\/\/artletshop.com\/hr\/wp-json\/wp\/v2\/types\/product"}],"replies":[{"embeddable":true,"href":"https:\/\/artletshop.com\/hr\/wp-json\/wp\/v2\/comments?post=1779"}],"wp:featuredmedia":[{"embeddable":true,"href":"https:\/\/artletshop.com\/hr\/wp-json\/wp\/v2\/media\/1790"}],"wp:attachment":[{"href":"https:\/\/artletshop.com\/hr\/wp-json\/wp\/v2\/media?parent=1779"}],"wp:term":[{"taxonomy":"product_brand","embeddable":true,"href":"https:\/\/artletshop.com\/hr\/wp-json\/wp\/v2\/product_brand?post=1779"},{"taxonomy":"product_cat","embeddable":true,"href":"https:\/\/artletshop.com\/hr\/wp-json\/wp\/v2\/product_cat?post=1779"},{"taxonomy":"product_tag","embeddable":true,"href":"https:\/\/artletshop.com\/hr\/wp-json\/wp\/v2\/product_tag?post=1779"}],"curies":[{"name":"wp","href":"https:\/\/api.w.org\/{rel}","templated":true}]}}