{"id":1913,"date":"2026-02-11T20:37:08","date_gmt":"2026-02-11T20:37:08","guid":{"rendered":"https:\/\/artletshop.com\/?post_type=product&#038;p=1913"},"modified":"2026-03-04T15:56:18","modified_gmt":"2026-03-04T14:56:18","slug":"mussels","status":"publish","type":"product","link":"https:\/\/artletshop.com\/hr\/proizvod\/mussels\/","title":{"rendered":"Mussels"},"content":{"rendered":"<blockquote><p>Inspired by colorful Mediterranean cuisine, \u201cMussels\u201d bursts with bold, expressive strokes and blazing yellow accents against dense black forms. The painting is wild, energetic, and alive, turning the humble black mussel into a dramatic explosion of colour and movement.<\/p><\/blockquote>\n<ul>\n<li>Umjetnik: mag. art. Vjeran \u010cengi\u0107 (Hrvatska)<\/li>\n<li>Signature: signed \u201cV. Cengic\u201d lower left on the front and verso.<\/li>\n<li>Original Title: Mussels<\/li>\n<li>Collection: \u201cNotitia intuitiva series\u201d<\/li>\n<li>Date: 2018.<\/li>\n<li>Theme: Mussels, SeaFood, Food, Mediterranean, Adriatic<\/li>\n<li>Genre: Figurative Expressionism<\/li>\n<li>Media: Oil on linen canvas<\/li>\n<li>Dimensions:\u00a060 x 50 x 2 cm \/ <span class=\"sc-j0a86b-0 giaQUS\" data-type=\"dimensions\">23.6<\/span><span class=\"sc-j0a86b-0 giaQUS\" data-type=\"dimensions\"> W x 19.7 H x 0.8 D in<\/span><\/li>\n<li>Pakiranje: Djelo se \u0161alje u \u010dvrstoj kartonskoj kutiji, u skladu s me\u0111unarodnim standardima za transport umjetnina.<\/li>\n<li>Originalno, jedinstveno umjetni\u010dko djelo<\/li>\n<li>Autenti\u010dnost: Uklju\u010den autorski certifikat o autenti\u010dnosti<\/li>\n<li>Spremno za postavljanje na zid: Da<\/li>\n<li>Okvir: Nije uokvireno<\/li>\n<li>Styles: Contemporary Figuration, Expressionism, Colourism, Abstraction<\/li>\n<li>Tro\u0161ak dostave:\u00a0<strong data-start=\"385\" data-end=\"417\">Tro\u0161kovi dostave nisu uklju\u010deni. <\/strong><strong data-start=\"422\" data-end=\"493\">Cijene ne uklju\u010duju PDV; PDV \u0107e se obra\u010dunati pri naplati, gdje je primjenjivo.<\/strong><\/li>\n<li>\u0160alje se iz: Izravno iz na\u0161eg atelijera u Zagrebu, Hrvatska (EU)<\/li>\n<li>Rok isporuke: U pravilu 5 do 7 radnih dana za po\u0161iljke unutar Hrvatske te 10 do 14 radnih dana za me\u0111unarodne po\u0161iljke.<\/li>\n<li>Carina: Djelo uklju\u010duje registrirani certifikat o vlasni\u0161tvu izdan u Ministarstvu kulture Republike Hrvatske, \u010dime se osigurava uredno carinjenje i izbjegavaju nepotrebna zadr\u017eavanja po\u0161iljke.<\/li>\n<\/ul>\n<p>Ova slika je naslikana na pamu\u010dnom platnu te dolazi s <strong>instaliranim \u201ckrokodil\u201d nosa\u010dem<\/strong> na stra\u017enjoj strani, \u0161to omogu\u0107uje jednostavno i sigurno postavljanje na zid.<br \/>\nRubovi platna su potpuno oslikani, \u0161to omogu\u0107uje izlaganje bez okvira ili uokviravanje u tzv. \u201cfloating\u201d okvir.<\/p>\n<p>Djelo se \u0161alje pa\u017eljivo zapakirano u \u010dvrstoj kartonskoj kutiji, u skladu s <strong>me\u0111unarodnim standardima za transport umjetnina,<\/strong> kako bi se osigurala sigurna dostava.<\/p>\n<p>Ova umjetnina je <strong>originalno, jedinstveno<\/strong> <strong>djelo <\/strong>naslikano na platnu od strane mag. art. <strong>Vjeran \u010cengi\u0107<\/strong> i dolazi<strong>s<\/strong>autorovim <strong>certifikatom autenti\u010dnosti<\/strong>.<\/p>","protected":false},"excerpt":{"rendered":"<blockquote><p>Inspired by colorful Mediterranean cuisine, \u201cMussels\u201d bursts with bold, expressive strokes and blazing yellow accents against dense black forms. The painting is wild, energetic, and alive, turning the humble black mussel into a dramatic explosion of colour and movement.<\/p><\/blockquote>\n<ul>\n<li>Umjetnik: mag. art. Vjeran \u010cengi\u0107 (Hrvatska)<\/li>\n<li>Signature: signed \u201cV. Cengic\u201d lower left on the front and verso.<\/li>\n<li>Original Title: Mussels<\/li>\n<li>Date: 2018.<\/li>\n<li>Media: Oil on linen canvas<\/li>\n<li>Dimensions:\u00a060 x 50 x 2 cm \/ <span class=\"sc-j0a86b-0 giaQUS\" data-type=\"dimensions\">23.6<\/span><span class=\"sc-j0a86b-0 giaQUS\" data-type=\"dimensions\"> W x 19.7 H x 0.8 D in<\/span><\/li>\n<li>Pakiranje: Djelo se \u0161alje u \u010dvrstoj kartonskoj kutiji, u skladu s me\u0111unarodnim standardima za transport umjetnina.<\/li>\n<li>Originalno, jedinstveno umjetni\u010dko djelo<\/li>\n<li>Autenti\u010dnost: Uklju\u010den autorski certifikat o autenti\u010dnosti<\/li>\n<li>Spremno za postavljanje na zid: Da<\/li>\n<li>Okvir: Nije uokvireno<\/li>\n<li>Tro\u0161ak dostave:\u00a0<strong data-start=\"385\" data-end=\"417\">Tro\u0161kovi dostave nisu uklju\u010deni. <\/strong><strong data-start=\"422\" data-end=\"493\">Cijene ne uklju\u010duju PDV; PDV \u0107e se obra\u010dunati pri naplati, gdje je primjenjivo.<\/strong><\/li>\n<li>\u0160alje se iz: Izravno iz na\u0161eg atelijera u Zagrebu, Hrvatska (EU)<\/li>\n<li>Rok isporuke: U pravilu 5 do 7 radnih dana za po\u0161iljke unutar Hrvatske te 10 do 14 radnih dana za me\u0111unarodne po\u0161iljke.<\/li>\n<li>Carina: Djelo uklju\u010duje registrirani certifikat o vlasni\u0161tvu izdan u Ministarstvu kulture Republike Hrvatske, \u010dime se osigurava uredno carinjenje i izbjegavaju nepotrebna zadr\u017eavanja po\u0161iljke.<\/li>\n<\/ul>\n<p>Ova slika je naslikana na pamu\u010dnom platnu te dolazi s <strong>instaliranim \u201ckrokodil\u201d nosa\u010dem<\/strong> na stra\u017enjoj strani, \u0161to omogu\u0107uje jednostavno i sigurno postavljanje na zid.<br \/>\nRubovi platna su potpuno oslikani, \u0161to omogu\u0107uje izlaganje bez okvira ili uokviravanje u tzv. \u201cfloating\u201d okvir.<\/p>\n<p>Djelo se \u0161alje pa\u017eljivo zapakirano u \u010dvrstoj kartonskoj kutiji, u skladu s <strong>me\u0111unarodnim standardima za transport umjetnina,<\/strong> kako bi se osigurala sigurna dostava.<\/p>\n<p>Ova umjetnina je <strong>originalno, jedinstveno<\/strong> <strong>djelo <\/strong>naslikano na platnu od strane mag. art. <strong>Vjeran \u010cengi\u0107<\/strong> i dolazi<strong>s<\/strong>autorovim <strong>certifikatom autenti\u010dnosti<\/strong>.<\/p>","protected":false},"featured_media":1897,"comment_status":"open","ping_status":"closed","template":"","meta":{"_acf_changed":false,"qubely_global_settings":"","qubely_interactions":"","ocean_post_layout":"","ocean_both_sidebars_style":"","ocean_both_sidebars_content_width":0,"ocean_both_sidebars_sidebars_width":0,"ocean_sidebar":"0","ocean_second_sidebar":"0","ocean_disable_margins":"enable","ocean_add_body_class":"","ocean_shortcode_before_top_bar":"","ocean_shortcode_after_top_bar":"","ocean_shortcode_before_header":"","ocean_shortcode_after_header":"","ocean_has_shortcode":"","ocean_shortcode_after_title":"","ocean_shortcode_before_footer_widgets":"","ocean_shortcode_after_footer_widgets":"","ocean_shortcode_before_footer_bottom":"","ocean_shortcode_after_footer_bottom":"","ocean_display_top_bar":"default","ocean_display_header":"default","ocean_header_style":"","ocean_center_header_left_menu":"0","ocean_custom_header_template":"0","ocean_custom_logo":0,"ocean_custom_retina_logo":0,"ocean_custom_logo_max_width":0,"ocean_custom_logo_tablet_max_width":0,"ocean_custom_logo_mobile_max_width":0,"ocean_custom_logo_max_height":0,"ocean_custom_logo_tablet_max_height":0,"ocean_custom_logo_mobile_max_height":0,"ocean_header_custom_menu":"0","ocean_menu_typo_font_family":"0","ocean_menu_typo_font_subset":"","ocean_menu_typo_font_size":0,"ocean_menu_typo_font_size_tablet":0,"ocean_menu_typo_font_size_mobile":0,"ocean_menu_typo_font_size_unit":"px","ocean_menu_typo_font_weight":"","ocean_menu_typo_font_weight_tablet":"","ocean_menu_typo_font_weight_mobile":"","ocean_menu_typo_transform":"","ocean_menu_typo_transform_tablet":"","ocean_menu_typo_transform_mobile":"","ocean_menu_typo_line_height":0,"ocean_menu_typo_line_height_tablet":0,"ocean_menu_typo_line_height_mobile":0,"ocean_menu_typo_line_height_unit":"","ocean_menu_typo_spacing":0,"ocean_menu_typo_spacing_tablet":0,"ocean_menu_typo_spacing_mobile":0,"ocean_menu_typo_spacing_unit":"","ocean_menu_link_color":"","ocean_menu_link_color_hover":"","ocean_menu_link_color_active":"","ocean_menu_link_background":"","ocean_menu_link_hover_background":"","ocean_menu_link_active_background":"","ocean_menu_social_links_bg":"","ocean_menu_social_hover_links_bg":"","ocean_menu_social_links_color":"","ocean_menu_social_hover_links_color":"","ocean_disable_title":"default","ocean_disable_heading":"default","ocean_post_title":"","ocean_post_subheading":"","ocean_post_title_style":"","ocean_post_title_background_color":"","ocean_post_title_background":0,"ocean_post_title_bg_image_position":"","ocean_post_title_bg_image_attachment":"","ocean_post_title_bg_image_repeat":"","ocean_post_title_bg_image_size":"","ocean_post_title_height":0,"ocean_post_title_bg_overlay":0.5,"ocean_post_title_bg_overlay_color":"","ocean_disable_breadcrumbs":"default","ocean_breadcrumbs_color":"","ocean_breadcrumbs_separator_color":"","ocean_breadcrumbs_links_color":"","ocean_breadcrumbs_links_hover_color":"","ocean_display_footer_widgets":"default","ocean_display_footer_bottom":"default","ocean_custom_footer_template":"0"},"product_brand":[145],"product_cat":[22,17,60,15,19],"product_tag":[575,93,573,574,572,132],"class_list":{"0":"post-1913","1":"product","2":"type-product","3":"status-publish","4":"has-post-thumbnail","6":"product_brand-vjeran-cengic","7":"product_cat-animals","8":"product_cat-figurative","9":"product_cat-nature-figurative","10":"product_cat-paintings","11":"product_cat-still-life","12":"product_tag-adriatic-art","13":"product_tag-cengic-vjeran","14":"product_tag-food","15":"product_tag-mediterranean-cuisine-art","16":"product_tag-mussels","17":"product_tag-painting-on-canvas","18":"product_shipping_class-art-small","19":"pa_size-m","21":"entry","22":"has-media","24":"first","25":"instock","26":"sold-individually","27":"taxable","28":"shipping-taxable","29":"purchasable","30":"product-type-simple","31":"has-product-nav","32":"col","33":"span_1_of_4","34":"owp-content-center","35":"owp-thumbs-layout-horizontal","36":"owp-btn-normal","37":"owp-tabs-layout-horizontal"},"acf":[],"_links":{"self":[{"href":"https:\/\/artletshop.com\/hr\/wp-json\/wp\/v2\/product\/1913","targetHints":{"allow":["GET"]}}],"collection":[{"href":"https:\/\/artletshop.com\/hr\/wp-json\/wp\/v2\/product"}],"about":[{"href":"https:\/\/artletshop.com\/hr\/wp-json\/wp\/v2\/types\/product"}],"replies":[{"embeddable":true,"href":"https:\/\/artletshop.com\/hr\/wp-json\/wp\/v2\/comments?post=1913"}],"wp:featuredmedia":[{"embeddable":true,"href":"https:\/\/artletshop.com\/hr\/wp-json\/wp\/v2\/media\/1897"}],"wp:attachment":[{"href":"https:\/\/artletshop.com\/hr\/wp-json\/wp\/v2\/media?parent=1913"}],"wp:term":[{"taxonomy":"product_brand","embeddable":true,"href":"https:\/\/artletshop.com\/hr\/wp-json\/wp\/v2\/product_brand?post=1913"},{"taxonomy":"product_cat","embeddable":true,"href":"https:\/\/artletshop.com\/hr\/wp-json\/wp\/v2\/product_cat?post=1913"},{"taxonomy":"product_tag","embeddable":true,"href":"https:\/\/artletshop.com\/hr\/wp-json\/wp\/v2\/product_tag?post=1913"}],"curies":[{"name":"wp","href":"https:\/\/api.w.org\/{rel}","templated":true}]}}