{"id":2351,"date":"2026-03-02T19:51:55","date_gmt":"2026-03-02T18:51:55","guid":{"rendered":"https:\/\/artletshop.com\/?post_type=product&#038;p=2351"},"modified":"2026-03-03T17:34:56","modified_gmt":"2026-03-03T16:34:56","slug":"rana-dalmatina","status":"publish","type":"product","link":"https:\/\/artletshop.com\/hr\/proizvod\/rana-dalmatina\/","title":{"rendered":"Rana Dalmatina"},"content":{"rendered":"<blockquote><p><strong data-start=\"58\" data-end=\"150\">Rana Dalmatina <\/strong>Hand-Finished <strong>limitirano izdana skulptura od lijevanog materijala<\/strong> nadahnuta dalmatinskom \u0161umskom \u017eabom, slavi tihu zadivljenost prirodom i njezinu nenametljivu \u010dudesnost. S ljubavlju izlivena, bri\u017eljivo ru\u010dno dovr\u0161ena i oslikana rukom akademskog umjetnika Vjerana \u010cengi\u0107a, skulptura utjelovljuje nje\u017ean duh i suptilnu ljepotu ove \u0161umske stanovnice.  Ostvarena u ograni\u010denom izdanju, predstavlja rijedak i intiman umjetni\u010dki predmet koji u svaki prostor unosi toplinu, znati\u017eelju i da\u0161ak \u010darolije.<\/p><\/blockquote>\n<ul>\n<li>Umjetnik: mag. art. Vjeran \u010cengi\u0107 <a class=\"x1i10hfl xjbqb8w x1ejq31n x18oe1m7 x1sy0etr xstzfhl x972fbf x10w94by x1qhh985 x14e42zd x9f619 x1ypdohk xt0psk2 x3ct3a4 xdj266r x14z9mp xat24cr x1lziwak xexx8yu xyri2b x18d9i69 x1c1uobl x16tdsg8 x1hl2dhg xggy1nq x1a2a7pz notranslate _a6hd\" tabindex=\"0\" role=\"link\" href=\"https:\/\/www.instagram.com\/mitzek\/\">@mitzek<\/a>\u00a0\/ (Hrv.)<\/li>\n<li>Potpis: nije potpisano, dolazi<strong>s<\/strong>autorovim <strong>certifikatom autenti\u010dnosti<\/strong><\/li>\n<li>Original Title: Rana Dalmatina<\/li>\n<li>Collection: \u201cSculptural Fauna\u201d<\/li>\n<li>Godina nastanka: 2024.<\/li>\n<li>Theme: Nature, Animal, Frog, Forest Frog<\/li>\n<li>Genre: Contemporary Animal Sculpture<\/li>\n<li>Materijal: \u010dvrsti polimer s vi\u0161e slojeva glazura, boje i laka<\/li>\n<li>Dimenzije:\u00a018 x 17 x 7 cm \/ <span class=\"sc-j0a86b-0 giaQUS\" data-type=\"dimensions\">7.09 in L x <span class=\"mord text\"><span class=\"mord\">6.69 in<\/span><\/span> W x <\/span>2.76 in<span class=\"sc-j0a86b-0 giaQUS\" data-type=\"dimensions\"> H<\/span><\/li>\n<li><span class=\"sc-j0a86b-0 giaQUS\" data-type=\"dimensions\">Te\u017eina:\u00a0 0.8 kg \u2248 1.76 lb<\/span><\/li>\n<li>Pakiranje: Dostavlja se u kartonskoj kutiji<\/li>\n<li>Limitirano izdana, ru\u010dna dovr\u0161ena skulptura od lijevanog materijala<\/li>\n<li>Autenti\u010dnost: Uklju\u010den autorski certifikat o autenti\u010dnosti<\/li>\n<li>Styles: Contemporary Figuration, Animalistic, Naturalistic<\/li>\n<li>Tro\u0161ak dostave:\u00a0<strong data-start=\"385\" data-end=\"417\">Tro\u0161kovi dostave nisu uklju\u010deni. <\/strong><strong data-start=\"422\" data-end=\"493\">Cijene ne uklju\u010duju PDV; PDV \u0107e se obra\u010dunati pri naplati, gdje je primjenjivo.<\/strong><\/li>\n<li>Rok isporuke: U pravilu 5 do 7 radnih dana za po\u0161iljke unutar Hrvatske te 10 do 14 radnih dana za me\u0111unarodne po\u0161iljke.<\/li>\n<li>\u0160alje se iz: Izravno iz na\u0161eg atelijera u Zagrebu, Hrvatska (EU)<\/li>\n<\/ul>\n<p>Ovo umjetni\u010dko djelo u limitiranom izdanju ru\u010dno je oslikana i ru\u010dno dovr\u0161ena skulptura od lijevanog materijala, koju je izradio mag. art. <strong>Vjeran \u010cengi\u0107<\/strong> i dolazi<strong>s<\/strong>autorovim <strong>certifikatom autenti\u010dnosti<\/strong>.<\/p>\n<p>Dostava: Skulptura \u0107e biti poslana u \u010dvrstoj kartonskoj kutiji, kako bi se osigurala njezina sigurna isporuka.<\/p>\n<p>Skulptura je izra\u0111ena lijevanjem od polimernog materijala visoke \u010dvrsto\u0107e prema originalnom kalupu, a potom ru\u010dno dovr\u0161ena i oslikana.<\/p>","protected":false},"excerpt":{"rendered":"<blockquote><p><strong data-start=\"58\" data-end=\"150\">Rana Dalmatina <\/strong>Hand-Finished <strong>limitirano izdana skulptura od lijevanog materijala<\/strong> nadahnuta dalmatinskom \u0161umskom \u017eabom, slavi tihu zadivljenost prirodom i njezinu nenametljivu \u010dudesnost. S ljubavlju izlivena, bri\u017eljivo ru\u010dno dovr\u0161ena i oslikana rukom akademskog umjetnika Vjerana \u010cengi\u0107a, skulptura utjelovljuje nje\u017ean duh i suptilnu ljepotu ove \u0161umske stanovnice.  Ostvarena u ograni\u010denom izdanju, predstavlja rijedak i intiman umjetni\u010dki predmet koji u svaki prostor unosi toplinu, znati\u017eelju i da\u0161ak \u010darolije.<\/p><\/blockquote>\n<ul>\n<li>Umjetnik: mag. art. Vjeran \u010cengi\u0107 (Hrvatska)<\/li>\n<li>Original Title: Rana Dalmatina<\/li>\n<li>Godina nastanka: 2024.<\/li>\n<li>Materijal: \u010dvrsti polimer s vi\u0161e slojeva glazura, boje i laka<\/li>\n<li>Dimensions: 18 x 17 x 7 cm \/ <span class=\"sc-j0a86b-0 giaQUS\" data-type=\"dimensions\">7.09 in L x <span class=\"mord text\"><span class=\"mord\">6.69 in<\/span><\/span> W x <\/span>2.76 in<span class=\"sc-j0a86b-0 giaQUS\" data-type=\"dimensions\"> H<\/span><\/li>\n<li>Pakiranje: Dostavlja se u kartonskoj kutiji<\/li>\n<li>Limitirano izdana, ru\u010dna dovr\u0161ena skulptura od lijevanog materijala<\/li>\n<li>Tro\u0161ak dostave:\u00a0<strong data-start=\"385\" data-end=\"417\">Tro\u0161kovi dostave nisu uklju\u010deni. <\/strong><strong data-start=\"422\" data-end=\"493\">Cijene ne uklju\u010duju PDV; PDV \u0107e se obra\u010dunati pri naplati, gdje je primjenjivo.<\/strong><\/li>\n<li>Rok isporuke: U pravilu 5 do 7 radnih dana za po\u0161iljke unutar Hrvatske te 10 do 14 radnih dana za me\u0111unarodne po\u0161iljke.<\/li>\n<li>\u0160alje se iz: Izravno iz na\u0161eg atelijera u Zagrebu, Hrvatska (EU)<\/li>\n<\/ul>\n<p>Ovo umjetni\u010dko djelo u limitiranom izdanju ru\u010dno je oslikana i ru\u010dno dovr\u0161ena skulptura od lijevanog materijala, koju je izradio mag. art. <strong>Vjeran \u010cengi\u0107<\/strong> i dolazi<strong>s<\/strong>autorovim <strong>certifikatom autenti\u010dnosti<\/strong>.<\/p>\n<p><strong><em>\u2193\u00a0 <\/em><em>\u00a0Pro\u010ditajte cijeli opis \/ detalje ni\u017ee.\u00a0<\/em><em> \u00a0\u2193<\/em><\/strong><\/p>","protected":false},"featured_media":2314,"comment_status":"open","ping_status":"closed","template":"","meta":{"_acf_changed":false,"qubely_global_settings":"","qubely_interactions":"","ocean_post_layout":"","ocean_both_sidebars_style":"","ocean_both_sidebars_content_width":0,"ocean_both_sidebars_sidebars_width":0,"ocean_sidebar":"0","ocean_second_sidebar":"0","ocean_disable_margins":"enable","ocean_add_body_class":"","ocean_shortcode_before_top_bar":"","ocean_shortcode_after_top_bar":"","ocean_shortcode_before_header":"","ocean_shortcode_after_header":"","ocean_has_shortcode":"","ocean_shortcode_after_title":"","ocean_shortcode_before_footer_widgets":"","ocean_shortcode_after_footer_widgets":"","ocean_shortcode_before_footer_bottom":"","ocean_shortcode_after_footer_bottom":"","ocean_display_top_bar":"default","ocean_display_header":"default","ocean_header_style":"","ocean_center_header_left_menu":"0","ocean_custom_header_template":"0","ocean_custom_logo":0,"ocean_custom_retina_logo":0,"ocean_custom_logo_max_width":0,"ocean_custom_logo_tablet_max_width":0,"ocean_custom_logo_mobile_max_width":0,"ocean_custom_logo_max_height":0,"ocean_custom_logo_tablet_max_height":0,"ocean_custom_logo_mobile_max_height":0,"ocean_header_custom_menu":"0","ocean_menu_typo_font_family":"0","ocean_menu_typo_font_subset":"","ocean_menu_typo_font_size":0,"ocean_menu_typo_font_size_tablet":0,"ocean_menu_typo_font_size_mobile":0,"ocean_menu_typo_font_size_unit":"px","ocean_menu_typo_font_weight":"","ocean_menu_typo_font_weight_tablet":"","ocean_menu_typo_font_weight_mobile":"","ocean_menu_typo_transform":"","ocean_menu_typo_transform_tablet":"","ocean_menu_typo_transform_mobile":"","ocean_menu_typo_line_height":0,"ocean_menu_typo_line_height_tablet":0,"ocean_menu_typo_line_height_mobile":0,"ocean_menu_typo_line_height_unit":"","ocean_menu_typo_spacing":0,"ocean_menu_typo_spacing_tablet":0,"ocean_menu_typo_spacing_mobile":0,"ocean_menu_typo_spacing_unit":"","ocean_menu_link_color":"","ocean_menu_link_color_hover":"","ocean_menu_link_color_active":"","ocean_menu_link_background":"","ocean_menu_link_hover_background":"","ocean_menu_link_active_background":"","ocean_menu_social_links_bg":"","ocean_menu_social_hover_links_bg":"","ocean_menu_social_links_color":"","ocean_menu_social_hover_links_color":"","ocean_disable_title":"default","ocean_disable_heading":"default","ocean_post_title":"","ocean_post_subheading":"","ocean_post_title_style":"","ocean_post_title_background_color":"","ocean_post_title_background":0,"ocean_post_title_bg_image_position":"","ocean_post_title_bg_image_attachment":"","ocean_post_title_bg_image_repeat":"","ocean_post_title_bg_image_size":"","ocean_post_title_height":0,"ocean_post_title_bg_overlay":0.5,"ocean_post_title_bg_overlay_color":"","ocean_disable_breadcrumbs":"default","ocean_breadcrumbs_color":"","ocean_breadcrumbs_separator_color":"","ocean_breadcrumbs_links_color":"","ocean_breadcrumbs_links_hover_color":"","ocean_display_footer_widgets":"default","ocean_display_footer_bottom":"default","ocean_custom_footer_template":"0"},"product_brand":[145],"product_cat":[512],"product_tag":[284,93,514,546,631,513,517],"class_list":{"0":"post-2351","1":"product","2":"type-product","3":"status-publish","4":"has-post-thumbnail","6":"product_brand-vjeran-cengic","7":"product_cat-sculptures","8":"product_tag-animal","9":"product_tag-cengic-vjeran","10":"product_tag-frog","11":"product_tag-limited-edition-sculpture","12":"product_tag-rana-dalmatina","13":"product_tag-sculpture","14":"product_tag-zaba","15":"product_shipping_class-art-small","16":"pa_size-xs","18":"entry","19":"has-media","21":"first","22":"instock","23":"sold-individually","24":"taxable","25":"shipping-taxable","26":"purchasable","27":"product-type-simple","28":"has-product-nav","29":"col","30":"span_1_of_4","31":"owp-content-center","32":"owp-thumbs-layout-horizontal","33":"owp-btn-normal","34":"owp-tabs-layout-horizontal"},"acf":[],"_links":{"self":[{"href":"https:\/\/artletshop.com\/hr\/wp-json\/wp\/v2\/product\/2351","targetHints":{"allow":["GET"]}}],"collection":[{"href":"https:\/\/artletshop.com\/hr\/wp-json\/wp\/v2\/product"}],"about":[{"href":"https:\/\/artletshop.com\/hr\/wp-json\/wp\/v2\/types\/product"}],"replies":[{"embeddable":true,"href":"https:\/\/artletshop.com\/hr\/wp-json\/wp\/v2\/comments?post=2351"}],"wp:featuredmedia":[{"embeddable":true,"href":"https:\/\/artletshop.com\/hr\/wp-json\/wp\/v2\/media\/2314"}],"wp:attachment":[{"href":"https:\/\/artletshop.com\/hr\/wp-json\/wp\/v2\/media?parent=2351"}],"wp:term":[{"taxonomy":"product_brand","embeddable":true,"href":"https:\/\/artletshop.com\/hr\/wp-json\/wp\/v2\/product_brand?post=2351"},{"taxonomy":"product_cat","embeddable":true,"href":"https:\/\/artletshop.com\/hr\/wp-json\/wp\/v2\/product_cat?post=2351"},{"taxonomy":"product_tag","embeddable":true,"href":"https:\/\/artletshop.com\/hr\/wp-json\/wp\/v2\/product_tag?post=2351"}],"curies":[{"name":"wp","href":"https:\/\/api.w.org\/{rel}","templated":true}]}}