{"id":311,"date":"2020-05-09T17:17:46","date_gmt":"2020-05-09T17:17:46","guid":{"rendered":"https:\/\/artletshop.com\/?post_type=product&#038;p=311"},"modified":"2026-03-04T21:13:17","modified_gmt":"2026-03-04T20:13:17","slug":"trip-to-plitvice-lakes-national-park","status":"publish","type":"product","link":"https:\/\/artletshop.com\/hr\/proizvod\/trip-to-plitvice-lakes-national-park\/","title":{"rendered":"Trip to Plitvice Lakes National Park"},"content":{"rendered":"<blockquote><p>Turquoise color is best used to increase intuition and sensitivity. It Works to relax sensations of stress. This soothing painting captures the turquoise color of the Plitvice National Park lakes water and the sky that meets it.<br \/>\nTurquoise opens you upward and outward with boundless, endless and border-less skies.<br \/>\nA color for non-triviality, it strengthens a feeling of being renewed, stimulates innovation and inventions, allowing one to further progressive abilities with great confidence.<\/p><\/blockquote>\n<ul>\n<li>Umjetnik: mag. art. Vjeran \u010cengi\u0107 <a class=\"x1i10hfl xjbqb8w x1ejq31n x18oe1m7 x1sy0etr xstzfhl x972fbf x10w94by x1qhh985 x14e42zd x9f619 x1ypdohk xt0psk2 x3ct3a4 xdj266r x14z9mp xat24cr x1lziwak xexx8yu xyri2b x18d9i69 x1c1uobl x16tdsg8 x1hl2dhg xggy1nq x1a2a7pz notranslate _a6hd\" tabindex=\"0\" role=\"link\" href=\"https:\/\/www.instagram.com\/mitzek\/\">@mitzek<\/a>\u00a0\/ (Hrv.)<\/li>\n<li>Signature: signed lower right on the front and on the back<\/li>\n<li>Original Title: Trip to Plitvice Lakes National Park<\/li>\n<li>Collection: \u201cNotitia Intuitiva series\u201d<\/li>\n<li>Date: 2018.<\/li>\n<li>Theme: Still life, Fish, Nature<\/li>\n<li>\u017danr: Figuracija<\/li>\n<li>Media: Mixed media, acrylic and oil on canvas<\/li>\n<li>Dimensions: 90 x 80 x 2 cm ( 35.4 in W x 31.5 in H x 0.8 in D )\/ polyptych, composed of of 6 cotton canvases (each canvas is 30 x 40 cm)<\/li>\n<li>Pakiranje: Djelo se \u0161alje u \u010dvrstoj kartonskoj kutiji, u skladu s me\u0111unarodnim standardima za transport umjetnina.<\/li>\n<li>Originalno, jedinstveno umjetni\u010dko djelo<\/li>\n<li>Autenti\u010dnost: Uklju\u010den autorski certifikat o autenti\u010dnosti<\/li>\n<li>Spremno za postavljanje na zid: Da<\/li>\n<li>Okvir: Nije uokvireno<\/li>\n<li>Styles: Contemporary Figuration, Neo-Figurative Art, Symbolism, Figurative Expressionism, Neo Impressionism<\/li>\n<li>Tro\u0161ak dostave:\u00a0<strong>Tro\u0161kovi dostave nisu uklju\u010deni. Prikazane cijene su bez PDV-a; pripadaju\u0107i tro\u0161kovi dostave i PDV obra\u010dunavaju se pri naplati gdje je primjenjivo.<\/strong><\/li>\n<li>\u0160alje se iz: Izravno iz na\u0161eg atelijera u Zagrebu, Hrvatska (EU)<\/li>\n<li>Rok isporuke: U pravilu 5 do 7 radnih dana za po\u0161iljke unutar Hrvatske te 10 do 14 radnih dana za me\u0111unarodne po\u0161iljke.<\/li>\n<li>Carina: Djelo uklju\u010duje registrirani certifikat o vlasni\u0161tvu izdan u Ministarstvu kulture Republike Hrvatske, \u010dime se osigurava uredno carinjenje i izbjegavaju nepotrebna zadr\u017eavanja po\u0161iljke.<\/li>\n<\/ul>\n<p><strong>Trip to Plitvice Lakes National Park<\/strong> is a original handpainted polyptych painting, composed of of 6 cotton canvases ( size of each canvas is 40 x 30 cm ), in total 90 x 80 cm, mounted on the 4 mm thick hardboard.<\/p>\n<p>Ova slika je naslikana na pamu\u010dnom platnu te dolazi s <strong>instaliranim \u201ckrokodil\u201d nosa\u010dem<\/strong> na stra\u017enjoj strani, \u0161to omogu\u0107uje jednostavno i sigurno postavljanje na zid.<br \/>\nRubovi platna su potpuno oslikani, \u0161to omogu\u0107uje izlaganje bez okvira ili uokviravanje u tzv. \u201cfloating\u201d okvir.<\/p>\n<p>Djelo se \u0161alje pa\u017eljivo zapakirano u \u010dvrstoj kartonskoj kutiji, u skladu s <strong>me\u0111unarodnim standardima za transport umjetnina,<\/strong> kako bi se osigurala sigurna dostava.<\/p>\n<p>Ova umjetnina je <strong>originalno, jedinstveno<\/strong> <strong>djelo <\/strong>piece painted on canvas made by mag. art. Vjeran Cengic and it comes with an author<strong>s<\/strong>autorovim <strong>certifikatom autenti\u010dnosti<\/strong>.<\/p>","protected":false},"excerpt":{"rendered":"<blockquote><p>Turquoise color is best used to increase intuition and sensitivity. It Works to relax sensations of stress. This soothing painting captures the turquoise color of the Plitvice National Park lakes water and the sky that meets it.<br \/>\nTurquoise opens you upward and outward with boundless, endless and border-less skies.<br \/>\nA color for non-triviality, it strengthens a feeling of being renewed, stimulates innovation and inventions, allowing one to further progressive abilities with great confidence.<\/p><\/blockquote>\n<ul>\n<li>Umjetnik: mag. art. Vjeran \u010cengi\u0107 <a class=\"x1i10hfl xjbqb8w x1ejq31n x18oe1m7 x1sy0etr xstzfhl x972fbf x10w94by x1qhh985 x14e42zd x9f619 x1ypdohk xt0psk2 x3ct3a4 xdj266r x14z9mp xat24cr x1lziwak xexx8yu xyri2b x18d9i69 x1c1uobl x16tdsg8 x1hl2dhg xggy1nq x1a2a7pz notranslate _a6hd\" tabindex=\"0\" role=\"link\" href=\"https:\/\/www.instagram.com\/mitzek\/\">@mitzek<\/a>\u00a0\/ (Hrv.)<\/li>\n<li>Signature: signed lower right on the front and on the back<\/li>\n<li>Original Title: Trip to Plitvice Lakes National Park<\/li>\n<li>Date: 2018.<\/li>\n<li>Media: Mixed media, acrylic and oil on canvas<\/li>\n<li>Dimensions: 90 x 80 x 2 cm ( 35.4 in W x 31.5 in H x 0.8 in D )\/ polyptych, composed of of 6 cotton canvases (each canvas is 30 x 40 cm)<\/li>\n<li>Pakiranje: Djelo se \u0161alje u \u010dvrstoj kartonskoj kutiji, u skladu s me\u0111unarodnim standardima za transport umjetnina.<\/li>\n<li>Originalno, jedinstveno umjetni\u010dko djelo<\/li>\n<li>Autenti\u010dnost: Uklju\u010den autorski certifikat o autenti\u010dnosti<\/li>\n<li>Spremno za postavljanje na zid: Da<\/li>\n<li>Tro\u0161ak dostave:\u00a0<strong>Tro\u0161kovi dostave nisu uklju\u010deni. Prikazane cijene su bez PDV-a; pripadaju\u0107i tro\u0161kovi dostave i PDV obra\u010dunavaju se pri naplati gdje je primjenjivo.<\/strong><\/li>\n<li>\u0160alje se iz: Izravno iz na\u0161eg atelijera u Zagrebu, Hrvatska (EU)<\/li>\n<li>Rok isporuke: U pravilu 5 do 7 radnih dana za po\u0161iljke unutar Hrvatske te 10 do 14 radnih dana za me\u0111unarodne po\u0161iljke.<\/li>\n<li>Carina: Djelo uklju\u010duje registrirani certifikat o vlasni\u0161tvu izdan u Ministarstvu kulture Republike Hrvatske, \u010dime se osigurava uredno carinjenje i izbjegavaju nepotrebna zadr\u017eavanja po\u0161iljke.<\/li>\n<\/ul>\n<p><strong>Trip to Plitvice Lakes National Park<\/strong> is a original handpainted polyptych painting, composed of of 6 cotton canvases ( size of each canvas is 40 x 30 cm ), in total 90 x 80 cm, mounted on the 4 mm thick hardboard. This artwork comes with a <strong>instaliranim \u201ckrokodil\u201d nosa\u010dem<\/strong> on the back for easy and secure wall mounting. The edges of the canvas are painted as well, allowing it to be displayed without a frame or placed into a floating frame. It will be shipped flat in a sturdy, well-protected cardboard box, fully compliant with <strong>me\u0111unarodnim standardima za transport umjetnina,<\/strong> kako bi se osigurala sigurna dostava.<\/p>\n<p>Ova umjetnina je <strong>originalno, jedinstveno<\/strong> <strong>art piece<\/strong> made by mag. art. <strong>Vjeran \u010cengi\u0107<\/strong> i dolazi<strong>s<\/strong>autorovim <strong>certifikatom autenti\u010dnosti<\/strong>.<\/p>","protected":false},"featured_media":302,"comment_status":"open","ping_status":"closed","template":"","meta":{"_acf_changed":false,"qubely_global_settings":"","qubely_interactions":"","ocean_post_layout":"","ocean_both_sidebars_style":"","ocean_both_sidebars_content_width":0,"ocean_both_sidebars_sidebars_width":0,"ocean_sidebar":"0","ocean_second_sidebar":"0","ocean_disable_margins":"enable","ocean_add_body_class":"","ocean_shortcode_before_top_bar":"","ocean_shortcode_after_top_bar":"","ocean_shortcode_before_header":"","ocean_shortcode_after_header":"","ocean_has_shortcode":"","ocean_shortcode_after_title":"","ocean_shortcode_before_footer_widgets":"","ocean_shortcode_after_footer_widgets":"","ocean_shortcode_before_footer_bottom":"","ocean_shortcode_after_footer_bottom":"","ocean_display_top_bar":"default","ocean_display_header":"default","ocean_header_style":"","ocean_center_header_left_menu":"0","ocean_custom_header_template":"0","ocean_custom_logo":0,"ocean_custom_retina_logo":0,"ocean_custom_logo_max_width":0,"ocean_custom_logo_tablet_max_width":0,"ocean_custom_logo_mobile_max_width":0,"ocean_custom_logo_max_height":0,"ocean_custom_logo_tablet_max_height":0,"ocean_custom_logo_mobile_max_height":0,"ocean_header_custom_menu":"0","ocean_menu_typo_font_family":"0","ocean_menu_typo_font_subset":"","ocean_menu_typo_font_size":0,"ocean_menu_typo_font_size_tablet":0,"ocean_menu_typo_font_size_mobile":0,"ocean_menu_typo_font_size_unit":"px","ocean_menu_typo_font_weight":"","ocean_menu_typo_font_weight_tablet":"","ocean_menu_typo_font_weight_mobile":"","ocean_menu_typo_transform":"","ocean_menu_typo_transform_tablet":"","ocean_menu_typo_transform_mobile":"","ocean_menu_typo_line_height":0,"ocean_menu_typo_line_height_tablet":0,"ocean_menu_typo_line_height_mobile":0,"ocean_menu_typo_line_height_unit":"","ocean_menu_typo_spacing":0,"ocean_menu_typo_spacing_tablet":0,"ocean_menu_typo_spacing_mobile":0,"ocean_menu_typo_spacing_unit":"","ocean_menu_link_color":"","ocean_menu_link_color_hover":"","ocean_menu_link_color_active":"","ocean_menu_link_background":"","ocean_menu_link_hover_background":"","ocean_menu_link_active_background":"","ocean_menu_social_links_bg":"","ocean_menu_social_hover_links_bg":"","ocean_menu_social_links_color":"","ocean_menu_social_hover_links_color":"","ocean_disable_title":"default","ocean_disable_heading":"default","ocean_post_title":"","ocean_post_subheading":"","ocean_post_title_style":"","ocean_post_title_background_color":"","ocean_post_title_background":0,"ocean_post_title_bg_image_position":"","ocean_post_title_bg_image_attachment":"","ocean_post_title_bg_image_repeat":"","ocean_post_title_bg_image_size":"","ocean_post_title_height":0,"ocean_post_title_bg_overlay":0.5,"ocean_post_title_bg_overlay_color":"","ocean_disable_breadcrumbs":"default","ocean_breadcrumbs_color":"","ocean_breadcrumbs_separator_color":"","ocean_breadcrumbs_links_color":"","ocean_breadcrumbs_links_hover_color":"","ocean_display_footer_widgets":"default","ocean_display_footer_bottom":"default","ocean_custom_footer_template":"0"},"product_brand":[145],"product_cat":[22,17,20,60,15],"product_tag":[45,42,44,43,46],"class_list":{"0":"post-311","1":"product","2":"type-product","3":"status-publish","4":"has-post-thumbnail","6":"product_brand-vjeran-cengic","7":"product_cat-animals","8":"product_cat-figurative","9":"product_cat-landscape","10":"product_cat-nature-figurative","11":"product_cat-paintings","12":"product_tag-fishes","13":"product_tag-plitvice-art","14":"product_tag-turquoise","15":"product_tag-turquoise-painting-for-sale","16":"product_tag-water","17":"product_shipping_class-art-large","18":"pa_size-l","20":"entry","21":"has-media","23":"first","24":"instock","25":"sold-individually","26":"taxable","27":"shipping-taxable","28":"purchasable","29":"product-type-simple","30":"has-product-nav","31":"col","32":"span_1_of_4","33":"owp-content-center","34":"owp-thumbs-layout-horizontal","35":"owp-btn-normal","36":"owp-tabs-layout-horizontal"},"acf":[],"_links":{"self":[{"href":"https:\/\/artletshop.com\/hr\/wp-json\/wp\/v2\/product\/311","targetHints":{"allow":["GET"]}}],"collection":[{"href":"https:\/\/artletshop.com\/hr\/wp-json\/wp\/v2\/product"}],"about":[{"href":"https:\/\/artletshop.com\/hr\/wp-json\/wp\/v2\/types\/product"}],"replies":[{"embeddable":true,"href":"https:\/\/artletshop.com\/hr\/wp-json\/wp\/v2\/comments?post=311"}],"wp:featuredmedia":[{"embeddable":true,"href":"https:\/\/artletshop.com\/hr\/wp-json\/wp\/v2\/media\/302"}],"wp:attachment":[{"href":"https:\/\/artletshop.com\/hr\/wp-json\/wp\/v2\/media?parent=311"}],"wp:term":[{"taxonomy":"product_brand","embeddable":true,"href":"https:\/\/artletshop.com\/hr\/wp-json\/wp\/v2\/product_brand?post=311"},{"taxonomy":"product_cat","embeddable":true,"href":"https:\/\/artletshop.com\/hr\/wp-json\/wp\/v2\/product_cat?post=311"},{"taxonomy":"product_tag","embeddable":true,"href":"https:\/\/artletshop.com\/hr\/wp-json\/wp\/v2\/product_tag?post=311"}],"curies":[{"name":"wp","href":"https:\/\/api.w.org\/{rel}","templated":true}]}}